{"id":110809,"date":"2025-05-18T20:56:24","date_gmt":"2025-05-18T20:56:24","guid":{"rendered":"https:\/\/staging2.stylingagenten.com\/fi\/produkt\/paco-rabanne-1-million-edt-15ml\/"},"modified":"2026-04-12T08:38:51","modified_gmt":"2026-04-12T08:38:51","slug":"paco-rabanne-1-million-edt-15ml","status":"publish","type":"product","link":"https:\/\/stylingagenten.com\/fi\/tuote\/paco-rabanne-1-million-edt-15ml\/","title":{"rendered":"Paco Rabanne 1 Million Edt 15ml"},"content":{"rendered":"<p>1 Million Paco Rabannelta on aistillinen ja maskuliininen tuoksu, jonka design on tyylik\u00e4s. Tuoksu avautuu raikkailla veriappelsiinin ja mintun vivahteilla. Pohjassa on meripihkaa ja nahkaa. R\u00e4j\u00e4ht\u00e4v\u00e4n raikas tuoksu, joka huokuu voimaa ja ylellisyytt\u00e4.<\/p>\n<p>Huippunuotit \u2013 Veriappelsiini, greippi ja minttu<br \/>\n<br \/>Keskinuotit \u2013 Ruusu, kaneli ja mausteiset vivahteet<br \/>\n<br \/>Pohjanuotit \u2013 Vaalea nahka, patchouli, meripihka ja puumaiset vivahteet<\/p>\n<p>15ml<\/p>\n","protected":false},"excerpt":{"rendered":"<p>1 Million Paco Rabannelta on aistillinen ja maskuliininen tuoksu, jonka design on tyylik\u00e4s. Tuoksu avautuu raikkailla veriappelsiinin ja mintun vivahteilla. Pohjassa on meripihkaa ja nahkaa. R\u00e4j\u00e4ht\u00e4v\u00e4n raikas tuoksu, joka huokuu voimaa ja ylellisyytt\u00e4. Huippunuotit \u2013 Veriappelsiini, greippi ja minttu Keskinuotit \u2013 Ruusu, kaneli ja mausteiset vivahteet Pohjanuotit \u2013 Vaalea nahka, patchouli, meripihka ja puumaiset vivahteet [&hellip;]<\/p>\n","protected":false},"featured_media":110805,"comment_status":"open","ping_status":"closed","template":"","meta":{"_trash_the_other_posts":false},"product_brand":[],"product_cat":[708,1000,735],"product_tag":[3736],"berocket_brand":[1048],"class_list":{"0":"post-110809","1":"product","2":"type-product","3":"status-publish","4":"has-post-thumbnail","6":"product_cat-eau-de-parfum-miesten","7":"product_cat-kampanjatarjous-miehelle","8":"product_cat-kampanjamme","9":"product_tag-paco-rabanne-1-million-edt","10":"pa_brand-paco-rabanne","11":"pa_variantti-15ml","12":"berocket_brand-paco-rabanne","14":"first","15":"instock","16":"sale","17":"taxable","18":"shipping-taxable","19":"purchasable","20":"product-type-simple"},"_links":{"self":[{"href":"https:\/\/stylingagenten.com\/fi\/wp-json\/wp\/v2\/product\/110809","targetHints":{"allow":["GET"]}}],"collection":[{"href":"https:\/\/stylingagenten.com\/fi\/wp-json\/wp\/v2\/product"}],"about":[{"href":"https:\/\/stylingagenten.com\/fi\/wp-json\/wp\/v2\/types\/product"}],"replies":[{"embeddable":true,"href":"https:\/\/stylingagenten.com\/fi\/wp-json\/wp\/v2\/comments?post=110809"}],"version-history":[{"count":0,"href":"https:\/\/stylingagenten.com\/fi\/wp-json\/wp\/v2\/product\/110809\/revisions"}],"wp:featuredmedia":[{"embeddable":true,"href":"https:\/\/stylingagenten.com\/fi\/wp-json\/wp\/v2\/media\/110805"}],"wp:attachment":[{"href":"https:\/\/stylingagenten.com\/fi\/wp-json\/wp\/v2\/media?parent=110809"}],"wp:term":[{"taxonomy":"product_brand","embeddable":true,"href":"https:\/\/stylingagenten.com\/fi\/wp-json\/wp\/v2\/product_brand?post=110809"},{"taxonomy":"product_cat","embeddable":true,"href":"https:\/\/stylingagenten.com\/fi\/wp-json\/wp\/v2\/product_cat?post=110809"},{"taxonomy":"product_tag","embeddable":true,"href":"https:\/\/stylingagenten.com\/fi\/wp-json\/wp\/v2\/product_tag?post=110809"},{"taxonomy":"berocket_brand","embeddable":true,"href":"https:\/\/stylingagenten.com\/fi\/wp-json\/wp\/v2\/berocket_brand?post=110809"}],"curies":[{"name":"wp","href":"https:\/\/api.w.org\/{rel}","templated":true}]}}