{"id":110806,"date":"2025-05-18T20:56:23","date_gmt":"2025-05-18T20:56:23","guid":{"rendered":"https:\/\/staging2.stylingagenten.com\/fi\/produkt\/lattafa-asdaaf-ameer-al-arab-imperium-edp-100ml\/"},"modified":"2026-03-14T20:27:33","modified_gmt":"2026-03-14T20:27:33","slug":"lattafa-asdaaf-ameer-al-arab-imperium-edp-100ml","status":"publish","type":"product","link":"https:\/\/stylingagenten.com\/fi\/tuote\/lattafa-asdaaf-ameer-al-arab-imperium-edp-100ml\/","title":{"rendered":"Lattafa Asdaaf Ameer Al Arab Imperium Edp 100ml"},"content":{"rendered":"<p>L\u00f6yd\u00e4 Ameer Al Arab Imperiumin kiehtova vieh\u00e4tys Lattafalta. T\u00e4m\u00e4 upea tuoksu alkaa bergamotin, salviaan ja inkiv\u00e4\u00e4rin virkist\u00e4v\u00e4ll\u00e4 raikkaudella, luoden energisoivan alun, joka her\u00e4tt\u00e4\u00e4 aistit. Syd\u00e4mess\u00e4 tuoksu paljastaa hienostuneen sekoituksen geraniumia, cashmerania ja omenaa, lis\u00e4ten syvyytt\u00e4 ja eleganssia koostumukseen. Kun tuoksu j\u00e4\u00e4 iholle, pohjavivahteet amberista, santelipuusta ja muskista tarjoavat l\u00e4mpim\u00e4n ja sensuellin lopetuksen, ymp\u00e4r\u00f6iden sinut lohduttavalla ja houkuttelevalla syleilyll\u00e4. Ameer Al Arab Imperium on t\u00e4ydellinen harmonia raikkautta, syvyytt\u00e4 ja l\u00e4mp\u00f6\u00e4, tehden siit\u00e4 todella unohtumatonta kokemusta.<\/p>\n<p>Yl\u00e4vivahteet: Kaneli ja Karvasmanteli<br \/>\n<br \/>Syd\u00e4nvivahteet: Jasmiini, Pomarose ja Akigalawood<br \/>\n<br \/>Pohjavivahteet: Vanilja Absolute, Meripihka ja Tonkab\u00f6na<\/p>\n<p>100ml<\/p>\n","protected":false},"excerpt":{"rendered":"<p>L\u00f6yd\u00e4 Ameer Al Arab Imperiumin kiehtova vieh\u00e4tys Lattafalta. T\u00e4m\u00e4 upea tuoksu alkaa bergamotin, salviaan ja inkiv\u00e4\u00e4rin virkist\u00e4v\u00e4ll\u00e4 raikkaudella, luoden energisoivan alun, joka her\u00e4tt\u00e4\u00e4 aistit. Syd\u00e4mess\u00e4 tuoksu paljastaa hienostuneen sekoituksen geraniumia, cashmerania ja omenaa, lis\u00e4ten syvyytt\u00e4 ja eleganssia koostumukseen. Kun tuoksu j\u00e4\u00e4 iholle, pohjavivahteet amberista, santelipuusta ja muskista tarjoavat l\u00e4mpim\u00e4n ja sensuellin lopetuksen, ymp\u00e4r\u00f6iden sinut lohduttavalla [&hellip;]<\/p>\n","protected":false},"featured_media":110800,"comment_status":"open","ping_status":"closed","template":"","meta":{"_trash_the_other_posts":false},"product_brand":[],"product_cat":[729,1000,735],"product_tag":[],"berocket_brand":[1414],"class_list":{"0":"post-110806","1":"product","2":"type-product","3":"status-publish","4":"has-post-thumbnail","6":"product_cat-eau-de-parfum-unisex","7":"product_cat-kampanjatarjous-miehelle","8":"product_cat-kampanjamme","9":"pa_brand-lattafa","10":"berocket_brand-lattafa","12":"first","13":"instock","14":"sale","15":"taxable","16":"shipping-taxable","17":"purchasable","18":"product-type-simple"},"_links":{"self":[{"href":"https:\/\/stylingagenten.com\/fi\/wp-json\/wp\/v2\/product\/110806","targetHints":{"allow":["GET"]}}],"collection":[{"href":"https:\/\/stylingagenten.com\/fi\/wp-json\/wp\/v2\/product"}],"about":[{"href":"https:\/\/stylingagenten.com\/fi\/wp-json\/wp\/v2\/types\/product"}],"replies":[{"embeddable":true,"href":"https:\/\/stylingagenten.com\/fi\/wp-json\/wp\/v2\/comments?post=110806"}],"version-history":[{"count":0,"href":"https:\/\/stylingagenten.com\/fi\/wp-json\/wp\/v2\/product\/110806\/revisions"}],"wp:featuredmedia":[{"embeddable":true,"href":"https:\/\/stylingagenten.com\/fi\/wp-json\/wp\/v2\/media\/110800"}],"wp:attachment":[{"href":"https:\/\/stylingagenten.com\/fi\/wp-json\/wp\/v2\/media?parent=110806"}],"wp:term":[{"taxonomy":"product_brand","embeddable":true,"href":"https:\/\/stylingagenten.com\/fi\/wp-json\/wp\/v2\/product_brand?post=110806"},{"taxonomy":"product_cat","embeddable":true,"href":"https:\/\/stylingagenten.com\/fi\/wp-json\/wp\/v2\/product_cat?post=110806"},{"taxonomy":"product_tag","embeddable":true,"href":"https:\/\/stylingagenten.com\/fi\/wp-json\/wp\/v2\/product_tag?post=110806"},{"taxonomy":"berocket_brand","embeddable":true,"href":"https:\/\/stylingagenten.com\/fi\/wp-json\/wp\/v2\/berocket_brand?post=110806"}],"curies":[{"name":"wp","href":"https:\/\/api.w.org\/{rel}","templated":true}]}}