{"id":110790,"date":"2025-05-18T20:56:21","date_gmt":"2025-05-18T20:56:21","guid":{"rendered":"https:\/\/staging2.stylingagenten.com\/fi\/produkt\/lattafa-badee-al-oud-oud-for-glory-edp-100ml\/"},"modified":"2026-04-04T18:08:28","modified_gmt":"2026-04-04T18:08:28","slug":"lattafa-badee-al-oud-oud-for-glory-edp-100ml","status":"publish","type":"product","link":"https:\/\/stylingagenten.com\/fi\/tuote\/lattafa-badee-al-oud-oud-for-glory-edp-100ml\/","title":{"rendered":"Lattafa Bade&#8217;e Al Oud Oud For Glory Edp 100ml"},"content":{"rendered":"<p>Minne ikin\u00e4 menetkin, Lattafa Badee Al Oud Oud Of Glory Eau de Parfum on t\u00e4ydellinen kumppanisi. Se lumoaa aistisi raikkaalla bergamotilla ja mustaherukan kirpe\u00e4ll\u00e4 aromilla ja varmistaa, ett\u00e4 erotut joukosta.<\/p>\n<p>Yl\u00e4tuoksu: Sahrami, Muskottip\u00e4hkin\u00e4<br \/>\n<br \/>Syd\u00e4ntuoksu: Patchouli, Akaanipuu<br \/>\n<br \/>Pohjatuoksu: Patchouli, Myski, Akaanipuu<\/p>\n<p>100ml<\/p>\n","protected":false},"excerpt":{"rendered":"<p>Minne ikin\u00e4 menetkin, Lattafa Badee Al Oud Oud Of Glory Eau de Parfum on t\u00e4ydellinen kumppanisi. Se lumoaa aistisi raikkaalla bergamotilla ja mustaherukan kirpe\u00e4ll\u00e4 aromilla ja varmistaa, ett\u00e4 erotut joukosta. Yl\u00e4tuoksu: Sahrami, Muskottip\u00e4hkin\u00e4 Syd\u00e4ntuoksu: Patchouli, Akaanipuu Pohjatuoksu: Patchouli, Myski, Akaanipuu 100ml<\/p>\n","protected":false},"featured_media":110784,"comment_status":"open","ping_status":"closed","template":"","meta":{"_trash_the_other_posts":false},"product_brand":[],"product_cat":[708,729,1000,735],"product_tag":[],"berocket_brand":[1414],"class_list":{"0":"post-110790","1":"product","2":"type-product","3":"status-publish","4":"has-post-thumbnail","6":"product_cat-eau-de-parfum-miesten","7":"product_cat-eau-de-parfum-unisex","8":"product_cat-kampanjatarjous-miehelle","9":"product_cat-kampanjamme","10":"pa_brand-lattafa","11":"berocket_brand-lattafa","13":"first","14":"instock","15":"sale","16":"taxable","17":"shipping-taxable","18":"purchasable","19":"product-type-simple"},"_links":{"self":[{"href":"https:\/\/stylingagenten.com\/fi\/wp-json\/wp\/v2\/product\/110790","targetHints":{"allow":["GET"]}}],"collection":[{"href":"https:\/\/stylingagenten.com\/fi\/wp-json\/wp\/v2\/product"}],"about":[{"href":"https:\/\/stylingagenten.com\/fi\/wp-json\/wp\/v2\/types\/product"}],"replies":[{"embeddable":true,"href":"https:\/\/stylingagenten.com\/fi\/wp-json\/wp\/v2\/comments?post=110790"}],"version-history":[{"count":0,"href":"https:\/\/stylingagenten.com\/fi\/wp-json\/wp\/v2\/product\/110790\/revisions"}],"wp:featuredmedia":[{"embeddable":true,"href":"https:\/\/stylingagenten.com\/fi\/wp-json\/wp\/v2\/media\/110784"}],"wp:attachment":[{"href":"https:\/\/stylingagenten.com\/fi\/wp-json\/wp\/v2\/media?parent=110790"}],"wp:term":[{"taxonomy":"product_brand","embeddable":true,"href":"https:\/\/stylingagenten.com\/fi\/wp-json\/wp\/v2\/product_brand?post=110790"},{"taxonomy":"product_cat","embeddable":true,"href":"https:\/\/stylingagenten.com\/fi\/wp-json\/wp\/v2\/product_cat?post=110790"},{"taxonomy":"product_tag","embeddable":true,"href":"https:\/\/stylingagenten.com\/fi\/wp-json\/wp\/v2\/product_tag?post=110790"},{"taxonomy":"berocket_brand","embeddable":true,"href":"https:\/\/stylingagenten.com\/fi\/wp-json\/wp\/v2\/berocket_brand?post=110790"}],"curies":[{"name":"wp","href":"https:\/\/api.w.org\/{rel}","templated":true}]}}