{"id":110782,"date":"2025-05-18T20:56:19","date_gmt":"2025-05-18T20:56:19","guid":{"rendered":"https:\/\/staging2.stylingagenten.com\/fi\/produkt\/lattafa-sheikh-al-shuyukh-luxe-edition-edp-100ml\/"},"modified":"2026-03-15T23:57:41","modified_gmt":"2026-03-15T23:57:41","slug":"lattafa-sheikh-al-shuyukh-luxe-edition-edp-100ml","status":"publish","type":"product","link":"https:\/\/stylingagenten.com\/fi\/tuote\/lattafa-sheikh-al-shuyukh-luxe-edition-edp-100ml\/","title":{"rendered":"Lattafa Sheikh Al Shuyukh Luxe Edition Edp 100ml"},"content":{"rendered":"<p>Uusi p\u00e4iv\u00e4, uudet mahdollisuudet. Eau de Parfum Lattafa Sheikh Al Shuyukh Luxe Edition virkist\u00e4\u00e4 mielen ja saa sinut seuraamaan vaistojasi. Odota p\u00e4ivitt\u00e4isi\u00e4 seikkailuja.<\/p>\n<p>Yl\u00e4vivahteet: Ruusu, Safran, Kaneli<br \/>\n<br \/>Syd\u00e4nvivahteet: Kola, Patchouli<br \/>\n<br \/>Pohjavivahteet: Puu-nytit, Vanilja, Meripihka, Ambroksaani<\/p>\n<p>100ml<\/p>\n","protected":false},"excerpt":{"rendered":"<p>Uusi p\u00e4iv\u00e4, uudet mahdollisuudet. Eau de Parfum Lattafa Sheikh Al Shuyukh Luxe Edition virkist\u00e4\u00e4 mielen ja saa sinut seuraamaan vaistojasi. Odota p\u00e4ivitt\u00e4isi\u00e4 seikkailuja. Yl\u00e4vivahteet: Ruusu, Safran, Kaneli Syd\u00e4nvivahteet: Kola, Patchouli Pohjavivahteet: Puu-nytit, Vanilja, Meripihka, Ambroksaani 100ml<\/p>\n","protected":false},"featured_media":110775,"comment_status":"open","ping_status":"closed","template":"","meta":{"_trash_the_other_posts":false},"product_brand":[],"product_cat":[729,1000,735],"product_tag":[],"berocket_brand":[1414],"class_list":{"0":"post-110782","1":"product","2":"type-product","3":"status-publish","4":"has-post-thumbnail","6":"product_cat-eau-de-parfum-unisex","7":"product_cat-kampanjatarjous-miehelle","8":"product_cat-kampanjamme","9":"pa_brand-lattafa","10":"berocket_brand-lattafa","12":"first","13":"instock","14":"sale","15":"taxable","16":"shipping-taxable","17":"purchasable","18":"product-type-simple"},"_links":{"self":[{"href":"https:\/\/stylingagenten.com\/fi\/wp-json\/wp\/v2\/product\/110782","targetHints":{"allow":["GET"]}}],"collection":[{"href":"https:\/\/stylingagenten.com\/fi\/wp-json\/wp\/v2\/product"}],"about":[{"href":"https:\/\/stylingagenten.com\/fi\/wp-json\/wp\/v2\/types\/product"}],"replies":[{"embeddable":true,"href":"https:\/\/stylingagenten.com\/fi\/wp-json\/wp\/v2\/comments?post=110782"}],"version-history":[{"count":0,"href":"https:\/\/stylingagenten.com\/fi\/wp-json\/wp\/v2\/product\/110782\/revisions"}],"wp:featuredmedia":[{"embeddable":true,"href":"https:\/\/stylingagenten.com\/fi\/wp-json\/wp\/v2\/media\/110775"}],"wp:attachment":[{"href":"https:\/\/stylingagenten.com\/fi\/wp-json\/wp\/v2\/media?parent=110782"}],"wp:term":[{"taxonomy":"product_brand","embeddable":true,"href":"https:\/\/stylingagenten.com\/fi\/wp-json\/wp\/v2\/product_brand?post=110782"},{"taxonomy":"product_cat","embeddable":true,"href":"https:\/\/stylingagenten.com\/fi\/wp-json\/wp\/v2\/product_cat?post=110782"},{"taxonomy":"product_tag","embeddable":true,"href":"https:\/\/stylingagenten.com\/fi\/wp-json\/wp\/v2\/product_tag?post=110782"},{"taxonomy":"berocket_brand","embeddable":true,"href":"https:\/\/stylingagenten.com\/fi\/wp-json\/wp\/v2\/berocket_brand?post=110782"}],"curies":[{"name":"wp","href":"https:\/\/api.w.org\/{rel}","templated":true}]}}