{"id":110781,"date":"2025-05-18T20:56:19","date_gmt":"2025-05-18T20:56:19","guid":{"rendered":"https:\/\/staging2.stylingagenten.com\/fi\/produkt\/acqua-di-parma-blu-mediterraneo-bergamotto-di-calabria-edt-100ml\/"},"modified":"2026-04-13T07:08:51","modified_gmt":"2026-04-13T07:08:51","slug":"acqua-di-parma-blu-mediterraneo-bergamotto-di-calabria-edt-100ml","status":"publish","type":"product","link":"https:\/\/stylingagenten.com\/fi\/tuote\/acqua-di-parma-blu-mediterraneo-bergamotto-di-calabria-edt-100ml\/","title":{"rendered":"Acqua di Parma Blu Mediterraneo Bergamotto di Calabria Edt 100ml"},"content":{"rendered":"<p>Acqua di Parma Blu Mediterraneo Bergamotto di Calabria Edt avautuu rauhoittavilla aidoilla kalabrialaisen bergamotin vivahteilla, joita korostaa raikas sitruunan tuoksu. Syd\u00e4ntuoksussa hedelm\u00e4iset ja kukkaiset vivahteet yhdistyv\u00e4t galangaan ja setripuun aromeihin, ja kokonaisuus p\u00e4\u00e4ttyy innovatiiviseen vetiverin, bentsoiinin ja myskin pohjatuoksuun.<\/p>\n<p>100ml<\/p>\n","protected":false},"excerpt":{"rendered":"<p>Acqua di Parma Blu Mediterraneo Bergamotto di Calabria Edt avautuu rauhoittavilla aidoilla kalabrialaisen bergamotin vivahteilla, joita korostaa raikas sitruunan tuoksu. Syd\u00e4ntuoksussa hedelm\u00e4iset ja kukkaiset vivahteet yhdistyv\u00e4t galangaan ja setripuun aromeihin, ja kokonaisuus p\u00e4\u00e4ttyy innovatiiviseen vetiverin, bentsoiinin ja myskin pohjatuoksuun. 100ml<\/p>\n","protected":false},"featured_media":110764,"comment_status":"open","ping_status":"closed","template":"","meta":{"_trash_the_other_posts":false},"product_brand":[],"product_cat":[709],"product_tag":[2328],"berocket_brand":[1161],"class_list":{"0":"post-110781","1":"product","2":"type-product","3":"status-publish","4":"has-post-thumbnail","6":"product_cat-miesten-eau-de-toilette","7":"product_tag-acqua-di-parma-blu-mediterraneo-bergamotto-di-calabria-edt","8":"pa_brand-acqua-di-parma","9":"pa_variantti-100ml","10":"berocket_brand-acqua-di-parma","12":"first","13":"instock","14":"sale","15":"taxable","16":"shipping-taxable","17":"purchasable","18":"product-type-simple"},"_links":{"self":[{"href":"https:\/\/stylingagenten.com\/fi\/wp-json\/wp\/v2\/product\/110781","targetHints":{"allow":["GET"]}}],"collection":[{"href":"https:\/\/stylingagenten.com\/fi\/wp-json\/wp\/v2\/product"}],"about":[{"href":"https:\/\/stylingagenten.com\/fi\/wp-json\/wp\/v2\/types\/product"}],"replies":[{"embeddable":true,"href":"https:\/\/stylingagenten.com\/fi\/wp-json\/wp\/v2\/comments?post=110781"}],"version-history":[{"count":0,"href":"https:\/\/stylingagenten.com\/fi\/wp-json\/wp\/v2\/product\/110781\/revisions"}],"wp:featuredmedia":[{"embeddable":true,"href":"https:\/\/stylingagenten.com\/fi\/wp-json\/wp\/v2\/media\/110764"}],"wp:attachment":[{"href":"https:\/\/stylingagenten.com\/fi\/wp-json\/wp\/v2\/media?parent=110781"}],"wp:term":[{"taxonomy":"product_brand","embeddable":true,"href":"https:\/\/stylingagenten.com\/fi\/wp-json\/wp\/v2\/product_brand?post=110781"},{"taxonomy":"product_cat","embeddable":true,"href":"https:\/\/stylingagenten.com\/fi\/wp-json\/wp\/v2\/product_cat?post=110781"},{"taxonomy":"product_tag","embeddable":true,"href":"https:\/\/stylingagenten.com\/fi\/wp-json\/wp\/v2\/product_tag?post=110781"},{"taxonomy":"berocket_brand","embeddable":true,"href":"https:\/\/stylingagenten.com\/fi\/wp-json\/wp\/v2\/berocket_brand?post=110781"}],"curies":[{"name":"wp","href":"https:\/\/api.w.org\/{rel}","templated":true}]}}