{"id":110776,"date":"2025-05-18T20:56:19","date_gmt":"2025-05-18T20:56:19","guid":{"rendered":"https:\/\/staging2.stylingagenten.com\/fi\/produkt\/lattafa-hayaati-al-maleky-edp-100ml\/"},"modified":"2026-03-23T14:47:28","modified_gmt":"2026-03-23T14:47:28","slug":"lattafa-hayaati-al-maleky-edp-100ml","status":"publish","type":"product","link":"https:\/\/stylingagenten.com\/fi\/tuote\/lattafa-hayaati-al-maleky-edp-100ml\/","title":{"rendered":"Lattafa Hayaati Al Maleky Edp 100ml"},"content":{"rendered":"<p>Kokeile taianomaista tuoksua Lattafa Perfumes Hayaati Al Maleky Eau de Parfumilla! T\u00e4m\u00e4 ylellinen hajuvesi syleilee aistejasi harmonisella yhdistelm\u00e4ll\u00e4 kukkaisia ja puumaisia nuotteja, t\u00e4ydellinen nykyaikaiselle seikkailijalle. Anna persoonallisuutesi loistaa ja luo unohtumattomia muistoja.<\/p>\n<p>El\u00e4vill\u00e4 alkutuoksuilla kuten muskottip\u00e4hkin\u00e4, ruusapippuri, bergamotti ja inkiv\u00e4\u00e4ri, seikkailu alkaa jo ensimm\u00e4isest\u00e4 suihkauksesta. Tunne energian syttyv\u00e4n eloon, kun liikut p\u00e4iv\u00e4n aikana. Sukella sitten tuoksun syd\u00e4meen kultaisella yhdistelm\u00e4ll\u00e4 setripuu, puun nuotit, labdanum ja suitsuke, joka luo l\u00e4mpim\u00e4n ja kutsuvan tunteen.<\/p>\n<p>100ml<\/p>\n","protected":false},"excerpt":{"rendered":"<p>Kokeile taianomaista tuoksua Lattafa Perfumes Hayaati Al Maleky Eau de Parfumilla! T\u00e4m\u00e4 ylellinen hajuvesi syleilee aistejasi harmonisella yhdistelm\u00e4ll\u00e4 kukkaisia ja puumaisia nuotteja, t\u00e4ydellinen nykyaikaiselle seikkailijalle. Anna persoonallisuutesi loistaa ja luo unohtumattomia muistoja. El\u00e4vill\u00e4 alkutuoksuilla kuten muskottip\u00e4hkin\u00e4, ruusapippuri, bergamotti ja inkiv\u00e4\u00e4ri, seikkailu alkaa jo ensimm\u00e4isest\u00e4 suihkauksesta. Tunne energian syttyv\u00e4n eloon, kun liikut p\u00e4iv\u00e4n aikana. Sukella sitten [&hellip;]<\/p>\n","protected":false},"featured_media":110769,"comment_status":"open","ping_status":"closed","template":"","meta":{"_trash_the_other_posts":false},"product_brand":[],"product_cat":[708,729,1000,735],"product_tag":[],"berocket_brand":[1414],"class_list":{"0":"post-110776","1":"product","2":"type-product","3":"status-publish","4":"has-post-thumbnail","6":"product_cat-eau-de-parfum-miesten","7":"product_cat-eau-de-parfum-unisex","8":"product_cat-kampanjatarjous-miehelle","9":"product_cat-kampanjamme","10":"pa_brand-lattafa","11":"berocket_brand-lattafa","13":"first","14":"instock","15":"sale","16":"taxable","17":"shipping-taxable","18":"purchasable","19":"product-type-simple"},"_links":{"self":[{"href":"https:\/\/stylingagenten.com\/fi\/wp-json\/wp\/v2\/product\/110776","targetHints":{"allow":["GET"]}}],"collection":[{"href":"https:\/\/stylingagenten.com\/fi\/wp-json\/wp\/v2\/product"}],"about":[{"href":"https:\/\/stylingagenten.com\/fi\/wp-json\/wp\/v2\/types\/product"}],"replies":[{"embeddable":true,"href":"https:\/\/stylingagenten.com\/fi\/wp-json\/wp\/v2\/comments?post=110776"}],"version-history":[{"count":0,"href":"https:\/\/stylingagenten.com\/fi\/wp-json\/wp\/v2\/product\/110776\/revisions"}],"wp:featuredmedia":[{"embeddable":true,"href":"https:\/\/stylingagenten.com\/fi\/wp-json\/wp\/v2\/media\/110769"}],"wp:attachment":[{"href":"https:\/\/stylingagenten.com\/fi\/wp-json\/wp\/v2\/media?parent=110776"}],"wp:term":[{"taxonomy":"product_brand","embeddable":true,"href":"https:\/\/stylingagenten.com\/fi\/wp-json\/wp\/v2\/product_brand?post=110776"},{"taxonomy":"product_cat","embeddable":true,"href":"https:\/\/stylingagenten.com\/fi\/wp-json\/wp\/v2\/product_cat?post=110776"},{"taxonomy":"product_tag","embeddable":true,"href":"https:\/\/stylingagenten.com\/fi\/wp-json\/wp\/v2\/product_tag?post=110776"},{"taxonomy":"berocket_brand","embeddable":true,"href":"https:\/\/stylingagenten.com\/fi\/wp-json\/wp\/v2\/berocket_brand?post=110776"}],"curies":[{"name":"wp","href":"https:\/\/api.w.org\/{rel}","templated":true}]}}