{"id":110773,"date":"2025-05-18T20:56:18","date_gmt":"2025-05-18T20:56:18","guid":{"rendered":"https:\/\/staging2.stylingagenten.com\/fi\/produkt\/lattafa-ekhtiari-edp-100ml\/"},"modified":"2026-03-24T23:27:35","modified_gmt":"2026-03-24T23:27:35","slug":"lattafa-ekhtiari-edp-100ml","status":"publish","type":"product","link":"https:\/\/stylingagenten.com\/fi\/tuote\/lattafa-ekhtiari-edp-100ml\/","title":{"rendered":"Lattafa Ekhtiari Edp 100ml"},"content":{"rendered":"<p>L\u00f6yd\u00e4 lumoavien tuoksujen maailma Lattafa Perfumes Ekhtiari Eau de Parfum -tuoksulla! T\u00e4m\u00e4 hajuvesi on juhla aisteille, raikkailla kukka- ja puuvivahteilla, jotka tanssivat iholla. T\u00e4ydellinen itseluottamukselliselle ja tyylikk\u00e4\u00e4lle, joka haluaa j\u00e4tt\u00e4\u00e4 pysyv\u00e4n vaikutelman!<\/p>\n<p>Yl\u00e4vivahteet: Mandariini, Hedelm\u00e4t<br \/>\n<br \/>Syd\u00e4nvivahteet: Jasmiini, Gardenia<br \/>\n<br \/>Pohjavivahteet: Myski, Vanilja, Tonkab\u00f6na<\/p>\n<p>100ml<\/p>\n","protected":false},"excerpt":{"rendered":"<p>L\u00f6yd\u00e4 lumoavien tuoksujen maailma Lattafa Perfumes Ekhtiari Eau de Parfum -tuoksulla! T\u00e4m\u00e4 hajuvesi on juhla aisteille, raikkailla kukka- ja puuvivahteilla, jotka tanssivat iholla. T\u00e4ydellinen itseluottamukselliselle ja tyylikk\u00e4\u00e4lle, joka haluaa j\u00e4tt\u00e4\u00e4 pysyv\u00e4n vaikutelman! Yl\u00e4vivahteet: Mandariini, Hedelm\u00e4t Syd\u00e4nvivahteet: Jasmiini, Gardenia Pohjavivahteet: Myski, Vanilja, Tonkab\u00f6na 100ml<\/p>\n","protected":false},"featured_media":110767,"comment_status":"open","ping_status":"closed","template":"","meta":{"_trash_the_other_posts":false},"product_brand":[],"product_cat":[729,1000,735],"product_tag":[],"berocket_brand":[1414],"class_list":{"0":"post-110773","1":"product","2":"type-product","3":"status-publish","4":"has-post-thumbnail","6":"product_cat-eau-de-parfum-unisex","7":"product_cat-kampanjatarjous-miehelle","8":"product_cat-kampanjamme","9":"pa_brand-lattafa","10":"berocket_brand-lattafa","12":"first","13":"instock","14":"sale","15":"taxable","16":"shipping-taxable","17":"purchasable","18":"product-type-simple"},"_links":{"self":[{"href":"https:\/\/stylingagenten.com\/fi\/wp-json\/wp\/v2\/product\/110773","targetHints":{"allow":["GET"]}}],"collection":[{"href":"https:\/\/stylingagenten.com\/fi\/wp-json\/wp\/v2\/product"}],"about":[{"href":"https:\/\/stylingagenten.com\/fi\/wp-json\/wp\/v2\/types\/product"}],"replies":[{"embeddable":true,"href":"https:\/\/stylingagenten.com\/fi\/wp-json\/wp\/v2\/comments?post=110773"}],"version-history":[{"count":0,"href":"https:\/\/stylingagenten.com\/fi\/wp-json\/wp\/v2\/product\/110773\/revisions"}],"wp:featuredmedia":[{"embeddable":true,"href":"https:\/\/stylingagenten.com\/fi\/wp-json\/wp\/v2\/media\/110767"}],"wp:attachment":[{"href":"https:\/\/stylingagenten.com\/fi\/wp-json\/wp\/v2\/media?parent=110773"}],"wp:term":[{"taxonomy":"product_brand","embeddable":true,"href":"https:\/\/stylingagenten.com\/fi\/wp-json\/wp\/v2\/product_brand?post=110773"},{"taxonomy":"product_cat","embeddable":true,"href":"https:\/\/stylingagenten.com\/fi\/wp-json\/wp\/v2\/product_cat?post=110773"},{"taxonomy":"product_tag","embeddable":true,"href":"https:\/\/stylingagenten.com\/fi\/wp-json\/wp\/v2\/product_tag?post=110773"},{"taxonomy":"berocket_brand","embeddable":true,"href":"https:\/\/stylingagenten.com\/fi\/wp-json\/wp\/v2\/berocket_brand?post=110773"}],"curies":[{"name":"wp","href":"https:\/\/api.w.org\/{rel}","templated":true}]}}