{"id":110766,"date":"2025-05-18T20:56:17","date_gmt":"2025-05-18T20:56:17","guid":{"rendered":"https:\/\/staging2.stylingagenten.com\/fi\/produkt\/replay-green-on-me-man-edt-100ml\/"},"modified":"2026-03-17T07:57:49","modified_gmt":"2026-03-17T07:57:49","slug":"replay-green-on-me-man-edt-100ml","status":"publish","type":"product","link":"https:\/\/stylingagenten.com\/fi\/tuote\/replay-green-on-me-man-edt-100ml\/","title":{"rendered":"Replay Green On Me Man Edt 100ml"},"content":{"rendered":"<p>Replay Green On Me Man Edt vie sinut matkalle vuoristoon, miss\u00e4 vehre\u00e4 luonto levitt\u00e4ytyy raikkaiden ja kirkkaiden l\u00e4hteiden keskell\u00e4, luonnon huumaavien tuoksujen ymp\u00e4r\u00f6im\u00e4n\u00e4. Eloisat lehdet kehyst\u00e4v\u00e4t maisemaa luoden harmonisia valotehosteita \u2013 kokemus, joka syleilee luonnon rikkautta.<\/p>\n<p>Yl\u00e4vireet: Kardemumma, Valkopippuri, Appelsiini<br \/>\n<br \/>Syd\u00e4ntuoksut: Kannabiskukka, Neilikka, Koiruoho<br \/>\n<br \/>Pohjatuoksut: Santelipuu, Iso e super, Meripihkapuu<\/p>\n<p>100ml<\/p>\n","protected":false},"excerpt":{"rendered":"<p>Replay Green On Me Man Edt vie sinut matkalle vuoristoon, miss\u00e4 vehre\u00e4 luonto levitt\u00e4ytyy raikkaiden ja kirkkaiden l\u00e4hteiden keskell\u00e4, luonnon huumaavien tuoksujen ymp\u00e4r\u00f6im\u00e4n\u00e4. Eloisat lehdet kehyst\u00e4v\u00e4t maisemaa luoden harmonisia valotehosteita \u2013 kokemus, joka syleilee luonnon rikkautta. Yl\u00e4vireet: Kardemumma, Valkopippuri, Appelsiini Syd\u00e4ntuoksut: Kannabiskukka, Neilikka, Koiruoho Pohjatuoksut: Santelipuu, Iso e super, Meripihkapuu 100ml<\/p>\n","protected":false},"featured_media":110753,"comment_status":"open","ping_status":"closed","template":"","meta":{"_trash_the_other_posts":false},"product_brand":[],"product_cat":[1000,709,735],"product_tag":[3897],"berocket_brand":[1120],"class_list":{"0":"post-110766","1":"product","2":"type-product","3":"status-publish","4":"has-post-thumbnail","6":"product_cat-kampanjatarjous-miehelle","7":"product_cat-miesten-eau-de-toilette","8":"product_cat-kampanjamme","9":"product_tag-replay-green-on-me-man-edt","10":"pa_brand-replay","11":"pa_variantti-100ml","12":"berocket_brand-replay","14":"first","15":"instock","16":"sale","17":"taxable","18":"shipping-taxable","19":"purchasable","20":"product-type-simple"},"_links":{"self":[{"href":"https:\/\/stylingagenten.com\/fi\/wp-json\/wp\/v2\/product\/110766","targetHints":{"allow":["GET"]}}],"collection":[{"href":"https:\/\/stylingagenten.com\/fi\/wp-json\/wp\/v2\/product"}],"about":[{"href":"https:\/\/stylingagenten.com\/fi\/wp-json\/wp\/v2\/types\/product"}],"replies":[{"embeddable":true,"href":"https:\/\/stylingagenten.com\/fi\/wp-json\/wp\/v2\/comments?post=110766"}],"version-history":[{"count":0,"href":"https:\/\/stylingagenten.com\/fi\/wp-json\/wp\/v2\/product\/110766\/revisions"}],"wp:featuredmedia":[{"embeddable":true,"href":"https:\/\/stylingagenten.com\/fi\/wp-json\/wp\/v2\/media\/110753"}],"wp:attachment":[{"href":"https:\/\/stylingagenten.com\/fi\/wp-json\/wp\/v2\/media?parent=110766"}],"wp:term":[{"taxonomy":"product_brand","embeddable":true,"href":"https:\/\/stylingagenten.com\/fi\/wp-json\/wp\/v2\/product_brand?post=110766"},{"taxonomy":"product_cat","embeddable":true,"href":"https:\/\/stylingagenten.com\/fi\/wp-json\/wp\/v2\/product_cat?post=110766"},{"taxonomy":"product_tag","embeddable":true,"href":"https:\/\/stylingagenten.com\/fi\/wp-json\/wp\/v2\/product_tag?post=110766"},{"taxonomy":"berocket_brand","embeddable":true,"href":"https:\/\/stylingagenten.com\/fi\/wp-json\/wp\/v2\/berocket_brand?post=110766"}],"curies":[{"name":"wp","href":"https:\/\/api.w.org\/{rel}","templated":true}]}}