{"id":110762,"date":"2025-05-18T20:56:16","date_gmt":"2025-05-18T20:56:16","guid":{"rendered":"https:\/\/staging2.stylingagenten.com\/fi\/produkt\/acqua-di-parma-blu-mediterraneo-mandarino-di-sicilia-edt-100ml\/"},"modified":"2026-03-11T22:05:02","modified_gmt":"2026-03-11T22:05:02","slug":"acqua-di-parma-blu-mediterraneo-mandarino-di-sicilia-edt-100ml","status":"publish","type":"product","link":"https:\/\/stylingagenten.com\/fi\/tuote\/acqua-di-parma-blu-mediterraneo-mandarino-di-sicilia-edt-100ml\/","title":{"rendered":"Acqua di Parma Blu Mediterraneo Mandarino di Sicilia Edt 100ml"},"content":{"rendered":"<p>Acqua di Parma Blu Mediterraneo Mandarino di Sicilia Edt on tuoksu, joka on saanut inspiraationsa Sisilian auringonpaisteisista maisemista, joissa arkkitehtuuri ja kulttuuri sulautuvat luonnon loistoon, vangiten italialaisen Arte di Vivere -el\u00e4m\u00e4ntavan mielenmaisemana. Tuoksu yhdist\u00e4\u00e4 raikkaat, vihre\u00e4t mandariinin vivahteet italialaisen sitruksen syd\u00e4meen, luoden eloisan ja virkist\u00e4v\u00e4n tunteen.<\/p>\n<p>100ml<\/p>\n","protected":false},"excerpt":{"rendered":"<p>Acqua di Parma Blu Mediterraneo Mandarino di Sicilia Edt on tuoksu, joka on saanut inspiraationsa Sisilian auringonpaisteisista maisemista, joissa arkkitehtuuri ja kulttuuri sulautuvat luonnon loistoon, vangiten italialaisen Arte di Vivere -el\u00e4m\u00e4ntavan mielenmaisemana. Tuoksu yhdist\u00e4\u00e4 raikkaat, vihre\u00e4t mandariinin vivahteet italialaisen sitruksen syd\u00e4meen, luoden eloisan ja virkist\u00e4v\u00e4n tunteen. 100ml<\/p>\n","protected":false},"featured_media":110737,"comment_status":"open","ping_status":"closed","template":"","meta":{"_trash_the_other_posts":false},"product_brand":[],"product_cat":[1000,709,735],"product_tag":[2332],"berocket_brand":[1161],"class_list":{"0":"post-110762","1":"product","2":"type-product","3":"status-publish","4":"has-post-thumbnail","6":"product_cat-kampanjatarjous-miehelle","7":"product_cat-miesten-eau-de-toilette","8":"product_cat-kampanjamme","9":"product_tag-acqua-di-parma-blu-mediterraneo-mandarino-di-sicilia-edt","10":"pa_brand-acqua-di-parma","11":"pa_variantti-100ml","12":"berocket_brand-acqua-di-parma","14":"first","15":"instock","16":"sale","17":"taxable","18":"shipping-taxable","19":"purchasable","20":"product-type-simple"},"_links":{"self":[{"href":"https:\/\/stylingagenten.com\/fi\/wp-json\/wp\/v2\/product\/110762","targetHints":{"allow":["GET"]}}],"collection":[{"href":"https:\/\/stylingagenten.com\/fi\/wp-json\/wp\/v2\/product"}],"about":[{"href":"https:\/\/stylingagenten.com\/fi\/wp-json\/wp\/v2\/types\/product"}],"replies":[{"embeddable":true,"href":"https:\/\/stylingagenten.com\/fi\/wp-json\/wp\/v2\/comments?post=110762"}],"version-history":[{"count":0,"href":"https:\/\/stylingagenten.com\/fi\/wp-json\/wp\/v2\/product\/110762\/revisions"}],"wp:featuredmedia":[{"embeddable":true,"href":"https:\/\/stylingagenten.com\/fi\/wp-json\/wp\/v2\/media\/110737"}],"wp:attachment":[{"href":"https:\/\/stylingagenten.com\/fi\/wp-json\/wp\/v2\/media?parent=110762"}],"wp:term":[{"taxonomy":"product_brand","embeddable":true,"href":"https:\/\/stylingagenten.com\/fi\/wp-json\/wp\/v2\/product_brand?post=110762"},{"taxonomy":"product_cat","embeddable":true,"href":"https:\/\/stylingagenten.com\/fi\/wp-json\/wp\/v2\/product_cat?post=110762"},{"taxonomy":"product_tag","embeddable":true,"href":"https:\/\/stylingagenten.com\/fi\/wp-json\/wp\/v2\/product_tag?post=110762"},{"taxonomy":"berocket_brand","embeddable":true,"href":"https:\/\/stylingagenten.com\/fi\/wp-json\/wp\/v2\/berocket_brand?post=110762"}],"curies":[{"name":"wp","href":"https:\/\/api.w.org\/{rel}","templated":true}]}}