{"id":110745,"date":"2025-05-18T20:56:15","date_gmt":"2025-05-18T20:56:15","guid":{"rendered":"https:\/\/staging2.stylingagenten.com\/fi\/produkt\/montblanc-explorer-platinum-edp-30ml\/"},"modified":"2026-03-11T21:56:05","modified_gmt":"2026-03-11T21:56:05","slug":"montblanc-explorer-platinum-edp-30ml","status":"publish","type":"product","link":"https:\/\/stylingagenten.com\/fi\/tuote\/montblanc-explorer-platinum-edp-30ml\/","title":{"rendered":"Montblanc Explorer Platinum Edp 30ml"},"content":{"rendered":"<p>Montblanc Explorer Platinum EdP on miesten tuoksu, jossa on s\u00e4ihkyvi\u00e4 ja raikkaita vihreit\u00e4 vivahteita, mukaan lukien sypressi\u00e4. Tuoksussa on my\u00f6s sensuellia salviaa. Kokonaisvaikutelma on ilmava ja viile\u00e4, tuoden mieleen lumen ja j\u00e4\u00e4n. Voimakkaat setripuun vivahteet luovat puisen luonteen, jossa on h\u00e4iv\u00e4hdys meripihkaa.<\/p>\n<p>30ml<\/p>\n","protected":false},"excerpt":{"rendered":"<p>Montblanc Explorer Platinum EdP on miesten tuoksu, jossa on s\u00e4ihkyvi\u00e4 ja raikkaita vihreit\u00e4 vivahteita, mukaan lukien sypressi\u00e4. Tuoksussa on my\u00f6s sensuellia salviaa. Kokonaisvaikutelma on ilmava ja viile\u00e4, tuoden mieleen lumen ja j\u00e4\u00e4n. Voimakkaat setripuun vivahteet luovat puisen luonteen, jossa on h\u00e4iv\u00e4hdys meripihkaa. 30ml<\/p>\n","protected":false},"featured_media":110732,"comment_status":"open","ping_status":"closed","template":"","meta":{"_trash_the_other_posts":false},"product_brand":[],"product_cat":[708,1000,735],"product_tag":[3583],"berocket_brand":[1079],"class_list":{"0":"post-110745","1":"product","2":"type-product","3":"status-publish","4":"has-post-thumbnail","6":"product_cat-eau-de-parfum-miesten","7":"product_cat-kampanjatarjous-miehelle","8":"product_cat-kampanjamme","9":"product_tag-montblanc-explorer-platinum-edp","10":"pa_brand-mont-blanc","11":"pa_variantti-30ml","12":"berocket_brand-mont-blanc","14":"first","15":"instock","16":"sale","17":"taxable","18":"shipping-taxable","19":"purchasable","20":"product-type-simple"},"_links":{"self":[{"href":"https:\/\/stylingagenten.com\/fi\/wp-json\/wp\/v2\/product\/110745","targetHints":{"allow":["GET"]}}],"collection":[{"href":"https:\/\/stylingagenten.com\/fi\/wp-json\/wp\/v2\/product"}],"about":[{"href":"https:\/\/stylingagenten.com\/fi\/wp-json\/wp\/v2\/types\/product"}],"replies":[{"embeddable":true,"href":"https:\/\/stylingagenten.com\/fi\/wp-json\/wp\/v2\/comments?post=110745"}],"version-history":[{"count":0,"href":"https:\/\/stylingagenten.com\/fi\/wp-json\/wp\/v2\/product\/110745\/revisions"}],"wp:featuredmedia":[{"embeddable":true,"href":"https:\/\/stylingagenten.com\/fi\/wp-json\/wp\/v2\/media\/110732"}],"wp:attachment":[{"href":"https:\/\/stylingagenten.com\/fi\/wp-json\/wp\/v2\/media?parent=110745"}],"wp:term":[{"taxonomy":"product_brand","embeddable":true,"href":"https:\/\/stylingagenten.com\/fi\/wp-json\/wp\/v2\/product_brand?post=110745"},{"taxonomy":"product_cat","embeddable":true,"href":"https:\/\/stylingagenten.com\/fi\/wp-json\/wp\/v2\/product_cat?post=110745"},{"taxonomy":"product_tag","embeddable":true,"href":"https:\/\/stylingagenten.com\/fi\/wp-json\/wp\/v2\/product_tag?post=110745"},{"taxonomy":"berocket_brand","embeddable":true,"href":"https:\/\/stylingagenten.com\/fi\/wp-json\/wp\/v2\/berocket_brand?post=110745"}],"curies":[{"name":"wp","href":"https:\/\/api.w.org\/{rel}","templated":true}]}}