{"id":110744,"date":"2025-05-18T20:56:15","date_gmt":"2025-05-18T20:56:15","guid":{"rendered":"https:\/\/staging2.stylingagenten.com\/fi\/produkt\/acqua-di-parma-blu-mediterraneo-arancia-di-capri-edt-100ml\/"},"modified":"2026-03-30T13:35:15","modified_gmt":"2026-03-30T13:35:15","slug":"acqua-di-parma-blu-mediterraneo-arancia-di-capri-edt-100ml","status":"publish","type":"product","link":"https:\/\/stylingagenten.com\/fi\/tuote\/acqua-di-parma-blu-mediterraneo-arancia-di-capri-edt-100ml\/","title":{"rendered":"Acqua di Parma Blu Mediterraneo Arancia di Capri Edt 100ml"},"content":{"rendered":"<p>Acqua di Parma Blu Mediterraneo Arancia di Capri Edt on rentouttava, s\u00e4teilev\u00e4 ja selke\u00e4 tuoksu, joka her\u00e4\u00e4 eloon appelsiinin, mandariinin ja sitruunan eteeristen \u00f6ljyjen yhdistelm\u00e4n kautta. Pommeranssiessenssi yhdistettyn\u00e4 kardemumman voimakkaaseen aromiin luo virkist\u00e4v\u00e4n syd\u00e4ntuoksun, joka p\u00e4\u00e4ttyy pehme\u00e4\u00e4n pohjaan, jossa on kevyt vivahdus karamellia ja aistillisia myski\u00e4.<\/p>\n<p>100ml<\/p>\n","protected":false},"excerpt":{"rendered":"<p>Acqua di Parma Blu Mediterraneo Arancia di Capri Edt on rentouttava, s\u00e4teilev\u00e4 ja selke\u00e4 tuoksu, joka her\u00e4\u00e4 eloon appelsiinin, mandariinin ja sitruunan eteeristen \u00f6ljyjen yhdistelm\u00e4n kautta. Pommeranssiessenssi yhdistettyn\u00e4 kardemumman voimakkaaseen aromiin luo virkist\u00e4v\u00e4n syd\u00e4ntuoksun, joka p\u00e4\u00e4ttyy pehme\u00e4\u00e4n pohjaan, jossa on kevyt vivahdus karamellia ja aistillisia myski\u00e4. 100ml<\/p>\n","protected":false},"featured_media":110722,"comment_status":"open","ping_status":"closed","template":"","meta":{"_trash_the_other_posts":false},"product_brand":[],"product_cat":[709],"product_tag":[2327],"berocket_brand":[1161],"class_list":{"0":"post-110744","1":"product","2":"type-product","3":"status-publish","4":"has-post-thumbnail","6":"product_cat-miesten-eau-de-toilette","7":"product_tag-acqua-di-parma-blu-mediterraneo-arancia-di-capri-edt","8":"pa_brand-acqua-di-parma","9":"pa_variantti-100ml","10":"berocket_brand-acqua-di-parma","12":"first","13":"instock","14":"sale","15":"taxable","16":"shipping-taxable","17":"purchasable","18":"product-type-simple"},"_links":{"self":[{"href":"https:\/\/stylingagenten.com\/fi\/wp-json\/wp\/v2\/product\/110744","targetHints":{"allow":["GET"]}}],"collection":[{"href":"https:\/\/stylingagenten.com\/fi\/wp-json\/wp\/v2\/product"}],"about":[{"href":"https:\/\/stylingagenten.com\/fi\/wp-json\/wp\/v2\/types\/product"}],"replies":[{"embeddable":true,"href":"https:\/\/stylingagenten.com\/fi\/wp-json\/wp\/v2\/comments?post=110744"}],"version-history":[{"count":0,"href":"https:\/\/stylingagenten.com\/fi\/wp-json\/wp\/v2\/product\/110744\/revisions"}],"wp:featuredmedia":[{"embeddable":true,"href":"https:\/\/stylingagenten.com\/fi\/wp-json\/wp\/v2\/media\/110722"}],"wp:attachment":[{"href":"https:\/\/stylingagenten.com\/fi\/wp-json\/wp\/v2\/media?parent=110744"}],"wp:term":[{"taxonomy":"product_brand","embeddable":true,"href":"https:\/\/stylingagenten.com\/fi\/wp-json\/wp\/v2\/product_brand?post=110744"},{"taxonomy":"product_cat","embeddable":true,"href":"https:\/\/stylingagenten.com\/fi\/wp-json\/wp\/v2\/product_cat?post=110744"},{"taxonomy":"product_tag","embeddable":true,"href":"https:\/\/stylingagenten.com\/fi\/wp-json\/wp\/v2\/product_tag?post=110744"},{"taxonomy":"berocket_brand","embeddable":true,"href":"https:\/\/stylingagenten.com\/fi\/wp-json\/wp\/v2\/berocket_brand?post=110744"}],"curies":[{"name":"wp","href":"https:\/\/api.w.org\/{rel}","templated":true}]}}