{"id":110713,"date":"2025-05-18T20:56:10","date_gmt":"2025-05-18T20:56:10","guid":{"rendered":"https:\/\/staging2.stylingagenten.com\/fi\/produkt\/david-beckham-classic-blue-edt-100ml\/"},"modified":"2026-04-14T03:48:29","modified_gmt":"2026-04-14T03:48:29","slug":"david-beckham-classic-blue-edt-100ml","status":"publish","type":"product","link":"https:\/\/stylingagenten.com\/fi\/tuote\/david-beckham-classic-blue-edt-100ml\/","title":{"rendered":"David Beckham Classic Blue Edt 100ml"},"content":{"rendered":"<p>David Beckham Fragrances esittelee Classic Blue &#8211; ajattoman Eau de Toilette -tuoksun miehille, jossa on raikas vivahde. Sit\u00e4 voi k\u00e4ytt\u00e4\u00e4 niin arjessa kuin juhlassa. T\u00e4m\u00e4 s\u00e4ihke\u00e4 miesntuoksu on inspiroitunut David Beckhamin aidoista matkoista, el\u00e4m\u00e4ntavasta ja arvoista.<\/p>\n<p>Se avautuu hedelm\u00e4isell\u00e4 r\u00e4j\u00e4hdyksell\u00e4 tuoretta greippi\u00e4 ja mehukasta ananasta yhdistettyn\u00e4 orvokkilehtiin. Syd\u00e4ntuoksu houkuttelee aromaattisella seoksella tuoretta salviaa ja geraniumia, joka saa kauniin tasapainon raikkaiden vihreiden omenoiden kanssa. L\u00e4mmin cashmeran, patsuli ja sammal antavat Classic Bluelle elegantin tunnusmerkin.<\/p>\n<p>T\u00e4m\u00e4 David Beckham Eau de Toilette -tuoksu on kauniin taivaan sininen ja se esitet\u00e4\u00e4n tyylikk\u00e4\u00e4ss\u00e4, kuviollisessa lasipullossa, jossa on elegantti metallinsininen korkki. Classic Collection on vastustamaton tulkinta klassikoiden voimasta: Jokainen tuoksu on luotu huolellisesti valituista ainesosista, jotka ovat osoittaneet arvonsa ajan saatossa.<\/p>\n<p>100ml<\/p>\n","protected":false},"excerpt":{"rendered":"<p>David Beckham Fragrances esittelee Classic Blue &#8211; ajattoman Eau de Toilette -tuoksun miehille, jossa on raikas vivahde. Sit\u00e4 voi k\u00e4ytt\u00e4\u00e4 niin arjessa kuin juhlassa. T\u00e4m\u00e4 s\u00e4ihke\u00e4 miesntuoksu on inspiroitunut David Beckhamin aidoista matkoista, el\u00e4m\u00e4ntavasta ja arvoista. Se avautuu hedelm\u00e4isell\u00e4 r\u00e4j\u00e4hdyksell\u00e4 tuoretta greippi\u00e4 ja mehukasta ananasta yhdistettyn\u00e4 orvokkilehtiin. Syd\u00e4ntuoksu houkuttelee aromaattisella seoksella tuoretta salviaa ja geraniumia, [&hellip;]<\/p>\n","protected":false},"featured_media":110693,"comment_status":"open","ping_status":"closed","template":"","meta":{"_trash_the_other_posts":false},"product_brand":[],"product_cat":[709],"product_tag":[2767],"berocket_brand":[1281],"class_list":{"0":"post-110713","1":"product","2":"type-product","3":"status-publish","4":"has-post-thumbnail","6":"product_cat-miesten-eau-de-toilette","7":"product_tag-david-beckham-classic-blue-edt","8":"pa_brand-david-beckham","9":"pa_variantti-100ml","10":"berocket_brand-david-beckham","12":"first","13":"instock","14":"sale","15":"taxable","16":"shipping-taxable","17":"purchasable","18":"product-type-simple"},"_links":{"self":[{"href":"https:\/\/stylingagenten.com\/fi\/wp-json\/wp\/v2\/product\/110713","targetHints":{"allow":["GET"]}}],"collection":[{"href":"https:\/\/stylingagenten.com\/fi\/wp-json\/wp\/v2\/product"}],"about":[{"href":"https:\/\/stylingagenten.com\/fi\/wp-json\/wp\/v2\/types\/product"}],"replies":[{"embeddable":true,"href":"https:\/\/stylingagenten.com\/fi\/wp-json\/wp\/v2\/comments?post=110713"}],"version-history":[{"count":0,"href":"https:\/\/stylingagenten.com\/fi\/wp-json\/wp\/v2\/product\/110713\/revisions"}],"wp:featuredmedia":[{"embeddable":true,"href":"https:\/\/stylingagenten.com\/fi\/wp-json\/wp\/v2\/media\/110693"}],"wp:attachment":[{"href":"https:\/\/stylingagenten.com\/fi\/wp-json\/wp\/v2\/media?parent=110713"}],"wp:term":[{"taxonomy":"product_brand","embeddable":true,"href":"https:\/\/stylingagenten.com\/fi\/wp-json\/wp\/v2\/product_brand?post=110713"},{"taxonomy":"product_cat","embeddable":true,"href":"https:\/\/stylingagenten.com\/fi\/wp-json\/wp\/v2\/product_cat?post=110713"},{"taxonomy":"product_tag","embeddable":true,"href":"https:\/\/stylingagenten.com\/fi\/wp-json\/wp\/v2\/product_tag?post=110713"},{"taxonomy":"berocket_brand","embeddable":true,"href":"https:\/\/stylingagenten.com\/fi\/wp-json\/wp\/v2\/berocket_brand?post=110713"}],"curies":[{"name":"wp","href":"https:\/\/api.w.org\/{rel}","templated":true}]}}