{"id":110686,"date":"2025-05-18T20:56:07","date_gmt":"2025-05-18T20:56:07","guid":{"rendered":"https:\/\/staging2.stylingagenten.com\/fi\/produkt\/ford-mustang-blue-for-men-edt-100ml\/"},"modified":"2026-04-08T15:30:28","modified_gmt":"2026-04-08T15:30:28","slug":"ford-mustang-blue-for-men-edt-100ml","status":"publish","type":"product","link":"https:\/\/stylingagenten.com\/fi\/tuote\/ford-mustang-blue-for-men-edt-100ml\/","title":{"rendered":"Ford Mustang Blue For Men Edt 100ml"},"content":{"rendered":"<p>Esittelemme Mustang Blue -tuoksun, kiehtovan tuoksun, joka on suunniteltu yksinomaan miehille. Erinomainen yhdistelm\u00e4 aromaattisia s\u00e4vyj\u00e4 lupaa, ett\u00e4 Mustang Blue j\u00e4tt\u00e4\u00e4 pysyv\u00e4n vaikutelman tilaisuudesta riippumatta.<br \/>\n<br \/>T\u00e4m\u00e4 ajaton tuoksu alkaa virkist\u00e4vill\u00e4 latvatuoksuilla: mehukas bergamotti, raikas sitruuna ja kirpe\u00e4 minttu. Kun tuoksu kehittyy, keskivaiheessa esiintyv\u00e4t energisoivat laventeli, mausteinen basilika ja rapea vihre\u00e4 omena, jotka lumovat aistit ja tuovat ripauksen eleganssia. Lopuksi tuoksu viimeistell\u00e4\u00e4n l\u00e4mpim\u00e4ll\u00e4 amberilla, maanl\u00e4heisell\u00e4 setripuulla ja sensuellilla myskill\u00e4, jotka j\u00e4tt\u00e4v\u00e4t viettelev\u00e4n ja pitk\u00e4kestoisen j\u00e4ljen.<\/p>\n<p>100ml<\/p>\n","protected":false},"excerpt":{"rendered":"<p>Esittelemme Mustang Blue -tuoksun, kiehtovan tuoksun, joka on suunniteltu yksinomaan miehille. Erinomainen yhdistelm\u00e4 aromaattisia s\u00e4vyj\u00e4 lupaa, ett\u00e4 Mustang Blue j\u00e4tt\u00e4\u00e4 pysyv\u00e4n vaikutelman tilaisuudesta riippumatta. T\u00e4m\u00e4 ajaton tuoksu alkaa virkist\u00e4vill\u00e4 latvatuoksuilla: mehukas bergamotti, raikas sitruuna ja kirpe\u00e4 minttu. Kun tuoksu kehittyy, keskivaiheessa esiintyv\u00e4t energisoivat laventeli, mausteinen basilika ja rapea vihre\u00e4 omena, jotka lumovat aistit ja tuovat [&hellip;]<\/p>\n","protected":false},"featured_media":110683,"comment_status":"open","ping_status":"closed","template":"","meta":{"_trash_the_other_posts":false},"product_brand":[],"product_cat":[1000,709,735],"product_tag":[],"berocket_brand":[1318],"class_list":{"0":"post-110686","1":"product","2":"type-product","3":"status-publish","4":"has-post-thumbnail","6":"product_cat-kampanjatarjous-miehelle","7":"product_cat-miesten-eau-de-toilette","8":"product_cat-kampanjamme","9":"pa_brand-ford-mustang","10":"berocket_brand-ford-mustang","12":"first","13":"instock","14":"sale","15":"taxable","16":"shipping-taxable","17":"purchasable","18":"product-type-simple"},"_links":{"self":[{"href":"https:\/\/stylingagenten.com\/fi\/wp-json\/wp\/v2\/product\/110686","targetHints":{"allow":["GET"]}}],"collection":[{"href":"https:\/\/stylingagenten.com\/fi\/wp-json\/wp\/v2\/product"}],"about":[{"href":"https:\/\/stylingagenten.com\/fi\/wp-json\/wp\/v2\/types\/product"}],"replies":[{"embeddable":true,"href":"https:\/\/stylingagenten.com\/fi\/wp-json\/wp\/v2\/comments?post=110686"}],"version-history":[{"count":0,"href":"https:\/\/stylingagenten.com\/fi\/wp-json\/wp\/v2\/product\/110686\/revisions"}],"wp:featuredmedia":[{"embeddable":true,"href":"https:\/\/stylingagenten.com\/fi\/wp-json\/wp\/v2\/media\/110683"}],"wp:attachment":[{"href":"https:\/\/stylingagenten.com\/fi\/wp-json\/wp\/v2\/media?parent=110686"}],"wp:term":[{"taxonomy":"product_brand","embeddable":true,"href":"https:\/\/stylingagenten.com\/fi\/wp-json\/wp\/v2\/product_brand?post=110686"},{"taxonomy":"product_cat","embeddable":true,"href":"https:\/\/stylingagenten.com\/fi\/wp-json\/wp\/v2\/product_cat?post=110686"},{"taxonomy":"product_tag","embeddable":true,"href":"https:\/\/stylingagenten.com\/fi\/wp-json\/wp\/v2\/product_tag?post=110686"},{"taxonomy":"berocket_brand","embeddable":true,"href":"https:\/\/stylingagenten.com\/fi\/wp-json\/wp\/v2\/berocket_brand?post=110686"}],"curies":[{"name":"wp","href":"https:\/\/api.w.org\/{rel}","templated":true}]}}