{"id":110681,"date":"2025-05-18T20:56:06","date_gmt":"2025-05-18T20:56:06","guid":{"rendered":"https:\/\/staging2.stylingagenten.com\/fi\/produkt\/david-beckham-classic-homme-edt-100ml\/"},"modified":"2026-04-14T11:47:27","modified_gmt":"2026-04-14T11:47:27","slug":"david-beckham-classic-homme-edt-100ml","status":"publish","type":"product","link":"https:\/\/stylingagenten.com\/fi\/tuote\/david-beckham-classic-homme-edt-100ml\/","title":{"rendered":"David Beckham Classic Homme Edt 100ml"},"content":{"rendered":"<p>David Beckham Fragrances esittelee Classic Homme \u2013 modernin tulkinnan miesten tuoksusta, jossa on mausteinen vivahde. K\u00e4yt\u00e4 sit\u00e4 itsevarmuudella kaikissa tilaisuuksissa. Classic Homme Eau de Toilette Spray on kevyt mausteinen puutuoksu, jossa on aromaattinen sekoitus l\u00e4mpimi\u00e4 savuisia s\u00e4vyj\u00e4 ja raikkaita mausteisia nuotteja. Tuoksu avautuu raikkaalla pinkill\u00e4 greipill\u00e4 ja rosmariinilla, jossa on vivahdus vahvaa pippuria. Syd\u00e4ntuoksu on tunnistettava yhdistelm\u00e4 cashmerea, nahkaa ja mustaa daaliaa, joka luo t\u00e4ytel\u00e4isen ja maskuliinisen tuoksun, jota korostavat pohjatuoksun mahonki, patchouli ja sensuellit myski.<\/p>\n<p>Uniikki sylinterim\u00e4inen pullo on koristeltu kauniilla kalanruotokuvioinnilla, ja tyylik\u00e4s tummanharmaa korkki tuo David Beckhamin Eau de Toilette -pullon muotoiluun modernin ja maskuliinisen s\u00e4v\u00e4yksen. Classic Collection on vastustamaton tulkinta klassikoiden voimasta: Jokainen tuoksu on luotu huolellisesti valituista raaka-aineista, jotka ovat todistaneet arvonsa aikojen saatossa.<\/p>\n<p>100ml<\/p>\n","protected":false},"excerpt":{"rendered":"<p>David Beckham Fragrances esittelee Classic Homme \u2013 modernin tulkinnan miesten tuoksusta, jossa on mausteinen vivahde. K\u00e4yt\u00e4 sit\u00e4 itsevarmuudella kaikissa tilaisuuksissa. Classic Homme Eau de Toilette Spray on kevyt mausteinen puutuoksu, jossa on aromaattinen sekoitus l\u00e4mpimi\u00e4 savuisia s\u00e4vyj\u00e4 ja raikkaita mausteisia nuotteja. Tuoksu avautuu raikkaalla pinkill\u00e4 greipill\u00e4 ja rosmariinilla, jossa on vivahdus vahvaa pippuria. Syd\u00e4ntuoksu on [&hellip;]<\/p>\n","protected":false},"featured_media":110661,"comment_status":"open","ping_status":"closed","template":"","meta":{"_trash_the_other_posts":false},"product_brand":[],"product_cat":[1000,709,735],"product_tag":[],"berocket_brand":[1281],"class_list":{"0":"post-110681","1":"product","2":"type-product","3":"status-publish","4":"has-post-thumbnail","6":"product_cat-kampanjatarjous-miehelle","7":"product_cat-miesten-eau-de-toilette","8":"product_cat-kampanjamme","9":"pa_brand-david-beckham","10":"berocket_brand-david-beckham","12":"first","13":"instock","14":"sale","15":"taxable","16":"shipping-taxable","17":"purchasable","18":"product-type-simple"},"_links":{"self":[{"href":"https:\/\/stylingagenten.com\/fi\/wp-json\/wp\/v2\/product\/110681","targetHints":{"allow":["GET"]}}],"collection":[{"href":"https:\/\/stylingagenten.com\/fi\/wp-json\/wp\/v2\/product"}],"about":[{"href":"https:\/\/stylingagenten.com\/fi\/wp-json\/wp\/v2\/types\/product"}],"replies":[{"embeddable":true,"href":"https:\/\/stylingagenten.com\/fi\/wp-json\/wp\/v2\/comments?post=110681"}],"version-history":[{"count":0,"href":"https:\/\/stylingagenten.com\/fi\/wp-json\/wp\/v2\/product\/110681\/revisions"}],"wp:featuredmedia":[{"embeddable":true,"href":"https:\/\/stylingagenten.com\/fi\/wp-json\/wp\/v2\/media\/110661"}],"wp:attachment":[{"href":"https:\/\/stylingagenten.com\/fi\/wp-json\/wp\/v2\/media?parent=110681"}],"wp:term":[{"taxonomy":"product_brand","embeddable":true,"href":"https:\/\/stylingagenten.com\/fi\/wp-json\/wp\/v2\/product_brand?post=110681"},{"taxonomy":"product_cat","embeddable":true,"href":"https:\/\/stylingagenten.com\/fi\/wp-json\/wp\/v2\/product_cat?post=110681"},{"taxonomy":"product_tag","embeddable":true,"href":"https:\/\/stylingagenten.com\/fi\/wp-json\/wp\/v2\/product_tag?post=110681"},{"taxonomy":"berocket_brand","embeddable":true,"href":"https:\/\/stylingagenten.com\/fi\/wp-json\/wp\/v2\/berocket_brand?post=110681"}],"curies":[{"name":"wp","href":"https:\/\/api.w.org\/{rel}","templated":true}]}}