{"id":110673,"date":"2025-05-18T20:56:05","date_gmt":"2025-05-18T20:56:05","guid":{"rendered":"https:\/\/staging2.stylingagenten.com\/fi\/produkt\/cristiano-ronaldo-discover-edt-50ml\/"},"modified":"2026-03-11T21:57:22","modified_gmt":"2026-03-11T21:57:22","slug":"cristiano-ronaldo-discover-edt-50ml","status":"publish","type":"product","link":"https:\/\/stylingagenten.com\/fi\/tuote\/cristiano-ronaldo-discover-edt-50ml\/","title":{"rendered":"Cristiano Ronaldo Discover Edt 50ml"},"content":{"rendered":"<p>Cristiano Ronaldo Discover Edt on el\u00e4v\u00e4, virkist\u00e4v\u00e4 ja dynaaminen tuoksu, joka on luotu vangitsemaan Cristiano Ronaldon rohkean ja seikkailunhaluisen hengen. T\u00e4m\u00e4 kiehtova tuoksu merkitsee uutta lukua Ronaldon matkassa ja kutsuu modernia miest\u00e4 omaksumaan itsens\u00e4 toteuttamisen ja seikkailun. Tuoksu avautuu raikkaasti ja pirist\u00e4v\u00e4sti, ja siin\u00e4 yhdistyv\u00e4t tuoreet sitrustuoksut, joissa appelsiini, sisilian sitruuna ja mandariini punoutuvat yhteen luoden el\u00e4v\u00e4n ja stimuloivan tunteen. Kun tuoksu kehittyy, syd\u00e4mest\u00e4 paljastuu harmoninen sekoitus muskottisalviaa, petitgrainia ja lavandinia, jotka rikastuttavat tuoksua hienostuneella syvyydell\u00e4. Lopuksi cistus-, vetiver- ja patchouli-uutteet antavat vahvan ja pysyv\u00e4n pohjan, j\u00e4tt\u00e4en pysyv\u00e4n vaikutelman.<\/p>\n<p>Huippunuotit: Appelsiini, sisilian sitruuna, mandariini<\/p>\n<p>Syd\u00e4ntuoksut: Muskottisalvia, petitgrain, lavandin<\/p>\n<p>Pohjatuoksut: Cistus, vetiver, patchouli<\/p>\n<p>50ml<\/p>\n","protected":false},"excerpt":{"rendered":"<p>Cristiano Ronaldo Discover Edt on el\u00e4v\u00e4, virkist\u00e4v\u00e4 ja dynaaminen tuoksu, joka on luotu vangitsemaan Cristiano Ronaldon rohkean ja seikkailunhaluisen hengen. T\u00e4m\u00e4 kiehtova tuoksu merkitsee uutta lukua Ronaldon matkassa ja kutsuu modernia miest\u00e4 omaksumaan itsens\u00e4 toteuttamisen ja seikkailun. Tuoksu avautuu raikkaasti ja pirist\u00e4v\u00e4sti, ja siin\u00e4 yhdistyv\u00e4t tuoreet sitrustuoksut, joissa appelsiini, sisilian sitruuna ja mandariini punoutuvat yhteen [&hellip;]<\/p>\n","protected":false},"featured_media":110652,"comment_status":"open","ping_status":"closed","template":"","meta":{"_trash_the_other_posts":false},"product_brand":[],"product_cat":[1000,709,735],"product_tag":[2751],"berocket_brand":[1141],"class_list":{"0":"post-110673","1":"product","2":"type-product","3":"status-publish","4":"has-post-thumbnail","6":"product_cat-kampanjatarjous-miehelle","7":"product_cat-miesten-eau-de-toilette","8":"product_cat-kampanjamme","9":"product_tag-cristiano-ronaldo-discover-edt","10":"pa_brand-cristiano-ronaldo","11":"pa_variantti-50ml","12":"berocket_brand-cristiano-ronaldo","14":"first","15":"instock","16":"sale","17":"taxable","18":"shipping-taxable","19":"purchasable","20":"product-type-simple"},"_links":{"self":[{"href":"https:\/\/stylingagenten.com\/fi\/wp-json\/wp\/v2\/product\/110673","targetHints":{"allow":["GET"]}}],"collection":[{"href":"https:\/\/stylingagenten.com\/fi\/wp-json\/wp\/v2\/product"}],"about":[{"href":"https:\/\/stylingagenten.com\/fi\/wp-json\/wp\/v2\/types\/product"}],"replies":[{"embeddable":true,"href":"https:\/\/stylingagenten.com\/fi\/wp-json\/wp\/v2\/comments?post=110673"}],"version-history":[{"count":0,"href":"https:\/\/stylingagenten.com\/fi\/wp-json\/wp\/v2\/product\/110673\/revisions"}],"wp:featuredmedia":[{"embeddable":true,"href":"https:\/\/stylingagenten.com\/fi\/wp-json\/wp\/v2\/media\/110652"}],"wp:attachment":[{"href":"https:\/\/stylingagenten.com\/fi\/wp-json\/wp\/v2\/media?parent=110673"}],"wp:term":[{"taxonomy":"product_brand","embeddable":true,"href":"https:\/\/stylingagenten.com\/fi\/wp-json\/wp\/v2\/product_brand?post=110673"},{"taxonomy":"product_cat","embeddable":true,"href":"https:\/\/stylingagenten.com\/fi\/wp-json\/wp\/v2\/product_cat?post=110673"},{"taxonomy":"product_tag","embeddable":true,"href":"https:\/\/stylingagenten.com\/fi\/wp-json\/wp\/v2\/product_tag?post=110673"},{"taxonomy":"berocket_brand","embeddable":true,"href":"https:\/\/stylingagenten.com\/fi\/wp-json\/wp\/v2\/berocket_brand?post=110673"}],"curies":[{"name":"wp","href":"https:\/\/api.w.org\/{rel}","templated":true}]}}