{"id":110655,"date":"2025-05-18T20:56:03","date_gmt":"2025-05-18T20:56:03","guid":{"rendered":"https:\/\/staging2.stylingagenten.com\/fi\/produkt\/creed-erolfa-edp-100ml\/"},"modified":"2026-03-11T22:05:22","modified_gmt":"2026-03-11T22:05:22","slug":"creed-erolfa-edp-100ml","status":"publish","type":"product","link":"https:\/\/stylingagenten.com\/fi\/tuote\/creed-erolfa-edp-100ml\/","title":{"rendered":"Creed Erolfa Edp 100ml"},"content":{"rendered":"<p>Creed Erolfa Edp on raikas ja monipuolinen tuoksu, jota voi k\u00e4ytt\u00e4\u00e4 aamusta iltaan. Bergamotti, mandariini ja basilika her\u00e4tt\u00e4v\u00e4t aistit, kun taas santelipuu, seetripuu ja myski muodostavat t\u00e4m\u00e4n raikkaan, kukkaisen tuoksun pohjavivahteet. T\u00e4m\u00e4 tuoksu on yht\u00e4 virkist\u00e4v\u00e4 kuin rauhoittava ja sopii kaikille vuodenajoille.<\/p>\n<p>Yl\u00e4vivahteet: Kumina, Lime, Meloni, Vihre\u00e4t vivahteet, Orvokki, Bergamotti ja Sitruuna.<br \/>\n<br \/>Syd\u00e4nvivahteet: Syklaami, M\u00e4nty, Inkiv\u00e4\u00e4ri, Pippuri, Jasmiini, Muskotti ja Vihre\u00e4t vivahteet.<br \/>\n<br \/>Pohjavivahteet: Santelipuu, Myski, Tammesammal, Seetripuu ja Meripihka.<\/p>\n<p>100ml<\/p>\n","protected":false},"excerpt":{"rendered":"<p>Creed Erolfa Edp on raikas ja monipuolinen tuoksu, jota voi k\u00e4ytt\u00e4\u00e4 aamusta iltaan. Bergamotti, mandariini ja basilika her\u00e4tt\u00e4v\u00e4t aistit, kun taas santelipuu, seetripuu ja myski muodostavat t\u00e4m\u00e4n raikkaan, kukkaisen tuoksun pohjavivahteet. T\u00e4m\u00e4 tuoksu on yht\u00e4 virkist\u00e4v\u00e4 kuin rauhoittava ja sopii kaikille vuodenajoille. Yl\u00e4vivahteet: Kumina, Lime, Meloni, Vihre\u00e4t vivahteet, Orvokki, Bergamotti ja Sitruuna. Syd\u00e4nvivahteet: Syklaami, M\u00e4nty, [&hellip;]<\/p>\n","protected":false},"featured_media":110639,"comment_status":"open","ping_status":"closed","template":"","meta":{"_trash_the_other_posts":false},"product_brand":[],"product_cat":[708,1000,735],"product_tag":[],"berocket_brand":[1236],"class_list":{"0":"post-110655","1":"product","2":"type-product","3":"status-publish","4":"has-post-thumbnail","6":"product_cat-eau-de-parfum-miesten","7":"product_cat-kampanjatarjous-miehelle","8":"product_cat-kampanjamme","9":"pa_brand-creed","10":"berocket_brand-creed","12":"first","13":"instock","14":"sale","15":"taxable","16":"shipping-taxable","17":"purchasable","18":"product-type-simple"},"_links":{"self":[{"href":"https:\/\/stylingagenten.com\/fi\/wp-json\/wp\/v2\/product\/110655","targetHints":{"allow":["GET"]}}],"collection":[{"href":"https:\/\/stylingagenten.com\/fi\/wp-json\/wp\/v2\/product"}],"about":[{"href":"https:\/\/stylingagenten.com\/fi\/wp-json\/wp\/v2\/types\/product"}],"replies":[{"embeddable":true,"href":"https:\/\/stylingagenten.com\/fi\/wp-json\/wp\/v2\/comments?post=110655"}],"version-history":[{"count":0,"href":"https:\/\/stylingagenten.com\/fi\/wp-json\/wp\/v2\/product\/110655\/revisions"}],"wp:featuredmedia":[{"embeddable":true,"href":"https:\/\/stylingagenten.com\/fi\/wp-json\/wp\/v2\/media\/110639"}],"wp:attachment":[{"href":"https:\/\/stylingagenten.com\/fi\/wp-json\/wp\/v2\/media?parent=110655"}],"wp:term":[{"taxonomy":"product_brand","embeddable":true,"href":"https:\/\/stylingagenten.com\/fi\/wp-json\/wp\/v2\/product_brand?post=110655"},{"taxonomy":"product_cat","embeddable":true,"href":"https:\/\/stylingagenten.com\/fi\/wp-json\/wp\/v2\/product_cat?post=110655"},{"taxonomy":"product_tag","embeddable":true,"href":"https:\/\/stylingagenten.com\/fi\/wp-json\/wp\/v2\/product_tag?post=110655"},{"taxonomy":"berocket_brand","embeddable":true,"href":"https:\/\/stylingagenten.com\/fi\/wp-json\/wp\/v2\/berocket_brand?post=110655"}],"curies":[{"name":"wp","href":"https:\/\/api.w.org\/{rel}","templated":true}]}}