{"id":110645,"date":"2025-05-18T20:56:02","date_gmt":"2025-05-18T20:56:02","guid":{"rendered":"https:\/\/staging2.stylingagenten.com\/fi\/produkt\/cristiano-ronaldo-cr7-edt-100ml\/"},"modified":"2026-04-05T02:38:33","modified_gmt":"2026-04-05T02:38:33","slug":"cristiano-ronaldo-cr7-edt-100ml","status":"publish","type":"product","link":"https:\/\/stylingagenten.com\/fi\/tuote\/cristiano-ronaldo-cr7-edt-100ml\/","title":{"rendered":"Cristiano Ronaldo CR7 Edt 100ml"},"content":{"rendered":"<p>Cristiano Ronaldo CR7 Edt on klassinen miesten hajuvesi, jossa on l\u00e4mmin, puinen tuoksu Cristiano Ronaldolta. Toisin kuin aiemmissa julkaisuissa, se saa inspiraationsa t\u00e4hden jalkapallourasta. Luku 7 on Real Madridin pelipaita. CR7 EdT on my\u00f6s Cristiano Ronaldon urheilumerkin nimi, joka nyt sis\u00e4lt\u00e4\u00e4 my\u00f6s hotellikompleksin. Se avautuu raikkaasti ja kehittyy mausteiseksi, l\u00e4mpim\u00e4ksi tuoksuksi, jossa on makeita vivahteita.<\/p>\n<p>Huipputuoksut: Artemisia, Bergamot, Kardemumma, Laventeli<\/p>\n<p>Syd\u00e4ntuoksut: Setri, Iiris, Kaneli, Tupakka<\/p>\n<p>Pohjatuoksut: Meripihka, Muskki, Santelipuu, Vanilja<\/p>\n<p>100 ml<\/p>\n","protected":false},"excerpt":{"rendered":"<p>Cristiano Ronaldo CR7 Edt on klassinen miesten hajuvesi, jossa on l\u00e4mmin, puinen tuoksu Cristiano Ronaldolta. Toisin kuin aiemmissa julkaisuissa, se saa inspiraationsa t\u00e4hden jalkapallourasta. Luku 7 on Real Madridin pelipaita. CR7 EdT on my\u00f6s Cristiano Ronaldon urheilumerkin nimi, joka nyt sis\u00e4lt\u00e4\u00e4 my\u00f6s hotellikompleksin. Se avautuu raikkaasti ja kehittyy mausteiseksi, l\u00e4mpim\u00e4ksi tuoksuksi, jossa on makeita vivahteita. [&hellip;]<\/p>\n","protected":false},"featured_media":110629,"comment_status":"open","ping_status":"closed","template":"","meta":{"_trash_the_other_posts":false},"product_brand":[],"product_cat":[1000,709,735],"product_tag":[2748],"berocket_brand":[1141],"class_list":{"0":"post-110645","1":"product","2":"type-product","3":"status-publish","4":"has-post-thumbnail","6":"product_cat-kampanjatarjous-miehelle","7":"product_cat-miesten-eau-de-toilette","8":"product_cat-kampanjamme","9":"product_tag-cristiano-ronaldo-cr7-edt","10":"pa_brand-cristiano-ronaldo","11":"pa_variantti-100ml","12":"berocket_brand-cristiano-ronaldo","14":"first","15":"instock","16":"sale","17":"taxable","18":"shipping-taxable","19":"purchasable","20":"product-type-simple"},"_links":{"self":[{"href":"https:\/\/stylingagenten.com\/fi\/wp-json\/wp\/v2\/product\/110645","targetHints":{"allow":["GET"]}}],"collection":[{"href":"https:\/\/stylingagenten.com\/fi\/wp-json\/wp\/v2\/product"}],"about":[{"href":"https:\/\/stylingagenten.com\/fi\/wp-json\/wp\/v2\/types\/product"}],"replies":[{"embeddable":true,"href":"https:\/\/stylingagenten.com\/fi\/wp-json\/wp\/v2\/comments?post=110645"}],"version-history":[{"count":0,"href":"https:\/\/stylingagenten.com\/fi\/wp-json\/wp\/v2\/product\/110645\/revisions"}],"wp:featuredmedia":[{"embeddable":true,"href":"https:\/\/stylingagenten.com\/fi\/wp-json\/wp\/v2\/media\/110629"}],"wp:attachment":[{"href":"https:\/\/stylingagenten.com\/fi\/wp-json\/wp\/v2\/media?parent=110645"}],"wp:term":[{"taxonomy":"product_brand","embeddable":true,"href":"https:\/\/stylingagenten.com\/fi\/wp-json\/wp\/v2\/product_brand?post=110645"},{"taxonomy":"product_cat","embeddable":true,"href":"https:\/\/stylingagenten.com\/fi\/wp-json\/wp\/v2\/product_cat?post=110645"},{"taxonomy":"product_tag","embeddable":true,"href":"https:\/\/stylingagenten.com\/fi\/wp-json\/wp\/v2\/product_tag?post=110645"},{"taxonomy":"berocket_brand","embeddable":true,"href":"https:\/\/stylingagenten.com\/fi\/wp-json\/wp\/v2\/berocket_brand?post=110645"}],"curies":[{"name":"wp","href":"https:\/\/api.w.org\/{rel}","templated":true}]}}