{"id":110635,"date":"2025-05-18T20:56:01","date_gmt":"2025-05-18T20:56:01","guid":{"rendered":"https:\/\/staging2.stylingagenten.com\/fi\/produkt\/coach-green-edt-60ml\/"},"modified":"2026-04-04T15:28:26","modified_gmt":"2026-04-04T15:28:26","slug":"coach-green-edt-60ml","status":"publish","type":"product","link":"https:\/\/stylingagenten.com\/fi\/tuote\/coach-green-edt-60ml\/","title":{"rendered":"Coach Green Edt 60ml"},"content":{"rendered":"<p>Coach Green on Coachin Eau de Toilette -tuoksu, joka on saanut inspiraationsa eloisista vihreist\u00e4 keitaista kaupungin dynaamisen energian keskell\u00e4.<\/p>\n<p>Coach on vanginnut t\u00e4m\u00e4n tunteen luomalla tunnusomaisen tuoksun, joka tarjoaa t\u00e4ydellisen tasapainon eloisaan kaupunkihenkeen ja luonnolliseen, ajattomaan kokemukseen. Tuoksu avautuu raikkaalla p\u00e4\u00e4ryn\u00e4- ja bergamotin huipentumalla, jota vahvistavat aromaattiset rosmariinin ja geraniumin s\u00e4vyt ennen kuin se p\u00e4\u00e4ttyy maanl\u00e4heiseen pohjas\u00e4vyyn maskuliinisesta setripuu.<\/p>\n<p>Yl\u00e4tuoksut: Kiwi-akkordi ja bergamotti.<\/p>\n<p>Syd\u00e4ntuoksut: Rosmariini.<\/p>\n<p>Pohjatuoksut: Krystallimoss ja setripuu.<\/p>\n<p>60 ml<\/p>\n","protected":false},"excerpt":{"rendered":"<p>Coach Green on Coachin Eau de Toilette -tuoksu, joka on saanut inspiraationsa eloisista vihreist\u00e4 keitaista kaupungin dynaamisen energian keskell\u00e4. Coach on vanginnut t\u00e4m\u00e4n tunteen luomalla tunnusomaisen tuoksun, joka tarjoaa t\u00e4ydellisen tasapainon eloisaan kaupunkihenkeen ja luonnolliseen, ajattomaan kokemukseen. Tuoksu avautuu raikkaalla p\u00e4\u00e4ryn\u00e4- ja bergamotin huipentumalla, jota vahvistavat aromaattiset rosmariinin ja geraniumin s\u00e4vyt ennen kuin se p\u00e4\u00e4ttyy [&hellip;]<\/p>\n","protected":false},"featured_media":110596,"comment_status":"open","ping_status":"closed","template":"","meta":{"_trash_the_other_posts":false},"product_brand":[],"product_cat":[1000,709,735],"product_tag":[],"berocket_brand":[1991],"class_list":{"0":"post-110635","1":"product","2":"type-product","3":"status-publish","4":"has-post-thumbnail","6":"product_cat-kampanjatarjous-miehelle","7":"product_cat-miesten-eau-de-toilette","8":"product_cat-kampanjamme","9":"pa_brand-coach","10":"berocket_brand-coach","12":"first","13":"instock","14":"sale","15":"taxable","16":"shipping-taxable","17":"purchasable","18":"product-type-simple"},"_links":{"self":[{"href":"https:\/\/stylingagenten.com\/fi\/wp-json\/wp\/v2\/product\/110635","targetHints":{"allow":["GET"]}}],"collection":[{"href":"https:\/\/stylingagenten.com\/fi\/wp-json\/wp\/v2\/product"}],"about":[{"href":"https:\/\/stylingagenten.com\/fi\/wp-json\/wp\/v2\/types\/product"}],"replies":[{"embeddable":true,"href":"https:\/\/stylingagenten.com\/fi\/wp-json\/wp\/v2\/comments?post=110635"}],"version-history":[{"count":0,"href":"https:\/\/stylingagenten.com\/fi\/wp-json\/wp\/v2\/product\/110635\/revisions"}],"wp:featuredmedia":[{"embeddable":true,"href":"https:\/\/stylingagenten.com\/fi\/wp-json\/wp\/v2\/media\/110596"}],"wp:attachment":[{"href":"https:\/\/stylingagenten.com\/fi\/wp-json\/wp\/v2\/media?parent=110635"}],"wp:term":[{"taxonomy":"product_brand","embeddable":true,"href":"https:\/\/stylingagenten.com\/fi\/wp-json\/wp\/v2\/product_brand?post=110635"},{"taxonomy":"product_cat","embeddable":true,"href":"https:\/\/stylingagenten.com\/fi\/wp-json\/wp\/v2\/product_cat?post=110635"},{"taxonomy":"product_tag","embeddable":true,"href":"https:\/\/stylingagenten.com\/fi\/wp-json\/wp\/v2\/product_tag?post=110635"},{"taxonomy":"berocket_brand","embeddable":true,"href":"https:\/\/stylingagenten.com\/fi\/wp-json\/wp\/v2\/berocket_brand?post=110635"}],"curies":[{"name":"wp","href":"https:\/\/api.w.org\/{rel}","templated":true}]}}