{"id":110615,"date":"2025-05-18T20:55:59","date_gmt":"2025-05-18T20:55:59","guid":{"rendered":"https:\/\/staging2.stylingagenten.com\/fi\/produkt\/dolcegabbana-light-blue-pour-homme-summer-vibes-edt-125ml\/"},"modified":"2026-03-20T07:57:30","modified_gmt":"2026-03-20T07:57:30","slug":"dolcegabbana-light-blue-pour-homme-summer-vibes-edt-125ml","status":"publish","type":"product","link":"https:\/\/stylingagenten.com\/fi\/tuote\/dolcegabbana-light-blue-pour-homme-summer-vibes-edt-125ml\/","title":{"rendered":"Dolce&amp;Gabbana Light Blue Pour Homme Summer Vibes Edt 125ml"},"content":{"rendered":"<p>T\u00e4ydellinen italialainen loma. Kes\u00e4, meri, energia. Dolce&amp;Gabbana Light Blue Summer Vibes tulee rajoitettuna painoksena ja yhdist\u00e4\u00e4 kaksi klassista tuoksua yhteen majolikakuvioituun laatikkoon. Puinen ja aromaattinen.<\/p>\n<p>Tuoksu huokuu italialaista lomatunnelmaa virkist\u00e4v\u00e4n v\u00e4limerellisen sitruksen ja puunuottien yhdistelm\u00e4ll\u00e4. Se n\u00e4kyy pullon pehmeiss\u00e4 linjoissa ja valkoisessa korkissa sek\u00e4 majolikakuvioidussa laatikossa.<\/p>\n<p>Dolce&amp;Gabbana Light Blue Summer Vibes Pour Homme Eau de Toilette: aurinkoinen ja karismaattinen.<\/p>\n<p>Tuoksun on luonut Alberto Morillas yksinomaan Dolce&amp;Gabbana:lle.<\/p>\n<p>Nuotit:<\/p>\n<p>Alkutuoksu: T\u00e4m\u00e4 eksklusiivinen versio Light Blue Pour Homme -tuoksusta s\u00e4ilytt\u00e4\u00e4 klassisen sitruspohjan, mutta siihen on lis\u00e4tty erityisen raikas h\u00e4iv\u00e4hdys sisilialaista sitruunaa. Sisilialainen sitruuna: raikas ja virkist\u00e4v\u00e4.<\/p>\n<p>Syd\u00e4ntuoksu: Sypressi vahvistaa maskuliinista karismaa. Sypressi: aromaattinen ja elegantti.<\/p>\n<p>Pohjatuoksu: Tuoksu viimeistell\u00e4\u00e4n miellytt\u00e4vill\u00e4 meripihkapuun s\u00e4vyill\u00e4. Meripihkapuu: l\u00e4mmin ja sensuelli.<\/p>\n<p>125ml<\/p>\n","protected":false},"excerpt":{"rendered":"<p>T\u00e4ydellinen italialainen loma. Kes\u00e4, meri, energia. Dolce&amp;Gabbana Light Blue Summer Vibes tulee rajoitettuna painoksena ja yhdist\u00e4\u00e4 kaksi klassista tuoksua yhteen majolikakuvioituun laatikkoon. Puinen ja aromaattinen. Tuoksu huokuu italialaista lomatunnelmaa virkist\u00e4v\u00e4n v\u00e4limerellisen sitruksen ja puunuottien yhdistelm\u00e4ll\u00e4. Se n\u00e4kyy pullon pehmeiss\u00e4 linjoissa ja valkoisessa korkissa sek\u00e4 majolikakuvioidussa laatikossa. Dolce&amp;Gabbana Light Blue Summer Vibes Pour Homme Eau de [&hellip;]<\/p>\n","protected":false},"featured_media":110588,"comment_status":"open","ping_status":"closed","template":"","meta":{"_trash_the_other_posts":false},"product_brand":[],"product_cat":[1000,709,735],"product_tag":[],"berocket_brand":[1292],"class_list":{"0":"post-110615","1":"product","2":"type-product","3":"status-publish","4":"has-post-thumbnail","6":"product_cat-kampanjatarjous-miehelle","7":"product_cat-miesten-eau-de-toilette","8":"product_cat-kampanjamme","9":"pa_brand-dolce-gabbana","10":"berocket_brand-dolce-gabbana","12":"first","13":"outofstock","14":"sale","15":"taxable","16":"shipping-taxable","17":"purchasable","18":"product-type-simple"},"_links":{"self":[{"href":"https:\/\/stylingagenten.com\/fi\/wp-json\/wp\/v2\/product\/110615","targetHints":{"allow":["GET"]}}],"collection":[{"href":"https:\/\/stylingagenten.com\/fi\/wp-json\/wp\/v2\/product"}],"about":[{"href":"https:\/\/stylingagenten.com\/fi\/wp-json\/wp\/v2\/types\/product"}],"replies":[{"embeddable":true,"href":"https:\/\/stylingagenten.com\/fi\/wp-json\/wp\/v2\/comments?post=110615"}],"version-history":[{"count":0,"href":"https:\/\/stylingagenten.com\/fi\/wp-json\/wp\/v2\/product\/110615\/revisions"}],"wp:featuredmedia":[{"embeddable":true,"href":"https:\/\/stylingagenten.com\/fi\/wp-json\/wp\/v2\/media\/110588"}],"wp:attachment":[{"href":"https:\/\/stylingagenten.com\/fi\/wp-json\/wp\/v2\/media?parent=110615"}],"wp:term":[{"taxonomy":"product_brand","embeddable":true,"href":"https:\/\/stylingagenten.com\/fi\/wp-json\/wp\/v2\/product_brand?post=110615"},{"taxonomy":"product_cat","embeddable":true,"href":"https:\/\/stylingagenten.com\/fi\/wp-json\/wp\/v2\/product_cat?post=110615"},{"taxonomy":"product_tag","embeddable":true,"href":"https:\/\/stylingagenten.com\/fi\/wp-json\/wp\/v2\/product_tag?post=110615"},{"taxonomy":"berocket_brand","embeddable":true,"href":"https:\/\/stylingagenten.com\/fi\/wp-json\/wp\/v2\/berocket_brand?post=110615"}],"curies":[{"name":"wp","href":"https:\/\/api.w.org\/{rel}","templated":true}]}}