{"id":110599,"date":"2025-05-18T20:55:57","date_gmt":"2025-05-18T20:55:57","guid":{"rendered":"https:\/\/staging2.stylingagenten.com\/fi\/produkt\/burberry-weekend-edt-50ml\/"},"modified":"2026-03-11T21:56:39","modified_gmt":"2026-03-11T21:56:39","slug":"burberry-weekend-edt-50ml","status":"publish","type":"product","link":"https:\/\/stylingagenten.com\/fi\/tuote\/burberry-weekend-edt-50ml\/","title":{"rendered":"Burberry Weekend Edt 50ml"},"content":{"rendered":"<p>Unohda arjen huolenaiheet ja nauti rentoutumisesta ja vapaudesta. Burberry Weekend for Men Eau de Toilette tuo sinulle raikasta hyvinvointia ja optimismia joka p\u00e4iv\u00e4.<\/p>\n<p>Aluksi saat virkistyst\u00e4 sitrushedelmien r\u00e4j\u00e4hdyksest\u00e4, jossa on greippi\u00e4, bergamotia, mandariinia ja sitruunaa, sekoitettuna vesimelonin ja ananaksen kanssa. T\u00e4m\u00e4n hedelm\u00e4cocktailin j\u00e4lkeen kohtaat ainutlaatuisen yhdistelm\u00e4n l\u00e4mmint\u00e4 santelipuuta, kevytt\u00e4 murattia ja maskuliinista tammimossia. Tunnistat my\u00f6s syvi\u00e4 ja vangitsevia s\u00e4vyj\u00e4 herk\u00e4n hunajan, amberin ja viettelev\u00e4n muskin.<\/p>\n<p>Yl\u00e4tuoksut: Bergamotti, Sitruuna, Ananas, Mandariini, Meloni, Greippi<\/p>\n<p>Syd\u00e4ntuoksut: Muratti, Puolukkakuori, Santelipuu<\/p>\n<p>Pohjatuoksut: Muskus, Amber, Hunaja<\/p>\n<p>50 ml<\/p>\n","protected":false},"excerpt":{"rendered":"<p>Unohda arjen huolenaiheet ja nauti rentoutumisesta ja vapaudesta. Burberry Weekend for Men Eau de Toilette tuo sinulle raikasta hyvinvointia ja optimismia joka p\u00e4iv\u00e4. Aluksi saat virkistyst\u00e4 sitrushedelmien r\u00e4j\u00e4hdyksest\u00e4, jossa on greippi\u00e4, bergamotia, mandariinia ja sitruunaa, sekoitettuna vesimelonin ja ananaksen kanssa. T\u00e4m\u00e4n hedelm\u00e4cocktailin j\u00e4lkeen kohtaat ainutlaatuisen yhdistelm\u00e4n l\u00e4mmint\u00e4 santelipuuta, kevytt\u00e4 murattia ja maskuliinista tammimossia. Tunnistat my\u00f6s [&hellip;]<\/p>\n","protected":false},"featured_media":110590,"comment_status":"open","ping_status":"closed","template":"","meta":{"_trash_the_other_posts":false},"product_brand":[],"product_cat":[1000,709,735],"product_tag":[],"berocket_brand":[1017],"class_list":{"0":"post-110599","1":"product","2":"type-product","3":"status-publish","4":"has-post-thumbnail","6":"product_cat-kampanjatarjous-miehelle","7":"product_cat-miesten-eau-de-toilette","8":"product_cat-kampanjamme","9":"pa_brand-burberry","10":"berocket_brand-burberry","12":"first","13":"instock","14":"sale","15":"taxable","16":"shipping-taxable","17":"purchasable","18":"product-type-simple"},"_links":{"self":[{"href":"https:\/\/stylingagenten.com\/fi\/wp-json\/wp\/v2\/product\/110599","targetHints":{"allow":["GET"]}}],"collection":[{"href":"https:\/\/stylingagenten.com\/fi\/wp-json\/wp\/v2\/product"}],"about":[{"href":"https:\/\/stylingagenten.com\/fi\/wp-json\/wp\/v2\/types\/product"}],"replies":[{"embeddable":true,"href":"https:\/\/stylingagenten.com\/fi\/wp-json\/wp\/v2\/comments?post=110599"}],"version-history":[{"count":0,"href":"https:\/\/stylingagenten.com\/fi\/wp-json\/wp\/v2\/product\/110599\/revisions"}],"wp:featuredmedia":[{"embeddable":true,"href":"https:\/\/stylingagenten.com\/fi\/wp-json\/wp\/v2\/media\/110590"}],"wp:attachment":[{"href":"https:\/\/stylingagenten.com\/fi\/wp-json\/wp\/v2\/media?parent=110599"}],"wp:term":[{"taxonomy":"product_brand","embeddable":true,"href":"https:\/\/stylingagenten.com\/fi\/wp-json\/wp\/v2\/product_brand?post=110599"},{"taxonomy":"product_cat","embeddable":true,"href":"https:\/\/stylingagenten.com\/fi\/wp-json\/wp\/v2\/product_cat?post=110599"},{"taxonomy":"product_tag","embeddable":true,"href":"https:\/\/stylingagenten.com\/fi\/wp-json\/wp\/v2\/product_tag?post=110599"},{"taxonomy":"berocket_brand","embeddable":true,"href":"https:\/\/stylingagenten.com\/fi\/wp-json\/wp\/v2\/berocket_brand?post=110599"}],"curies":[{"name":"wp","href":"https:\/\/api.w.org\/{rel}","templated":true}]}}