{"id":110586,"date":"2025-05-18T20:55:55","date_gmt":"2025-05-18T20:55:55","guid":{"rendered":"https:\/\/staging2.stylingagenten.com\/fi\/produkt\/gucci-guilty-pour-homme-edp-150ml\/"},"modified":"2026-04-14T02:08:27","modified_gmt":"2026-04-14T02:08:27","slug":"gucci-guilty-pour-homme-edp-150ml","status":"publish","type":"product","link":"https:\/\/stylingagenten.com\/fi\/tuote\/gucci-guilty-pour-homme-edp-150ml\/","title":{"rendered":"Gucci Guilty Pour Homme Edp 150ml"},"content":{"rendered":"<p>Gucci Guilty Pour Homme Eau de Parfum on kiehtova ja yll\u00e4tt\u00e4v\u00e4 tuoksu, joka on luotu provosoimaan puun ja mausteiden aromaattisilla s\u00e4vyill\u00e4.<\/p>\n<p>Kaksi klassista 1970-luvulla suosittua ainesosaa, ruusu ja chilipippuri, on uudelleentulkittu ja korvaavat alkuper\u00e4istuoksun p\u00e4\u00e4llimm\u00e4iset nuotit ros\u00e9pippurin ja italialaisen sitruunan, mik\u00e4 luo odottamattoman ja raikkaan retrofiiliksen. Punaisen chilipippurin l\u00e4mmin, mausteinen tuoksu kontrastoi etikan ja suolan karvaan, aromaattisen raikkauden kanssa, tuoden tuoksuun yll\u00e4tt\u00e4v\u00e4n vivahteen. Neroli, ranskalainen laventeli ja appelsiininkukan absoluuttinen \u00f6ljy muodostavat syd\u00e4ntuoksun, antaen voimakkaamman ja intensiivisemm\u00e4n maskuliinisen vaikutelman. Tuoksu viimeistell\u00e4\u00e4n t\u00e4ytel\u00e4isell\u00e4 ja sensuellilla patsulin ja setripuun pohjalla.<\/p>\n<p>P\u00e4\u00e4llimm\u00e4iset tuoksunuotit: Ruusu &amp; chilipippuri<br \/>Syd\u00e4ntuoksu: Neroli, laventeli &amp; appelsiininkukan absoluuttinen \u00f6ljy<br \/>Pohjatuoksu: Patsuli &amp; setripuu<\/p>\n<p>150 ml<\/p>\n","protected":false},"excerpt":{"rendered":"<p>Gucci Guilty Pour Homme Eau de Parfum on kiehtova ja yll\u00e4tt\u00e4v\u00e4 tuoksu, joka on luotu provosoimaan puun ja mausteiden aromaattisilla s\u00e4vyill\u00e4. Kaksi klassista 1970-luvulla suosittua ainesosaa, ruusu ja chilipippuri, on uudelleentulkittu ja korvaavat alkuper\u00e4istuoksun p\u00e4\u00e4llimm\u00e4iset nuotit ros\u00e9pippurin ja italialaisen sitruunan, mik\u00e4 luo odottamattoman ja raikkaan retrofiiliksen. Punaisen chilipippurin l\u00e4mmin, mausteinen tuoksu kontrastoi etikan ja suolan [&hellip;]<\/p>\n","protected":false},"featured_media":110558,"comment_status":"open","ping_status":"closed","template":"","meta":{"_trash_the_other_posts":false},"product_brand":[],"product_cat":[708,1000,735],"product_tag":[2943],"berocket_brand":[1329],"class_list":{"0":"post-110586","1":"product","2":"type-product","3":"status-publish","4":"has-post-thumbnail","6":"product_cat-eau-de-parfum-miesten","7":"product_cat-kampanjatarjous-miehelle","8":"product_cat-kampanjamme","9":"product_tag-gucci-guilty-pour-homme-edp","10":"pa_brand-gucci","11":"pa_variantti-150ml","12":"berocket_brand-gucci","14":"first","15":"outofstock","16":"sale","17":"taxable","18":"shipping-taxable","19":"purchasable","20":"product-type-simple"},"_links":{"self":[{"href":"https:\/\/stylingagenten.com\/fi\/wp-json\/wp\/v2\/product\/110586","targetHints":{"allow":["GET"]}}],"collection":[{"href":"https:\/\/stylingagenten.com\/fi\/wp-json\/wp\/v2\/product"}],"about":[{"href":"https:\/\/stylingagenten.com\/fi\/wp-json\/wp\/v2\/types\/product"}],"replies":[{"embeddable":true,"href":"https:\/\/stylingagenten.com\/fi\/wp-json\/wp\/v2\/comments?post=110586"}],"version-history":[{"count":0,"href":"https:\/\/stylingagenten.com\/fi\/wp-json\/wp\/v2\/product\/110586\/revisions"}],"wp:featuredmedia":[{"embeddable":true,"href":"https:\/\/stylingagenten.com\/fi\/wp-json\/wp\/v2\/media\/110558"}],"wp:attachment":[{"href":"https:\/\/stylingagenten.com\/fi\/wp-json\/wp\/v2\/media?parent=110586"}],"wp:term":[{"taxonomy":"product_brand","embeddable":true,"href":"https:\/\/stylingagenten.com\/fi\/wp-json\/wp\/v2\/product_brand?post=110586"},{"taxonomy":"product_cat","embeddable":true,"href":"https:\/\/stylingagenten.com\/fi\/wp-json\/wp\/v2\/product_cat?post=110586"},{"taxonomy":"product_tag","embeddable":true,"href":"https:\/\/stylingagenten.com\/fi\/wp-json\/wp\/v2\/product_tag?post=110586"},{"taxonomy":"berocket_brand","embeddable":true,"href":"https:\/\/stylingagenten.com\/fi\/wp-json\/wp\/v2\/berocket_brand?post=110586"}],"curies":[{"name":"wp","href":"https:\/\/api.w.org\/{rel}","templated":true}]}}