{"id":110580,"date":"2025-05-18T20:55:54","date_gmt":"2025-05-18T20:55:54","guid":{"rendered":"https:\/\/staging2.stylingagenten.com\/fi\/produkt\/milano-man-edt-50ml\/"},"modified":"2026-04-08T18:48:53","modified_gmt":"2026-04-08T18:48:53","slug":"milano-man-edt-50ml","status":"publish","type":"product","link":"https:\/\/stylingagenten.com\/fi\/tuote\/milano-man-edt-50ml\/","title":{"rendered":"Milano Man Edt 50ml"},"content":{"rendered":"<p>Milano Man Edt avautuu raikkailla tuoksuilla greippi\u00e4, mandariinia ja merellisi\u00e4 akordeja, jotka johtavat eleganttiin syd\u00e4meen, jossa on laakerinlehti\u00e4 ja jasmiinia. Lopuksi vaikuttava yhdistelm\u00e4 guajakpuuta, tammen sammalta, patchoulia ja meripihkaa.<\/p>\n<p>50ml<\/p>\n","protected":false},"excerpt":{"rendered":"<p>Milano Man Edt avautuu raikkailla tuoksuilla greippi\u00e4, mandariinia ja merellisi\u00e4 akordeja, jotka johtavat eleganttiin syd\u00e4meen, jossa on laakerinlehti\u00e4 ja jasmiinia. Lopuksi vaikuttava yhdistelm\u00e4 guajakpuuta, tammen sammalta, patchoulia ja meripihkaa. 50ml<\/p>\n","protected":false},"featured_media":110576,"comment_status":"open","ping_status":"closed","template":"","meta":{"_trash_the_other_posts":false},"product_brand":[],"product_cat":[1000,709,735],"product_tag":[],"berocket_brand":[1993],"class_list":{"0":"post-110580","1":"product","2":"type-product","3":"status-publish","4":"has-post-thumbnail","6":"product_cat-kampanjatarjous-miehelle","7":"product_cat-miesten-eau-de-toilette","8":"product_cat-kampanjamme","9":"pa_brand-milano","10":"berocket_brand-milano","12":"first","13":"instock","14":"sale","15":"taxable","16":"shipping-taxable","17":"purchasable","18":"product-type-simple"},"_links":{"self":[{"href":"https:\/\/stylingagenten.com\/fi\/wp-json\/wp\/v2\/product\/110580","targetHints":{"allow":["GET"]}}],"collection":[{"href":"https:\/\/stylingagenten.com\/fi\/wp-json\/wp\/v2\/product"}],"about":[{"href":"https:\/\/stylingagenten.com\/fi\/wp-json\/wp\/v2\/types\/product"}],"replies":[{"embeddable":true,"href":"https:\/\/stylingagenten.com\/fi\/wp-json\/wp\/v2\/comments?post=110580"}],"version-history":[{"count":0,"href":"https:\/\/stylingagenten.com\/fi\/wp-json\/wp\/v2\/product\/110580\/revisions"}],"wp:featuredmedia":[{"embeddable":true,"href":"https:\/\/stylingagenten.com\/fi\/wp-json\/wp\/v2\/media\/110576"}],"wp:attachment":[{"href":"https:\/\/stylingagenten.com\/fi\/wp-json\/wp\/v2\/media?parent=110580"}],"wp:term":[{"taxonomy":"product_brand","embeddable":true,"href":"https:\/\/stylingagenten.com\/fi\/wp-json\/wp\/v2\/product_brand?post=110580"},{"taxonomy":"product_cat","embeddable":true,"href":"https:\/\/stylingagenten.com\/fi\/wp-json\/wp\/v2\/product_cat?post=110580"},{"taxonomy":"product_tag","embeddable":true,"href":"https:\/\/stylingagenten.com\/fi\/wp-json\/wp\/v2\/product_tag?post=110580"},{"taxonomy":"berocket_brand","embeddable":true,"href":"https:\/\/stylingagenten.com\/fi\/wp-json\/wp\/v2\/berocket_brand?post=110580"}],"curies":[{"name":"wp","href":"https:\/\/api.w.org\/{rel}","templated":true}]}}