{"id":110575,"date":"2025-05-18T20:55:53","date_gmt":"2025-05-18T20:55:53","guid":{"rendered":"https:\/\/staging2.stylingagenten.com\/fi\/produkt\/hermes-terre-dhermes-edt-30ml\/"},"modified":"2026-03-11T22:03:59","modified_gmt":"2026-03-11T22:03:59","slug":"hermes-terre-dhermes-edt-30ml","status":"publish","type":"product","link":"https:\/\/stylingagenten.com\/fi\/tuote\/hermes-terre-dhermes-edt-30ml\/","title":{"rendered":"Hermes Terre d&#8217;Hermes Edt 30ml"},"content":{"rendered":"<p>Herm\u00e8s Terre d\u2019Herm\u00e8s kuvataan matkaksi eri elementtien l\u00e4pi, yhdist\u00e4en s\u00e4ihkyvi\u00e4 sitrusvivahteita, mineraalisia piikivis\u00e4vyj\u00e4 ja aaltoja kasvillisuuden sek\u00e4 mausteiden tuoksuja.<\/p>\n<p>Tuoksunuotit: Greippi, Appelsiini, Piikivi, Pippuri, Pinkkipippuri, Geraniumin lehti, Patsuli, Setri, Vetiver &amp; Bentsoiini.<\/p>\n<p>30ml<\/p>\n","protected":false},"excerpt":{"rendered":"<p>Herm\u00e8s Terre d\u2019Herm\u00e8s kuvataan matkaksi eri elementtien l\u00e4pi, yhdist\u00e4en s\u00e4ihkyvi\u00e4 sitrusvivahteita, mineraalisia piikivis\u00e4vyj\u00e4 ja aaltoja kasvillisuuden sek\u00e4 mausteiden tuoksuja. Tuoksunuotit: Greippi, Appelsiini, Piikivi, Pippuri, Pinkkipippuri, Geraniumin lehti, Patsuli, Setri, Vetiver &amp; Bentsoiini. 30ml<\/p>\n","protected":false},"featured_media":110573,"comment_status":"open","ping_status":"closed","template":"","meta":{"_trash_the_other_posts":false},"product_brand":[],"product_cat":[1000,709,735],"product_tag":[2967],"berocket_brand":[1337],"class_list":{"0":"post-110575","1":"product","2":"type-product","3":"status-publish","4":"has-post-thumbnail","6":"product_cat-kampanjatarjous-miehelle","7":"product_cat-miesten-eau-de-toilette","8":"product_cat-kampanjamme","9":"product_tag-hermes-terre-dhermes-edt","10":"pa_brand-hermes","11":"pa_variantti-30ml","12":"berocket_brand-hermes","14":"first","15":"instock","16":"sale","17":"taxable","18":"shipping-taxable","19":"purchasable","20":"product-type-simple"},"_links":{"self":[{"href":"https:\/\/stylingagenten.com\/fi\/wp-json\/wp\/v2\/product\/110575","targetHints":{"allow":["GET"]}}],"collection":[{"href":"https:\/\/stylingagenten.com\/fi\/wp-json\/wp\/v2\/product"}],"about":[{"href":"https:\/\/stylingagenten.com\/fi\/wp-json\/wp\/v2\/types\/product"}],"replies":[{"embeddable":true,"href":"https:\/\/stylingagenten.com\/fi\/wp-json\/wp\/v2\/comments?post=110575"}],"version-history":[{"count":0,"href":"https:\/\/stylingagenten.com\/fi\/wp-json\/wp\/v2\/product\/110575\/revisions"}],"wp:featuredmedia":[{"embeddable":true,"href":"https:\/\/stylingagenten.com\/fi\/wp-json\/wp\/v2\/media\/110573"}],"wp:attachment":[{"href":"https:\/\/stylingagenten.com\/fi\/wp-json\/wp\/v2\/media?parent=110575"}],"wp:term":[{"taxonomy":"product_brand","embeddable":true,"href":"https:\/\/stylingagenten.com\/fi\/wp-json\/wp\/v2\/product_brand?post=110575"},{"taxonomy":"product_cat","embeddable":true,"href":"https:\/\/stylingagenten.com\/fi\/wp-json\/wp\/v2\/product_cat?post=110575"},{"taxonomy":"product_tag","embeddable":true,"href":"https:\/\/stylingagenten.com\/fi\/wp-json\/wp\/v2\/product_tag?post=110575"},{"taxonomy":"berocket_brand","embeddable":true,"href":"https:\/\/stylingagenten.com\/fi\/wp-json\/wp\/v2\/berocket_brand?post=110575"}],"curies":[{"name":"wp","href":"https:\/\/api.w.org\/{rel}","templated":true}]}}