{"id":110571,"date":"2025-05-18T20:55:53","date_gmt":"2025-05-18T20:55:53","guid":{"rendered":"https:\/\/staging2.stylingagenten.com\/fi\/produkt\/milano-man-nuit-edt-50ml\/"},"modified":"2026-04-10T06:59:16","modified_gmt":"2026-04-10T06:59:16","slug":"milano-man-nuit-edt-50ml","status":"publish","type":"product","link":"https:\/\/stylingagenten.com\/fi\/tuote\/milano-man-nuit-edt-50ml\/","title":{"rendered":"Milano Man Nuit Edt 50ml"},"content":{"rendered":"<p>Koe Milano Man Nuit Eau De Toilette Pour Homme Aftershaven eleganssi ja hienostuneisuus. T\u00e4m\u00e4 ylellinen tuoksu on t\u00e4ydellinen tyylikk\u00e4\u00e4lle miehelle, joka arvostaa hienoja tuoksuja.<\/p>\n<p>T\u00e4ss\u00e4 Eau de Toilette -tuoksussa on huippunotit bergamotista ja mausteisesta mustasta pippurista, joka avautuu r\u00e4j\u00e4ht\u00e4v\u00e4ll\u00e4 energialla ja j\u00e4nnityksell\u00e4. Tuoksun syd\u00e4mess\u00e4 on rikas sekoitus maskuliinisia kukkia ja l\u00e4mmint\u00e4 meripihkaa, luoden syvyyden ja monimutkaisuuden tunteen. Tuoksun pohja on juurtunut puumaisiin setripuun ja myskin nuotteihin, antaen sille vahvan ja kest\u00e4v\u00e4mm\u00e4n lopun.<\/p>\n<p>50ml<\/p>\n","protected":false},"excerpt":{"rendered":"<p>Koe Milano Man Nuit Eau De Toilette Pour Homme Aftershaven eleganssi ja hienostuneisuus. T\u00e4m\u00e4 ylellinen tuoksu on t\u00e4ydellinen tyylikk\u00e4\u00e4lle miehelle, joka arvostaa hienoja tuoksuja. T\u00e4ss\u00e4 Eau de Toilette -tuoksussa on huippunotit bergamotista ja mausteisesta mustasta pippurista, joka avautuu r\u00e4j\u00e4ht\u00e4v\u00e4ll\u00e4 energialla ja j\u00e4nnityksell\u00e4. Tuoksun syd\u00e4mess\u00e4 on rikas sekoitus maskuliinisia kukkia ja l\u00e4mmint\u00e4 meripihkaa, luoden syvyyden ja [&hellip;]<\/p>\n","protected":false},"featured_media":110565,"comment_status":"open","ping_status":"closed","template":"","meta":{"_trash_the_other_posts":false},"product_brand":[],"product_cat":[1000,709,735],"product_tag":[],"berocket_brand":[1993],"class_list":{"0":"post-110571","1":"product","2":"type-product","3":"status-publish","4":"has-post-thumbnail","6":"product_cat-kampanjatarjous-miehelle","7":"product_cat-miesten-eau-de-toilette","8":"product_cat-kampanjamme","9":"pa_brand-milano","10":"berocket_brand-milano","12":"first","13":"instock","14":"sale","15":"taxable","16":"shipping-taxable","17":"purchasable","18":"product-type-simple"},"_links":{"self":[{"href":"https:\/\/stylingagenten.com\/fi\/wp-json\/wp\/v2\/product\/110571","targetHints":{"allow":["GET"]}}],"collection":[{"href":"https:\/\/stylingagenten.com\/fi\/wp-json\/wp\/v2\/product"}],"about":[{"href":"https:\/\/stylingagenten.com\/fi\/wp-json\/wp\/v2\/types\/product"}],"replies":[{"embeddable":true,"href":"https:\/\/stylingagenten.com\/fi\/wp-json\/wp\/v2\/comments?post=110571"}],"version-history":[{"count":0,"href":"https:\/\/stylingagenten.com\/fi\/wp-json\/wp\/v2\/product\/110571\/revisions"}],"wp:featuredmedia":[{"embeddable":true,"href":"https:\/\/stylingagenten.com\/fi\/wp-json\/wp\/v2\/media\/110565"}],"wp:attachment":[{"href":"https:\/\/stylingagenten.com\/fi\/wp-json\/wp\/v2\/media?parent=110571"}],"wp:term":[{"taxonomy":"product_brand","embeddable":true,"href":"https:\/\/stylingagenten.com\/fi\/wp-json\/wp\/v2\/product_brand?post=110571"},{"taxonomy":"product_cat","embeddable":true,"href":"https:\/\/stylingagenten.com\/fi\/wp-json\/wp\/v2\/product_cat?post=110571"},{"taxonomy":"product_tag","embeddable":true,"href":"https:\/\/stylingagenten.com\/fi\/wp-json\/wp\/v2\/product_tag?post=110571"},{"taxonomy":"berocket_brand","embeddable":true,"href":"https:\/\/stylingagenten.com\/fi\/wp-json\/wp\/v2\/berocket_brand?post=110571"}],"curies":[{"name":"wp","href":"https:\/\/api.w.org\/{rel}","templated":true}]}}