{"id":110566,"date":"2025-05-18T20:55:53","date_gmt":"2025-05-18T20:55:53","guid":{"rendered":"https:\/\/staging2.stylingagenten.com\/fi\/produkt\/milano-man-leau-bleue-edt-50ml\/"},"modified":"2026-04-13T07:09:58","modified_gmt":"2026-04-13T07:09:58","slug":"milano-man-leau-bleue-edt-50ml","status":"publish","type":"product","link":"https:\/\/stylingagenten.com\/fi\/tuote\/milano-man-leau-bleue-edt-50ml\/","title":{"rendered":"Milano Man L\u2019Eau Bleue Edt 50ml"},"content":{"rendered":"<p>Milano Man L\u2019Eau Bleue Edt on pitk\u00e4kestoinen parfyymi miehille, jossa on raikas ja kiehtova tuoksu. Huippunotit ovat sitruunankuori, bergamotti, minttu ja malva; syd\u00e4ntuoksut ovat laventeli, ananas, geranium ja vihre\u00e4t nuotit; pohjatuoksut ovat santelipuu, setripuu, amberwood, Iso E Super ja tonkab\u00f6\u00f6na.<\/p>\n<p>50ml<\/p>\n","protected":false},"excerpt":{"rendered":"<p>Milano Man L\u2019Eau Bleue Edt on pitk\u00e4kestoinen parfyymi miehille, jossa on raikas ja kiehtova tuoksu. Huippunotit ovat sitruunankuori, bergamotti, minttu ja malva; syd\u00e4ntuoksut ovat laventeli, ananas, geranium ja vihre\u00e4t nuotit; pohjatuoksut ovat santelipuu, setripuu, amberwood, Iso E Super ja tonkab\u00f6\u00f6na. 50ml<\/p>\n","protected":false},"featured_media":110562,"comment_status":"open","ping_status":"closed","template":"","meta":{"_trash_the_other_posts":false},"product_brand":[],"product_cat":[1000,709,735],"product_tag":[],"berocket_brand":[1993],"class_list":{"0":"post-110566","1":"product","2":"type-product","3":"status-publish","4":"has-post-thumbnail","6":"product_cat-kampanjatarjous-miehelle","7":"product_cat-miesten-eau-de-toilette","8":"product_cat-kampanjamme","9":"pa_brand-milano","10":"berocket_brand-milano","12":"first","13":"instock","14":"sale","15":"taxable","16":"shipping-taxable","17":"purchasable","18":"product-type-simple"},"_links":{"self":[{"href":"https:\/\/stylingagenten.com\/fi\/wp-json\/wp\/v2\/product\/110566","targetHints":{"allow":["GET"]}}],"collection":[{"href":"https:\/\/stylingagenten.com\/fi\/wp-json\/wp\/v2\/product"}],"about":[{"href":"https:\/\/stylingagenten.com\/fi\/wp-json\/wp\/v2\/types\/product"}],"replies":[{"embeddable":true,"href":"https:\/\/stylingagenten.com\/fi\/wp-json\/wp\/v2\/comments?post=110566"}],"version-history":[{"count":0,"href":"https:\/\/stylingagenten.com\/fi\/wp-json\/wp\/v2\/product\/110566\/revisions"}],"wp:featuredmedia":[{"embeddable":true,"href":"https:\/\/stylingagenten.com\/fi\/wp-json\/wp\/v2\/media\/110562"}],"wp:attachment":[{"href":"https:\/\/stylingagenten.com\/fi\/wp-json\/wp\/v2\/media?parent=110566"}],"wp:term":[{"taxonomy":"product_brand","embeddable":true,"href":"https:\/\/stylingagenten.com\/fi\/wp-json\/wp\/v2\/product_brand?post=110566"},{"taxonomy":"product_cat","embeddable":true,"href":"https:\/\/stylingagenten.com\/fi\/wp-json\/wp\/v2\/product_cat?post=110566"},{"taxonomy":"product_tag","embeddable":true,"href":"https:\/\/stylingagenten.com\/fi\/wp-json\/wp\/v2\/product_tag?post=110566"},{"taxonomy":"berocket_brand","embeddable":true,"href":"https:\/\/stylingagenten.com\/fi\/wp-json\/wp\/v2\/berocket_brand?post=110566"}],"curies":[{"name":"wp","href":"https:\/\/api.w.org\/{rel}","templated":true}]}}