{"id":110557,"date":"2025-05-18T20:55:50","date_gmt":"2025-05-18T20:55:50","guid":{"rendered":"https:\/\/staging2.stylingagenten.com\/fi\/produkt\/gucci-guilty-pour-homme-edt-90ml\/"},"modified":"2026-04-08T15:30:31","modified_gmt":"2026-04-08T15:30:31","slug":"gucci-guilty-pour-homme-edt-90ml","status":"publish","type":"product","link":"https:\/\/stylingagenten.com\/fi\/tuote\/gucci-guilty-pour-homme-edt-90ml\/","title":{"rendered":"Gucci Guilty Pour Homme Edt 90ml"},"content":{"rendered":"<p>Gucci Guilty Pour Homme Eau de Toilette for Men on intensiivinen ja yksil\u00f6llinen moderni aromaattinen foug\u00e8re, joka sek\u00e4 provosoi ett\u00e4 viettelee. Maskuliininen klassikko, jossa on huumaava cocktail virkist\u00e4v\u00e4\u00e4 italialaista sitruunaa ja raikasta laventelia, jotka yhdess\u00e4 appelsiininkukan kanssa luovat lumoavan ja stimuloivan tuoksun.<\/p>\n<p>Kaikkien Gucci-hajuvesien tunnusmerkki on patsuli, joka yhdistyy setripuun ja santelipuun kanssa. N\u00e4m\u00e4 yhdess\u00e4 ambran kanssa luovat vahvan, maanl\u00e4heisen, mutta samalla eksoottisen sensuellin syv\u00e4n maskuliinisuuden. Lopputuloksena on ainutlaatuinen ja vastustamattoman vangitseva tuoksu.<\/p>\n<p>Yl\u00e4vivahteet: Sitruuna ja laventeli.<br \/>Syd\u00e4ntuoksu: Appelsiininkukka.<br \/>Pohjatuoksu: Setripuu.<\/p>\n<p>90ml<\/p>\n","protected":false},"excerpt":{"rendered":"<p>Gucci Guilty Pour Homme Eau de Toilette for Men on intensiivinen ja yksil\u00f6llinen moderni aromaattinen foug\u00e8re, joka sek\u00e4 provosoi ett\u00e4 viettelee. Maskuliininen klassikko, jossa on huumaava cocktail virkist\u00e4v\u00e4\u00e4 italialaista sitruunaa ja raikasta laventelia, jotka yhdess\u00e4 appelsiininkukan kanssa luovat lumoavan ja stimuloivan tuoksun. Kaikkien Gucci-hajuvesien tunnusmerkki on patsuli, joka yhdistyy setripuun ja santelipuun kanssa. N\u00e4m\u00e4 yhdess\u00e4 [&hellip;]<\/p>\n","protected":false},"featured_media":110552,"comment_status":"open","ping_status":"closed","template":"","meta":{"_trash_the_other_posts":false},"product_brand":[],"product_cat":[1000,709,735],"product_tag":[2944],"berocket_brand":[1329],"class_list":{"0":"post-110557","1":"product","2":"type-product","3":"status-publish","4":"has-post-thumbnail","6":"product_cat-kampanjatarjous-miehelle","7":"product_cat-miesten-eau-de-toilette","8":"product_cat-kampanjamme","9":"product_tag-gucci-guilty-pour-homme-edt","10":"pa_brand-gucci","11":"pa_variantti-90ml","12":"berocket_brand-gucci","14":"first","15":"instock","16":"sale","17":"taxable","18":"shipping-taxable","19":"purchasable","20":"product-type-simple"},"_links":{"self":[{"href":"https:\/\/stylingagenten.com\/fi\/wp-json\/wp\/v2\/product\/110557","targetHints":{"allow":["GET"]}}],"collection":[{"href":"https:\/\/stylingagenten.com\/fi\/wp-json\/wp\/v2\/product"}],"about":[{"href":"https:\/\/stylingagenten.com\/fi\/wp-json\/wp\/v2\/types\/product"}],"replies":[{"embeddable":true,"href":"https:\/\/stylingagenten.com\/fi\/wp-json\/wp\/v2\/comments?post=110557"}],"version-history":[{"count":0,"href":"https:\/\/stylingagenten.com\/fi\/wp-json\/wp\/v2\/product\/110557\/revisions"}],"wp:featuredmedia":[{"embeddable":true,"href":"https:\/\/stylingagenten.com\/fi\/wp-json\/wp\/v2\/media\/110552"}],"wp:attachment":[{"href":"https:\/\/stylingagenten.com\/fi\/wp-json\/wp\/v2\/media?parent=110557"}],"wp:term":[{"taxonomy":"product_brand","embeddable":true,"href":"https:\/\/stylingagenten.com\/fi\/wp-json\/wp\/v2\/product_brand?post=110557"},{"taxonomy":"product_cat","embeddable":true,"href":"https:\/\/stylingagenten.com\/fi\/wp-json\/wp\/v2\/product_cat?post=110557"},{"taxonomy":"product_tag","embeddable":true,"href":"https:\/\/stylingagenten.com\/fi\/wp-json\/wp\/v2\/product_tag?post=110557"},{"taxonomy":"berocket_brand","embeddable":true,"href":"https:\/\/stylingagenten.com\/fi\/wp-json\/wp\/v2\/berocket_brand?post=110557"}],"curies":[{"name":"wp","href":"https:\/\/api.w.org\/{rel}","templated":true}]}}