{"id":110549,"date":"2025-05-18T20:55:48","date_gmt":"2025-05-18T20:55:48","guid":{"rendered":"https:\/\/staging2.stylingagenten.com\/fi\/produkt\/giftset-hugo-boss-bottled-edt-50ml-deospray-150ml\/"},"modified":"2026-03-11T22:04:25","modified_gmt":"2026-03-11T22:04:25","slug":"giftset-hugo-boss-bottled-edt-50ml-deospray-150ml","status":"publish","type":"product","link":"https:\/\/stylingagenten.com\/fi\/tuote\/giftset-hugo-boss-bottled-edt-50ml-deospray-150ml\/","title":{"rendered":"Giftset Hugo Boss Bottled Edt 50ml + Deospray 150ml"},"content":{"rendered":"<p><strong>Sis\u00e4lt\u00e4\u00e4:&nbsp;<\/strong><br \/>Hugo Boss Bottle Edt 50ml<br \/>Hugo Boss Bottle Deodoranttisuihke 150ml<\/p>\n<p>Hugo Boss Bottle on raikas ja aistillinen tuoksu, jossa on sekoitus omena, mausteet ja aistilliset puun tuoksut. Todellinen klassikko modernille miehelle.<\/p>\n<p><strong>Tuoksutuoksut:<\/strong> bergamotti, omena, kaneli, tagetes, neilikka, setripuu, santelipuu, patsuli, meripihka, vetiver &amp; oliivipuu.<\/p>\n","protected":false},"excerpt":{"rendered":"<p>Sis\u00e4lt\u00e4\u00e4:&nbsp;Hugo Boss Bottle Edt 50mlHugo Boss Bottle Deodoranttisuihke 150ml Hugo Boss Bottle on raikas ja aistillinen tuoksu, jossa on sekoitus omena, mausteet ja aistilliset puun tuoksut. Todellinen klassikko modernille miehelle. Tuoksutuoksut: bergamotti, omena, kaneli, tagetes, neilikka, setripuu, santelipuu, patsuli, meripihka, vetiver &amp; oliivipuu.<\/p>\n","protected":false},"featured_media":110546,"comment_status":"open","ping_status":"closed","template":"","meta":{"_trash_the_other_posts":false},"product_brand":[],"product_cat":[1000,548,1003,735],"product_tag":[],"berocket_brand":[1339],"class_list":{"0":"post-110549","1":"product","2":"type-product","3":"status-publish","4":"has-post-thumbnail","6":"product_cat-kampanjatarjous-miehelle","7":"product_cat-gave-parfyme-herre","8":"product_cat-myydyimmat","9":"product_cat-kampanjamme","10":"pa_brand-hugo-boss","11":"berocket_brand-hugo-boss","13":"first","14":"instock","15":"sale","16":"taxable","17":"shipping-taxable","18":"purchasable","19":"product-type-simple"},"_links":{"self":[{"href":"https:\/\/stylingagenten.com\/fi\/wp-json\/wp\/v2\/product\/110549","targetHints":{"allow":["GET"]}}],"collection":[{"href":"https:\/\/stylingagenten.com\/fi\/wp-json\/wp\/v2\/product"}],"about":[{"href":"https:\/\/stylingagenten.com\/fi\/wp-json\/wp\/v2\/types\/product"}],"replies":[{"embeddable":true,"href":"https:\/\/stylingagenten.com\/fi\/wp-json\/wp\/v2\/comments?post=110549"}],"version-history":[{"count":0,"href":"https:\/\/stylingagenten.com\/fi\/wp-json\/wp\/v2\/product\/110549\/revisions"}],"wp:featuredmedia":[{"embeddable":true,"href":"https:\/\/stylingagenten.com\/fi\/wp-json\/wp\/v2\/media\/110546"}],"wp:attachment":[{"href":"https:\/\/stylingagenten.com\/fi\/wp-json\/wp\/v2\/media?parent=110549"}],"wp:term":[{"taxonomy":"product_brand","embeddable":true,"href":"https:\/\/stylingagenten.com\/fi\/wp-json\/wp\/v2\/product_brand?post=110549"},{"taxonomy":"product_cat","embeddable":true,"href":"https:\/\/stylingagenten.com\/fi\/wp-json\/wp\/v2\/product_cat?post=110549"},{"taxonomy":"product_tag","embeddable":true,"href":"https:\/\/stylingagenten.com\/fi\/wp-json\/wp\/v2\/product_tag?post=110549"},{"taxonomy":"berocket_brand","embeddable":true,"href":"https:\/\/stylingagenten.com\/fi\/wp-json\/wp\/v2\/berocket_brand?post=110549"}],"curies":[{"name":"wp","href":"https:\/\/api.w.org\/{rel}","templated":true}]}}