{"id":110538,"date":"2025-05-18T20:55:46","date_gmt":"2025-05-18T20:55:46","guid":{"rendered":"https:\/\/staging2.stylingagenten.com\/fi\/produkt\/giftset-hermes-terre-dhermes-edt-100ml-shower-gel-80ml\/"},"modified":"2026-03-11T22:05:12","modified_gmt":"2026-03-11T22:05:12","slug":"giftset-hermes-terre-dhermes-edt-100ml-shower-gel-80ml","status":"publish","type":"product","link":"https:\/\/stylingagenten.com\/fi\/tuote\/giftset-hermes-terre-dhermes-edt-100ml-shower-gel-80ml\/","title":{"rendered":"Giftset Hermes Terre d&#8217;Hermes Edt 100ml + Shower Gel 80ml"},"content":{"rendered":"<p>Hermes Terre d&#039;Hermesi\u00e4 kuvataan matkana useiden alkuaineiden l\u00e4pi, ja siin\u00e4 sekoittuvat kimaltelevat sitrushedelm\u00e4t, mineraaliset piikit ja kasvillisuuden aallot ja maustetuoksut.<\/p>\n<p><strong>Tuoksutuoksu:<\/strong> greippi, appelsiini, piikivi, pippuri, ruusupippuri, geraniumin lehti, patsuli, setri, vetivert, &amp; bentsoiini.<\/p>\n<p>Lahjapakkaus sis\u00e4lt\u00e4\u00e4:<br \/>Heremes Terre d&#039;Hermes Edt 100ml<br \/>Heremes Terre d&#039;Hermes suihkugeeli 80ml<\/p>\n","protected":false},"excerpt":{"rendered":"<p>Hermes Terre d&#039;Hermesi\u00e4 kuvataan matkana useiden alkuaineiden l\u00e4pi, ja siin\u00e4 sekoittuvat kimaltelevat sitrushedelm\u00e4t, mineraaliset piikit ja kasvillisuuden aallot ja maustetuoksut. Tuoksutuoksu: greippi, appelsiini, piikivi, pippuri, ruusupippuri, geraniumin lehti, patsuli, setri, vetivert, &amp; bentsoiini. Lahjapakkaus sis\u00e4lt\u00e4\u00e4:Heremes Terre d&#039;Hermes Edt 100mlHeremes Terre d&#039;Hermes suihkugeeli 80ml<\/p>\n","protected":false},"featured_media":110537,"comment_status":"open","ping_status":"closed","template":"","meta":{"_trash_the_other_posts":false},"product_brand":[],"product_cat":[1000,548,1003,735],"product_tag":[],"berocket_brand":[1337],"class_list":{"0":"post-110538","1":"product","2":"type-product","3":"status-publish","4":"has-post-thumbnail","6":"product_cat-kampanjatarjous-miehelle","7":"product_cat-gave-parfyme-herre","8":"product_cat-myydyimmat","9":"product_cat-kampanjamme","10":"pa_brand-hermes","11":"berocket_brand-hermes","13":"first","14":"instock","15":"sale","16":"taxable","17":"shipping-taxable","18":"purchasable","19":"product-type-simple"},"_links":{"self":[{"href":"https:\/\/stylingagenten.com\/fi\/wp-json\/wp\/v2\/product\/110538","targetHints":{"allow":["GET"]}}],"collection":[{"href":"https:\/\/stylingagenten.com\/fi\/wp-json\/wp\/v2\/product"}],"about":[{"href":"https:\/\/stylingagenten.com\/fi\/wp-json\/wp\/v2\/types\/product"}],"replies":[{"embeddable":true,"href":"https:\/\/stylingagenten.com\/fi\/wp-json\/wp\/v2\/comments?post=110538"}],"version-history":[{"count":0,"href":"https:\/\/stylingagenten.com\/fi\/wp-json\/wp\/v2\/product\/110538\/revisions"}],"wp:featuredmedia":[{"embeddable":true,"href":"https:\/\/stylingagenten.com\/fi\/wp-json\/wp\/v2\/media\/110537"}],"wp:attachment":[{"href":"https:\/\/stylingagenten.com\/fi\/wp-json\/wp\/v2\/media?parent=110538"}],"wp:term":[{"taxonomy":"product_brand","embeddable":true,"href":"https:\/\/stylingagenten.com\/fi\/wp-json\/wp\/v2\/product_brand?post=110538"},{"taxonomy":"product_cat","embeddable":true,"href":"https:\/\/stylingagenten.com\/fi\/wp-json\/wp\/v2\/product_cat?post=110538"},{"taxonomy":"product_tag","embeddable":true,"href":"https:\/\/stylingagenten.com\/fi\/wp-json\/wp\/v2\/product_tag?post=110538"},{"taxonomy":"berocket_brand","embeddable":true,"href":"https:\/\/stylingagenten.com\/fi\/wp-json\/wp\/v2\/berocket_brand?post=110538"}],"curies":[{"name":"wp","href":"https:\/\/api.w.org\/{rel}","templated":true}]}}