{"id":110530,"date":"2025-05-18T20:55:45","date_gmt":"2025-05-18T20:55:45","guid":{"rendered":"https:\/\/staging2.stylingagenten.com\/fi\/produkt\/giftset-paco-rabanne-invictus-edt-100ml-all-over-shampoo-100ml\/"},"modified":"2026-03-11T22:05:14","modified_gmt":"2026-03-11T22:05:14","slug":"giftset-paco-rabanne-invictus-edt-100ml-all-over-shampoo-100ml","status":"publish","type":"product","link":"https:\/\/stylingagenten.com\/fi\/tuote\/giftset-paco-rabanne-invictus-edt-100ml-all-over-shampoo-100ml\/","title":{"rendered":"Giftset Paco Rabanne Invictus Edt 100ml + All Over Shampoo 100ml"},"content":{"rendered":"<p>Lahjasetti Paco Rabanne Invictus Edt 100ml + All Over Shampoo 100ml<br \/>Hengit\u00e4 voiton tuoksu Invictuksella, Paco Rabannen uudella maskuliinisella tuoksulla. T\u00e4m\u00e4 aistillisen raikas tuoksu tuo modernin ilmeen maskuliinisuuteen. Tuoksu avautuu tuoreilla greipeill\u00e4, laakerinlehdill\u00e4 ja jasmiinilla, mik\u00e4 johtaa guajakkipuun, patchouli-, tammisammalten ja ambra-puun pohjaan. Moderni hajuvesi jokaiselle voittajalle, joka haluaa pysy\u00e4 tuoreena koko p\u00e4iv\u00e4n.<\/p>\n<p>T\u00e4m\u00e4 lahjasetti sis\u00e4lt\u00e4\u00e4:<br \/>\u2022Paco Rabanne Invictus Edt 100ml<br \/>\u2022Paco Rabanne All Over Shampoo 100ml<\/p>\n","protected":false},"excerpt":{"rendered":"<p>Lahjasetti Paco Rabanne Invictus Edt 100ml + All Over Shampoo 100mlHengit\u00e4 voiton tuoksu Invictuksella, Paco Rabannen uudella maskuliinisella tuoksulla. T\u00e4m\u00e4 aistillisen raikas tuoksu tuo modernin ilmeen maskuliinisuuteen. Tuoksu avautuu tuoreilla greipeill\u00e4, laakerinlehdill\u00e4 ja jasmiinilla, mik\u00e4 johtaa guajakkipuun, patchouli-, tammisammalten ja ambra-puun pohjaan. Moderni hajuvesi jokaiselle voittajalle, joka haluaa pysy\u00e4 tuoreena koko p\u00e4iv\u00e4n. T\u00e4m\u00e4 lahjasetti sis\u00e4lt\u00e4\u00e4:\u2022Paco [&hellip;]<\/p>\n","protected":false},"featured_media":110525,"comment_status":"open","ping_status":"closed","template":"","meta":{"_trash_the_other_posts":false},"product_brand":[],"product_cat":[1000,548,1003,735],"product_tag":[],"berocket_brand":[1048],"class_list":{"0":"post-110530","1":"product","2":"type-product","3":"status-publish","4":"has-post-thumbnail","6":"product_cat-kampanjatarjous-miehelle","7":"product_cat-gave-parfyme-herre","8":"product_cat-myydyimmat","9":"product_cat-kampanjamme","10":"pa_brand-paco-rabanne","11":"berocket_brand-paco-rabanne","13":"first","14":"instock","15":"sale","16":"taxable","17":"shipping-taxable","18":"purchasable","19":"product-type-simple"},"_links":{"self":[{"href":"https:\/\/stylingagenten.com\/fi\/wp-json\/wp\/v2\/product\/110530","targetHints":{"allow":["GET"]}}],"collection":[{"href":"https:\/\/stylingagenten.com\/fi\/wp-json\/wp\/v2\/product"}],"about":[{"href":"https:\/\/stylingagenten.com\/fi\/wp-json\/wp\/v2\/types\/product"}],"replies":[{"embeddable":true,"href":"https:\/\/stylingagenten.com\/fi\/wp-json\/wp\/v2\/comments?post=110530"}],"version-history":[{"count":0,"href":"https:\/\/stylingagenten.com\/fi\/wp-json\/wp\/v2\/product\/110530\/revisions"}],"wp:featuredmedia":[{"embeddable":true,"href":"https:\/\/stylingagenten.com\/fi\/wp-json\/wp\/v2\/media\/110525"}],"wp:attachment":[{"href":"https:\/\/stylingagenten.com\/fi\/wp-json\/wp\/v2\/media?parent=110530"}],"wp:term":[{"taxonomy":"product_brand","embeddable":true,"href":"https:\/\/stylingagenten.com\/fi\/wp-json\/wp\/v2\/product_brand?post=110530"},{"taxonomy":"product_cat","embeddable":true,"href":"https:\/\/stylingagenten.com\/fi\/wp-json\/wp\/v2\/product_cat?post=110530"},{"taxonomy":"product_tag","embeddable":true,"href":"https:\/\/stylingagenten.com\/fi\/wp-json\/wp\/v2\/product_tag?post=110530"},{"taxonomy":"berocket_brand","embeddable":true,"href":"https:\/\/stylingagenten.com\/fi\/wp-json\/wp\/v2\/berocket_brand?post=110530"}],"curies":[{"name":"wp","href":"https:\/\/api.w.org\/{rel}","templated":true}]}}