{"id":110513,"date":"2025-05-18T20:55:40","date_gmt":"2025-05-18T20:55:40","guid":{"rendered":"https:\/\/staging2.stylingagenten.com\/fi\/produkt\/acqua-di-parma-colonia-edc-100ml\/"},"modified":"2026-03-11T22:05:11","modified_gmt":"2026-03-11T22:05:11","slug":"acqua-di-parma-colonia-edc-100ml","status":"publish","type":"product","link":"https:\/\/stylingagenten.com\/fi\/tuote\/acqua-di-parma-colonia-edc-100ml\/","title":{"rendered":"Acqua di Parma Colonia Edc 100ml"},"content":{"rendered":"<p>Acqua Di Parma Colonia EDC on tuoksu, joka vie sinut matkalle Italiaan. Sitrushedelmien, kukkien ja puun raikas ja hienostunut tuoksu luo ylellisyyden ja eleganssin tunteen. Sill\u00e4 on pitk\u00e4kestoinen vaikutus ja se sopii sek\u00e4 p\u00e4ivitt\u00e4iseen k\u00e4ytt\u00f6\u00f6n ett\u00e4 erikoistilaisuuksiin. T\u00e4m\u00e4 ikoninen tuoksu on ollut julkkisten ja muoti-ikonien suosikki vuodesta 1916, joten se on ajaton valinta kaikille, jotka etsiv\u00e4t klassista mutta modernia tuoksua<br \/>Yl\u00e4tuoksu: sitrus, laventeli, rosmariini, Aloysia citrodora<br \/>Syd\u00e4ntuoksu: Ruusu , Vetiver, Myski, Jasmiini<br \/>Pohjatuoksu: meripihka, santelipuu ja patsuli<\/p>\n","protected":false},"excerpt":{"rendered":"<p>Acqua Di Parma Colonia EDC on tuoksu, joka vie sinut matkalle Italiaan. Sitrushedelmien, kukkien ja puun raikas ja hienostunut tuoksu luo ylellisyyden ja eleganssin tunteen. Sill\u00e4 on pitk\u00e4kestoinen vaikutus ja se sopii sek\u00e4 p\u00e4ivitt\u00e4iseen k\u00e4ytt\u00f6\u00f6n ett\u00e4 erikoistilaisuuksiin. T\u00e4m\u00e4 ikoninen tuoksu on ollut julkkisten ja muoti-ikonien suosikki vuodesta 1916, joten se on ajaton valinta kaikille, jotka [&hellip;]<\/p>\n","protected":false},"featured_media":110501,"comment_status":"open","ping_status":"closed","template":"","meta":{"_trash_the_other_posts":false},"product_brand":[],"product_cat":[710,1000,1003,735],"product_tag":[2336],"berocket_brand":[1161],"class_list":{"0":"post-110513","1":"product","2":"type-product","3":"status-publish","4":"has-post-thumbnail","6":"product_cat-eau-de-cologne-miehet","7":"product_cat-kampanjatarjous-miehelle","8":"product_cat-myydyimmat","9":"product_cat-kampanjamme","10":"product_tag-acqua-di-parma-colonia-edc","11":"pa_brand-acqua-di-parma","12":"pa_variantti-100ml","13":"berocket_brand-acqua-di-parma","15":"first","16":"instock","17":"sale","18":"taxable","19":"shipping-taxable","20":"purchasable","21":"product-type-simple"},"_links":{"self":[{"href":"https:\/\/stylingagenten.com\/fi\/wp-json\/wp\/v2\/product\/110513","targetHints":{"allow":["GET"]}}],"collection":[{"href":"https:\/\/stylingagenten.com\/fi\/wp-json\/wp\/v2\/product"}],"about":[{"href":"https:\/\/stylingagenten.com\/fi\/wp-json\/wp\/v2\/types\/product"}],"replies":[{"embeddable":true,"href":"https:\/\/stylingagenten.com\/fi\/wp-json\/wp\/v2\/comments?post=110513"}],"version-history":[{"count":0,"href":"https:\/\/stylingagenten.com\/fi\/wp-json\/wp\/v2\/product\/110513\/revisions"}],"wp:featuredmedia":[{"embeddable":true,"href":"https:\/\/stylingagenten.com\/fi\/wp-json\/wp\/v2\/media\/110501"}],"wp:attachment":[{"href":"https:\/\/stylingagenten.com\/fi\/wp-json\/wp\/v2\/media?parent=110513"}],"wp:term":[{"taxonomy":"product_brand","embeddable":true,"href":"https:\/\/stylingagenten.com\/fi\/wp-json\/wp\/v2\/product_brand?post=110513"},{"taxonomy":"product_cat","embeddable":true,"href":"https:\/\/stylingagenten.com\/fi\/wp-json\/wp\/v2\/product_cat?post=110513"},{"taxonomy":"product_tag","embeddable":true,"href":"https:\/\/stylingagenten.com\/fi\/wp-json\/wp\/v2\/product_tag?post=110513"},{"taxonomy":"berocket_brand","embeddable":true,"href":"https:\/\/stylingagenten.com\/fi\/wp-json\/wp\/v2\/berocket_brand?post=110513"}],"curies":[{"name":"wp","href":"https:\/\/api.w.org\/{rel}","templated":true}]}}