{"id":110509,"date":"2025-05-18T20:55:40","date_gmt":"2025-05-18T20:55:40","guid":{"rendered":"https:\/\/staging2.stylingagenten.com\/fi\/produkt\/giftset-hugo-boss-bottled-edt-100ml-shower-gel-100ml-edt-10ml\/"},"modified":"2026-03-11T22:05:07","modified_gmt":"2026-03-11T22:05:07","slug":"giftset-hugo-boss-bottled-edt-100ml-shower-gel-100ml-edt-10ml","status":"publish","type":"product","link":"https:\/\/stylingagenten.com\/fi\/tuote\/giftset-hugo-boss-bottled-edt-100ml-shower-gel-100ml-edt-10ml\/","title":{"rendered":"Giftset Hugo Boss Bottled Edt 100ml + Shower Gel 100ml + Edt 10ml"},"content":{"rendered":"<p>Lahjasetti Hugo Boss Bottled Edt 100ml + Suihkugeeli 100ml + Edt 10ml<br \/>BOSS Bottled on yksi maailman myydyimmist\u00e4 miesten hajuvedist\u00e4. Hajuvesi huokuu luottamusta ja on suunnattu miehelle, joka haluaa korostaa miesluonteensa aistillista ja emotionaalista puolta. BOSS Bottled on kuva modernista ja menestyv\u00e4st\u00e4 miehest\u00e4. Raikas punainen omena, sitruuna ja luumu tuovat mieleen mielenkiintoisen, hedelm\u00e4isen ja l\u00e4mmitt\u00e4v\u00e4n laadun. Vihre\u00e4 geranium, kaneli ja neilikka syd\u00e4mess\u00e4. Eloisat puun tuoksut yhdess\u00e4 vaniljan kanssa pohjassa antavat tuoksulle syvyytt\u00e4 ja aistivat vahvan maskuliinisen allekirjoituksen. Yl\u00e4osa: Apple. Syd\u00e4ntuoksu: Geranium, kaneli ja neilikka. Pohja: santelipuu, vetiveriapuu, setri ja vanilja<\/p>\n<p>Sis\u00e4lt\u00e4\u00e4:<br \/>Hugo Boss Bottled Edt 100ml<br \/>Hugo Boss Bottled Shower Gel 100ml <br \/>Hugo Boss Bottled Edt 10ml<\/p>\n","protected":false},"excerpt":{"rendered":"<p>Lahjasetti Hugo Boss Bottled Edt 100ml + Suihkugeeli 100ml + Edt 10mlBOSS Bottled on yksi maailman myydyimmist\u00e4 miesten hajuvedist\u00e4. Hajuvesi huokuu luottamusta ja on suunnattu miehelle, joka haluaa korostaa miesluonteensa aistillista ja emotionaalista puolta. BOSS Bottled on kuva modernista ja menestyv\u00e4st\u00e4 miehest\u00e4. Raikas punainen omena, sitruuna ja luumu tuovat mieleen mielenkiintoisen, hedelm\u00e4isen ja l\u00e4mmitt\u00e4v\u00e4n laadun. [&hellip;]<\/p>\n","protected":false},"featured_media":110502,"comment_status":"open","ping_status":"closed","template":"","meta":{"_trash_the_other_posts":false},"product_brand":[],"product_cat":[1000,548,1003,735],"product_tag":[],"berocket_brand":[1339],"class_list":{"0":"post-110509","1":"product","2":"type-product","3":"status-publish","4":"has-post-thumbnail","6":"product_cat-kampanjatarjous-miehelle","7":"product_cat-gave-parfyme-herre","8":"product_cat-myydyimmat","9":"product_cat-kampanjamme","10":"pa_brand-hugo-boss","11":"berocket_brand-hugo-boss","13":"first","14":"instock","15":"sale","16":"taxable","17":"shipping-taxable","18":"purchasable","19":"product-type-simple"},"_links":{"self":[{"href":"https:\/\/stylingagenten.com\/fi\/wp-json\/wp\/v2\/product\/110509","targetHints":{"allow":["GET"]}}],"collection":[{"href":"https:\/\/stylingagenten.com\/fi\/wp-json\/wp\/v2\/product"}],"about":[{"href":"https:\/\/stylingagenten.com\/fi\/wp-json\/wp\/v2\/types\/product"}],"replies":[{"embeddable":true,"href":"https:\/\/stylingagenten.com\/fi\/wp-json\/wp\/v2\/comments?post=110509"}],"version-history":[{"count":0,"href":"https:\/\/stylingagenten.com\/fi\/wp-json\/wp\/v2\/product\/110509\/revisions"}],"wp:featuredmedia":[{"embeddable":true,"href":"https:\/\/stylingagenten.com\/fi\/wp-json\/wp\/v2\/media\/110502"}],"wp:attachment":[{"href":"https:\/\/stylingagenten.com\/fi\/wp-json\/wp\/v2\/media?parent=110509"}],"wp:term":[{"taxonomy":"product_brand","embeddable":true,"href":"https:\/\/stylingagenten.com\/fi\/wp-json\/wp\/v2\/product_brand?post=110509"},{"taxonomy":"product_cat","embeddable":true,"href":"https:\/\/stylingagenten.com\/fi\/wp-json\/wp\/v2\/product_cat?post=110509"},{"taxonomy":"product_tag","embeddable":true,"href":"https:\/\/stylingagenten.com\/fi\/wp-json\/wp\/v2\/product_tag?post=110509"},{"taxonomy":"berocket_brand","embeddable":true,"href":"https:\/\/stylingagenten.com\/fi\/wp-json\/wp\/v2\/berocket_brand?post=110509"}],"curies":[{"name":"wp","href":"https:\/\/api.w.org\/{rel}","templated":true}]}}