{"id":110495,"date":"2025-05-18T20:55:39","date_gmt":"2025-05-18T20:55:39","guid":{"rendered":"https:\/\/staging2.stylingagenten.com\/fi\/produkt\/giftset-zadig-voltaire-this-is-him-edt-50ml-shower-gel-50ml\/"},"modified":"2026-03-11T22:03:55","modified_gmt":"2026-03-11T22:03:55","slug":"giftset-zadig-voltaire-this-is-him-edt-50ml-shower-gel-50ml","status":"publish","type":"product","link":"https:\/\/stylingagenten.com\/fi\/tuote\/giftset-zadig-voltaire-this-is-him-edt-50ml-shower-gel-50ml\/","title":{"rendered":"Giftset Zadig &amp; Voltaire This Is Him Edt 50ml + Shower Gel 50ml"},"content":{"rendered":"<p>Lahjasetti Zadig &amp; Voltaire This Is Him Edt 50ml + Suihkugeeli 50ml<br \/>Zadig &amp; Voltaire, helpoksi luksusksi luokiteltu merkki. Kolme arvoa ovat rock, taide ja Pariisi. Rokkaaminen on oma itsens\u00e4 olemista. Vapaa ja mukava kapinallisen eleganssisi kanssa ja t\u00e4ynn\u00e4 luottamusta.<br \/>T\u00e4m\u00e4 rock-herrasmies tuoksuu pippuriselle greippille, joka heijastaa t\u00e4m\u00e4n urbaanin, taiteellisen seikkailijan itseluottamusta. Eloisa l\u00e4mpim\u00e4ll\u00e4 vaniljan ja suitsukkeen syd\u00e4mell\u00e4. Pohjasta l\u00f6ytyy hienointa santelipuuta.<br \/>Sis\u00e4lt\u00e4\u00e4: Zadig &amp; Voltaire This Is Him Edt 50ml + suihkugeeli 50ml<\/p>\n","protected":false},"excerpt":{"rendered":"<p>Lahjasetti Zadig &amp; Voltaire This Is Him Edt 50ml + Suihkugeeli 50mlZadig &amp; Voltaire, helpoksi luksusksi luokiteltu merkki. Kolme arvoa ovat rock, taide ja Pariisi. Rokkaaminen on oma itsens\u00e4 olemista. Vapaa ja mukava kapinallisen eleganssisi kanssa ja t\u00e4ynn\u00e4 luottamusta.T\u00e4m\u00e4 rock-herrasmies tuoksuu pippuriselle greippille, joka heijastaa t\u00e4m\u00e4n urbaanin, taiteellisen seikkailijan itseluottamusta. Eloisa l\u00e4mpim\u00e4ll\u00e4 vaniljan ja suitsukkeen [&hellip;]<\/p>\n","protected":false},"featured_media":110492,"comment_status":"open","ping_status":"closed","template":"","meta":{"_trash_the_other_posts":false},"product_brand":[],"product_cat":[1000,709,1003,735],"product_tag":[],"berocket_brand":[1153],"class_list":{"0":"post-110495","1":"product","2":"type-product","3":"status-publish","4":"has-post-thumbnail","6":"product_cat-kampanjatarjous-miehelle","7":"product_cat-miesten-eau-de-toilette","8":"product_cat-myydyimmat","9":"product_cat-kampanjamme","10":"pa_brand-zadig-voltaire","11":"berocket_brand-zadig-voltaire","13":"first","14":"instock","15":"sale","16":"taxable","17":"shipping-taxable","18":"purchasable","19":"product-type-simple"},"_links":{"self":[{"href":"https:\/\/stylingagenten.com\/fi\/wp-json\/wp\/v2\/product\/110495","targetHints":{"allow":["GET"]}}],"collection":[{"href":"https:\/\/stylingagenten.com\/fi\/wp-json\/wp\/v2\/product"}],"about":[{"href":"https:\/\/stylingagenten.com\/fi\/wp-json\/wp\/v2\/types\/product"}],"replies":[{"embeddable":true,"href":"https:\/\/stylingagenten.com\/fi\/wp-json\/wp\/v2\/comments?post=110495"}],"version-history":[{"count":0,"href":"https:\/\/stylingagenten.com\/fi\/wp-json\/wp\/v2\/product\/110495\/revisions"}],"wp:featuredmedia":[{"embeddable":true,"href":"https:\/\/stylingagenten.com\/fi\/wp-json\/wp\/v2\/media\/110492"}],"wp:attachment":[{"href":"https:\/\/stylingagenten.com\/fi\/wp-json\/wp\/v2\/media?parent=110495"}],"wp:term":[{"taxonomy":"product_brand","embeddable":true,"href":"https:\/\/stylingagenten.com\/fi\/wp-json\/wp\/v2\/product_brand?post=110495"},{"taxonomy":"product_cat","embeddable":true,"href":"https:\/\/stylingagenten.com\/fi\/wp-json\/wp\/v2\/product_cat?post=110495"},{"taxonomy":"product_tag","embeddable":true,"href":"https:\/\/stylingagenten.com\/fi\/wp-json\/wp\/v2\/product_tag?post=110495"},{"taxonomy":"berocket_brand","embeddable":true,"href":"https:\/\/stylingagenten.com\/fi\/wp-json\/wp\/v2\/berocket_brand?post=110495"}],"curies":[{"name":"wp","href":"https:\/\/api.w.org\/{rel}","templated":true}]}}