{"id":110485,"date":"2025-05-18T20:55:36","date_gmt":"2025-05-18T20:55:36","guid":{"rendered":"https:\/\/staging2.stylingagenten.com\/fi\/produkt\/giftset-replay-green-on-me-man-edt-100ml-pochette\/"},"modified":"2026-01-26T11:56:27","modified_gmt":"2026-01-26T11:56:27","slug":"giftset-replay-green-on-me-man-edt-100ml-pochette","status":"publish","type":"product","link":"https:\/\/stylingagenten.com\/fi\/tuote\/giftset-replay-green-on-me-man-edt-100ml-pochette\/","title":{"rendered":"Giftset Replay Green On Me Man Edt 100ml + Pochette"},"content":{"rendered":"<p>Replay Green On Me Man Edt vie sinut matkalle vuorille, miss\u00e4 viheralueet levitt\u00e4ytyv\u00e4t, raikkaitten ja kirkkaiden l\u00e4hteiden keskelle, joissa luonteen tuoksut huumaavat. Elinvoimaiset lehdet kehyst\u00e4v\u00e4t maisemaa ja luovat harmonisia valotehosteita \u2013 kokemus, joka ottaa vastaan luonnon rikkauden.<\/p>\n<p>Yl\u00e4tuoksut: Kardemumma, Valkopippuri, Appelsiini<br \/>\n<br \/>Syd\u00e4ntuoksut: Kannabiksen kukka, Neilikka, Koiraorapihlaja<br \/>\n<br \/>Pohjatuoksut: Santelipuu, Iso E Super, Amberpuu<\/p>\n<p>Lahjasetti sis\u00e4lt\u00e4\u00e4:<br \/>\n<br \/>Replay Green On Me Man Edt 100ml<br \/>\n<br \/>Replay Denim Pochette<\/p>\n","protected":false},"excerpt":{"rendered":"<p>Replay Green On Me Man Edt vie sinut matkalle vuorille, miss\u00e4 viheralueet levitt\u00e4ytyv\u00e4t, raikkaitten ja kirkkaiden l\u00e4hteiden keskelle, joissa luonteen tuoksut huumaavat. Elinvoimaiset lehdet kehyst\u00e4v\u00e4t maisemaa ja luovat harmonisia valotehosteita \u2013 kokemus, joka ottaa vastaan luonnon rikkauden. Yl\u00e4tuoksut: Kardemumma, Valkopippuri, Appelsiini Syd\u00e4ntuoksut: Kannabiksen kukka, Neilikka, Koiraorapihlaja Pohjatuoksut: Santelipuu, Iso E Super, Amberpuu Lahjasetti sis\u00e4lt\u00e4\u00e4: Replay [&hellip;]<\/p>\n","protected":false},"featured_media":110470,"comment_status":"open","ping_status":"closed","template":"","meta":{"_trash_the_other_posts":false},"product_brand":[],"product_cat":[1000,548,709,735],"product_tag":[],"berocket_brand":[1120],"class_list":{"0":"post-110485","1":"product","2":"type-product","3":"status-publish","4":"has-post-thumbnail","6":"product_cat-kampanjatarjous-miehelle","7":"product_cat-gave-parfyme-herre","8":"product_cat-miesten-eau-de-toilette","9":"product_cat-kampanjamme","10":"pa_brand-replay","11":"berocket_brand-replay","13":"first","14":"instock","15":"sale","16":"taxable","17":"shipping-taxable","18":"purchasable","19":"product-type-simple"},"_links":{"self":[{"href":"https:\/\/stylingagenten.com\/fi\/wp-json\/wp\/v2\/product\/110485","targetHints":{"allow":["GET"]}}],"collection":[{"href":"https:\/\/stylingagenten.com\/fi\/wp-json\/wp\/v2\/product"}],"about":[{"href":"https:\/\/stylingagenten.com\/fi\/wp-json\/wp\/v2\/types\/product"}],"replies":[{"embeddable":true,"href":"https:\/\/stylingagenten.com\/fi\/wp-json\/wp\/v2\/comments?post=110485"}],"version-history":[{"count":0,"href":"https:\/\/stylingagenten.com\/fi\/wp-json\/wp\/v2\/product\/110485\/revisions"}],"wp:featuredmedia":[{"embeddable":true,"href":"https:\/\/stylingagenten.com\/fi\/wp-json\/wp\/v2\/media\/110470"}],"wp:attachment":[{"href":"https:\/\/stylingagenten.com\/fi\/wp-json\/wp\/v2\/media?parent=110485"}],"wp:term":[{"taxonomy":"product_brand","embeddable":true,"href":"https:\/\/stylingagenten.com\/fi\/wp-json\/wp\/v2\/product_brand?post=110485"},{"taxonomy":"product_cat","embeddable":true,"href":"https:\/\/stylingagenten.com\/fi\/wp-json\/wp\/v2\/product_cat?post=110485"},{"taxonomy":"product_tag","embeddable":true,"href":"https:\/\/stylingagenten.com\/fi\/wp-json\/wp\/v2\/product_tag?post=110485"},{"taxonomy":"berocket_brand","embeddable":true,"href":"https:\/\/stylingagenten.com\/fi\/wp-json\/wp\/v2\/berocket_brand?post=110485"}],"curies":[{"name":"wp","href":"https:\/\/api.w.org\/{rel}","templated":true}]}}