{"id":110481,"date":"2025-05-18T20:55:35","date_gmt":"2025-05-18T20:55:35","guid":{"rendered":"https:\/\/staging2.stylingagenten.com\/fi\/produkt\/giftset-replay-signature-red-dragon-man-edt-100ml-pochette\/"},"modified":"2026-03-26T07:59:29","modified_gmt":"2026-03-26T07:59:29","slug":"giftset-replay-signature-red-dragon-man-edt-100ml-pochette","status":"publish","type":"product","link":"https:\/\/stylingagenten.com\/fi\/tuote\/giftset-replay-signature-red-dragon-man-edt-100ml-pochette\/","title":{"rendered":"Giftset Replay Signature Red Dragon Man Edt 100ml + Pochette"},"content":{"rendered":"<p>Replay Signature Red Dragon for Man, upea punainen lohik\u00e4\u00e4rme koristaa pulloa ja viestii voimaa ja mystiikkaa. T\u00e4m\u00e4n parfyymin avulla miehet paljastavat arvoitukselliset sielunsa p\u00e4\u00e4tt\u00e4v\u00e4isyydell\u00e4, rohkeudella ja energialla. Tuoksu avautuu ros\u00e9pippurilla ja kardemummalla mausteisessa, s\u00e4ihkyv\u00e4ss\u00e4 leikiss\u00e4, joka siirtyy yll\u00e4tt\u00e4v\u00e4\u00e4n syd\u00e4ntuoksuun teen ja geraniumin kera ja yll\u00e4tt\u00e4\u00e4 meid\u00e4t valkoisten puiden ja vetiverin pohjatuoksulla. Ajaton ja aina tyylik\u00e4s tuoksu rohkealle ja hienostuneelle miehelle.<\/p>\n<p>Yl\u00e4tuoksut: Ros\u00e9pippuri, Kardemumma<br \/>\n<br \/>Syd\u00e4ntuoksut: Tee, Geranium<br \/>\n<br \/>Pohjatuoksut: Vetiver, Valkoiset Puuaromit<\/p>\n<p>Lahjasetti sis\u00e4lt\u00e4\u00e4:<br \/>\n<br \/>Replay Signature Red Dragon Man Edt 100ml<br \/>\n<br \/>Replay Denim Pochette<\/p>\n","protected":false},"excerpt":{"rendered":"<p>Replay Signature Red Dragon for Man, upea punainen lohik\u00e4\u00e4rme koristaa pulloa ja viestii voimaa ja mystiikkaa. T\u00e4m\u00e4n parfyymin avulla miehet paljastavat arvoitukselliset sielunsa p\u00e4\u00e4tt\u00e4v\u00e4isyydell\u00e4, rohkeudella ja energialla. Tuoksu avautuu ros\u00e9pippurilla ja kardemummalla mausteisessa, s\u00e4ihkyv\u00e4ss\u00e4 leikiss\u00e4, joka siirtyy yll\u00e4tt\u00e4v\u00e4\u00e4n syd\u00e4ntuoksuun teen ja geraniumin kera ja yll\u00e4tt\u00e4\u00e4 meid\u00e4t valkoisten puiden ja vetiverin pohjatuoksulla. Ajaton ja aina tyylik\u00e4s [&hellip;]<\/p>\n","protected":false},"featured_media":110462,"comment_status":"open","ping_status":"closed","template":"","meta":{"_trash_the_other_posts":false},"product_brand":[],"product_cat":[1000,548,709,735],"product_tag":[],"berocket_brand":[1120],"class_list":{"0":"post-110481","1":"product","2":"type-product","3":"status-publish","4":"has-post-thumbnail","6":"product_cat-kampanjatarjous-miehelle","7":"product_cat-gave-parfyme-herre","8":"product_cat-miesten-eau-de-toilette","9":"product_cat-kampanjamme","10":"pa_brand-replay","11":"berocket_brand-replay","13":"first","14":"instock","15":"sale","16":"taxable","17":"shipping-taxable","18":"purchasable","19":"product-type-simple"},"_links":{"self":[{"href":"https:\/\/stylingagenten.com\/fi\/wp-json\/wp\/v2\/product\/110481","targetHints":{"allow":["GET"]}}],"collection":[{"href":"https:\/\/stylingagenten.com\/fi\/wp-json\/wp\/v2\/product"}],"about":[{"href":"https:\/\/stylingagenten.com\/fi\/wp-json\/wp\/v2\/types\/product"}],"replies":[{"embeddable":true,"href":"https:\/\/stylingagenten.com\/fi\/wp-json\/wp\/v2\/comments?post=110481"}],"version-history":[{"count":0,"href":"https:\/\/stylingagenten.com\/fi\/wp-json\/wp\/v2\/product\/110481\/revisions"}],"wp:featuredmedia":[{"embeddable":true,"href":"https:\/\/stylingagenten.com\/fi\/wp-json\/wp\/v2\/media\/110462"}],"wp:attachment":[{"href":"https:\/\/stylingagenten.com\/fi\/wp-json\/wp\/v2\/media?parent=110481"}],"wp:term":[{"taxonomy":"product_brand","embeddable":true,"href":"https:\/\/stylingagenten.com\/fi\/wp-json\/wp\/v2\/product_brand?post=110481"},{"taxonomy":"product_cat","embeddable":true,"href":"https:\/\/stylingagenten.com\/fi\/wp-json\/wp\/v2\/product_cat?post=110481"},{"taxonomy":"product_tag","embeddable":true,"href":"https:\/\/stylingagenten.com\/fi\/wp-json\/wp\/v2\/product_tag?post=110481"},{"taxonomy":"berocket_brand","embeddable":true,"href":"https:\/\/stylingagenten.com\/fi\/wp-json\/wp\/v2\/berocket_brand?post=110481"}],"curies":[{"name":"wp","href":"https:\/\/api.w.org\/{rel}","templated":true}]}}