{"id":110476,"date":"2025-05-18T20:55:35","date_gmt":"2025-05-18T20:55:35","guid":{"rendered":"https:\/\/staging2.stylingagenten.com\/fi\/produkt\/giftset-replay-signature-man-edt-100ml-pochette\/"},"modified":"2026-04-10T14:28:26","modified_gmt":"2026-04-10T14:28:26","slug":"giftset-replay-signature-man-edt-100ml-pochette","status":"publish","type":"product","link":"https:\/\/stylingagenten.com\/fi\/tuote\/giftset-replay-signature-man-edt-100ml-pochette\/","title":{"rendered":"Giftset Replay Signature Man Edt 100ml + Pochette"},"content":{"rendered":"<p>Innovatiivisella muotoilullaan Replay Signature pyrkii siirt\u00e4m\u00e4\u00e4n Replay-malliston hengen hajuvesimaailmaan. Pullon ikonista muotoa korostavat kohokuviot molemmin puolin. Naamiointikuvio koristaa koko pulloa, mik\u00e4 tekee siit\u00e4 eritt\u00e4in huomiota her\u00e4tt\u00e4v\u00e4n. Tuoksu edustaa uutta, sykkiv\u00e4\u00e4 miehist\u00e4 sensuaalisuutta. Se lumoaa v\u00e4litt\u00f6m\u00e4sti erottuvalla ros\u00e9pippurin avausvivahteellaan, jota tukee raikas bergamotti ja l\u00e4mmin kaneli. Aromaattinen, minttuinen geranium ja voimakas muskottip\u00e4hkin\u00e4 luovat vahvan, maskuliinisen mausteisen sekoituksen, jota tasapainottavat palsamiruusu ja kuiva setripuu. Pohja on luotu jalopuista, jotka tuovat tuoksuun voimaa ja l\u00e4mp\u00f6\u00e4 yhdess\u00e4 hienovaraisten amber-myskin s\u00e4vyjen kanssa.<\/p>\n<p>Yl\u00e4tuoksut: Kaneli, Ros\u00e9pippuri, Bergamotti<br \/>\n<br \/>Syd\u00e4ntuoksut: Setripuu, Muskottip\u00e4hkin\u00e4, Ruusu, Geranium, Minttu<br \/>\n<br \/>Pohjatuoksut: Jalopuut<\/p>\n<p>Lahjasetti sis\u00e4lt\u00e4\u00e4:<br \/>\n<br \/>Replay Signature For Man Edt 100ml<br \/>\n<br \/>Replay Denim Pochette<\/p>\n","protected":false},"excerpt":{"rendered":"<p>Innovatiivisella muotoilullaan Replay Signature pyrkii siirt\u00e4m\u00e4\u00e4n Replay-malliston hengen hajuvesimaailmaan. Pullon ikonista muotoa korostavat kohokuviot molemmin puolin. Naamiointikuvio koristaa koko pulloa, mik\u00e4 tekee siit\u00e4 eritt\u00e4in huomiota her\u00e4tt\u00e4v\u00e4n. Tuoksu edustaa uutta, sykkiv\u00e4\u00e4 miehist\u00e4 sensuaalisuutta. Se lumoaa v\u00e4litt\u00f6m\u00e4sti erottuvalla ros\u00e9pippurin avausvivahteellaan, jota tukee raikas bergamotti ja l\u00e4mmin kaneli. Aromaattinen, minttuinen geranium ja voimakas muskottip\u00e4hkin\u00e4 luovat vahvan, maskuliinisen mausteisen [&hellip;]<\/p>\n","protected":false},"featured_media":110458,"comment_status":"open","ping_status":"closed","template":"","meta":{"_trash_the_other_posts":false},"product_brand":[],"product_cat":[1000,548,709,735],"product_tag":[],"berocket_brand":[1120],"class_list":{"0":"post-110476","1":"product","2":"type-product","3":"status-publish","4":"has-post-thumbnail","6":"product_cat-kampanjatarjous-miehelle","7":"product_cat-gave-parfyme-herre","8":"product_cat-miesten-eau-de-toilette","9":"product_cat-kampanjamme","10":"pa_brand-replay","11":"berocket_brand-replay","13":"first","14":"instock","15":"sale","16":"taxable","17":"shipping-taxable","18":"purchasable","19":"product-type-simple"},"_links":{"self":[{"href":"https:\/\/stylingagenten.com\/fi\/wp-json\/wp\/v2\/product\/110476","targetHints":{"allow":["GET"]}}],"collection":[{"href":"https:\/\/stylingagenten.com\/fi\/wp-json\/wp\/v2\/product"}],"about":[{"href":"https:\/\/stylingagenten.com\/fi\/wp-json\/wp\/v2\/types\/product"}],"replies":[{"embeddable":true,"href":"https:\/\/stylingagenten.com\/fi\/wp-json\/wp\/v2\/comments?post=110476"}],"version-history":[{"count":0,"href":"https:\/\/stylingagenten.com\/fi\/wp-json\/wp\/v2\/product\/110476\/revisions"}],"wp:featuredmedia":[{"embeddable":true,"href":"https:\/\/stylingagenten.com\/fi\/wp-json\/wp\/v2\/media\/110458"}],"wp:attachment":[{"href":"https:\/\/stylingagenten.com\/fi\/wp-json\/wp\/v2\/media?parent=110476"}],"wp:term":[{"taxonomy":"product_brand","embeddable":true,"href":"https:\/\/stylingagenten.com\/fi\/wp-json\/wp\/v2\/product_brand?post=110476"},{"taxonomy":"product_cat","embeddable":true,"href":"https:\/\/stylingagenten.com\/fi\/wp-json\/wp\/v2\/product_cat?post=110476"},{"taxonomy":"product_tag","embeddable":true,"href":"https:\/\/stylingagenten.com\/fi\/wp-json\/wp\/v2\/product_tag?post=110476"},{"taxonomy":"berocket_brand","embeddable":true,"href":"https:\/\/stylingagenten.com\/fi\/wp-json\/wp\/v2\/berocket_brand?post=110476"}],"curies":[{"name":"wp","href":"https:\/\/api.w.org\/{rel}","templated":true}]}}