{"id":110474,"date":"2025-05-18T20:55:35","date_gmt":"2025-05-18T20:55:35","guid":{"rendered":"https:\/\/staging2.stylingagenten.com\/fi\/produkt\/giftset-replay-signature-lovers-man-edt-100ml-pochette\/"},"modified":"2026-03-05T13:37:25","modified_gmt":"2026-03-05T13:37:25","slug":"giftset-replay-signature-lovers-man-edt-100ml-pochette","status":"publish","type":"product","link":"https:\/\/stylingagenten.com\/fi\/tuote\/giftset-replay-signature-lovers-man-edt-100ml-pochette\/","title":{"rendered":"Giftset Replay Signature Lovers Man Edt 100ml + Pochette"},"content":{"rendered":"<p>Replay Signature Lovers Man on koristeltu arvostetuilla tatuoinneilla, jotka v\u00e4litt\u00e4v\u00e4t viestin positiivisesta rakkaudesta Biker Replay -tyylill\u00e4. Tuoksu avautuu hedelm\u00e4isill\u00e4 s\u00e4vyill\u00e4, joissa on Luumua, Mandariinia ja Pomeloa, ja sulautuu syd\u00e4ntuoksuihin Kardemummaa, Laventelia ja Orvokkia, ja pohjatuoksuna on Labdanumia, Guajakpuuta ja Bourbon-Vetiveri\u00e4.<\/p>\n<p>Yl\u00e4tuoksut: Luumu, Mandariini, Pomelo<br \/>\n<br \/>Syd\u00e4ntuoksut: Kardemumma, Laventeli, Orvokki<br \/>\n<br \/>Pohjatuoksut: Labdanum, Guajakpuu, Bourbon-Vetiveri<\/p>\n<p>Lahjasetti sis\u00e4lt\u00e4\u00e4:<br \/>\n<br \/>Replay Signature Lovers Man Edt 100ml<br \/>\n<br \/>Replay Denim Pochette<\/p>\n","protected":false},"excerpt":{"rendered":"<p>Replay Signature Lovers Man on koristeltu arvostetuilla tatuoinneilla, jotka v\u00e4litt\u00e4v\u00e4t viestin positiivisesta rakkaudesta Biker Replay -tyylill\u00e4. Tuoksu avautuu hedelm\u00e4isill\u00e4 s\u00e4vyill\u00e4, joissa on Luumua, Mandariinia ja Pomeloa, ja sulautuu syd\u00e4ntuoksuihin Kardemummaa, Laventelia ja Orvokkia, ja pohjatuoksuna on Labdanumia, Guajakpuuta ja Bourbon-Vetiveri\u00e4. Yl\u00e4tuoksut: Luumu, Mandariini, Pomelo Syd\u00e4ntuoksut: Kardemumma, Laventeli, Orvokki Pohjatuoksut: Labdanum, Guajakpuu, Bourbon-Vetiveri Lahjasetti sis\u00e4lt\u00e4\u00e4: Replay [&hellip;]<\/p>\n","protected":false},"featured_media":110461,"comment_status":"open","ping_status":"closed","template":"","meta":{"_trash_the_other_posts":false},"product_brand":[],"product_cat":[1000,548,709,735],"product_tag":[],"berocket_brand":[1120],"class_list":{"0":"post-110474","1":"product","2":"type-product","3":"status-publish","4":"has-post-thumbnail","6":"product_cat-kampanjatarjous-miehelle","7":"product_cat-gave-parfyme-herre","8":"product_cat-miesten-eau-de-toilette","9":"product_cat-kampanjamme","10":"pa_brand-replay","11":"berocket_brand-replay","13":"first","14":"instock","15":"sale","16":"taxable","17":"shipping-taxable","18":"purchasable","19":"product-type-simple"},"_links":{"self":[{"href":"https:\/\/stylingagenten.com\/fi\/wp-json\/wp\/v2\/product\/110474","targetHints":{"allow":["GET"]}}],"collection":[{"href":"https:\/\/stylingagenten.com\/fi\/wp-json\/wp\/v2\/product"}],"about":[{"href":"https:\/\/stylingagenten.com\/fi\/wp-json\/wp\/v2\/types\/product"}],"replies":[{"embeddable":true,"href":"https:\/\/stylingagenten.com\/fi\/wp-json\/wp\/v2\/comments?post=110474"}],"version-history":[{"count":0,"href":"https:\/\/stylingagenten.com\/fi\/wp-json\/wp\/v2\/product\/110474\/revisions"}],"wp:featuredmedia":[{"embeddable":true,"href":"https:\/\/stylingagenten.com\/fi\/wp-json\/wp\/v2\/media\/110461"}],"wp:attachment":[{"href":"https:\/\/stylingagenten.com\/fi\/wp-json\/wp\/v2\/media?parent=110474"}],"wp:term":[{"taxonomy":"product_brand","embeddable":true,"href":"https:\/\/stylingagenten.com\/fi\/wp-json\/wp\/v2\/product_brand?post=110474"},{"taxonomy":"product_cat","embeddable":true,"href":"https:\/\/stylingagenten.com\/fi\/wp-json\/wp\/v2\/product_cat?post=110474"},{"taxonomy":"product_tag","embeddable":true,"href":"https:\/\/stylingagenten.com\/fi\/wp-json\/wp\/v2\/product_tag?post=110474"},{"taxonomy":"berocket_brand","embeddable":true,"href":"https:\/\/stylingagenten.com\/fi\/wp-json\/wp\/v2\/berocket_brand?post=110474"}],"curies":[{"name":"wp","href":"https:\/\/api.w.org\/{rel}","templated":true}]}}