{"id":110467,"date":"2025-05-18T20:55:34","date_gmt":"2025-05-18T20:55:34","guid":{"rendered":"https:\/\/staging2.stylingagenten.com\/fi\/produkt\/giftset-replay-source-of-life-man-edt-100ml-pochette\/"},"modified":"2026-03-16T10:25:27","modified_gmt":"2026-03-16T10:25:27","slug":"giftset-replay-source-of-life-man-edt-100ml-pochette","status":"publish","type":"product","link":"https:\/\/stylingagenten.com\/fi\/tuote\/giftset-replay-source-of-life-man-edt-100ml-pochette\/","title":{"rendered":"Giftset Replay Source Of Life Man Edt 100ml + Pochette"},"content":{"rendered":"<p>Source of Life Man Eau de Toilette on kunnianosoitus planeetallemme ja sen elementtien kauneudelle. Tuoksu, joka vangitsee kosteiden maan tuoksujen essenssin ja tarjoaa aisteillesi elvytt\u00e4v\u00e4n ja virkist\u00e4v\u00e4n kokemuksen. T\u00e4ydellinen tuoksu miehelle, joka haluaa p\u00e4ivitt\u00e4iseen rutiiniinsa energiaa ja virtaa.<\/p>\n<p>Yl\u00e4tuoksut: Elemi Filippiineilt\u00e4, Piparminttu L\u00e4nnen Yhdysvalloista, Balsami Resinoidi<br \/>\n<br \/>Syd\u00e4ntuoksut: Lavandin Grosso Ranskasta Orpur\u00ae, Kanelin kuori Laoksesta Orpur\u00ae, Kardemumma Intiasta Orpur\u00ae<br \/>\n<br \/>Pohjatuoksut: Virginia Sypressi Orpur\u00ae, Crunch Accord, Luonnollinen Vanilliini (neilikasta)<\/p>\n<p>Lahjasetti sis\u00e4lt\u00e4\u00e4:<br \/>\n<br \/>Replay Source of Life Man Edt 100ml<br \/>\n<br \/>Replay Denim Pochette<\/p>\n","protected":false},"excerpt":{"rendered":"<p>Source of Life Man Eau de Toilette on kunnianosoitus planeetallemme ja sen elementtien kauneudelle. Tuoksu, joka vangitsee kosteiden maan tuoksujen essenssin ja tarjoaa aisteillesi elvytt\u00e4v\u00e4n ja virkist\u00e4v\u00e4n kokemuksen. T\u00e4ydellinen tuoksu miehelle, joka haluaa p\u00e4ivitt\u00e4iseen rutiiniinsa energiaa ja virtaa. Yl\u00e4tuoksut: Elemi Filippiineilt\u00e4, Piparminttu L\u00e4nnen Yhdysvalloista, Balsami Resinoidi Syd\u00e4ntuoksut: Lavandin Grosso Ranskasta Orpur\u00ae, Kanelin kuori Laoksesta Orpur\u00ae, [&hellip;]<\/p>\n","protected":false},"featured_media":110457,"comment_status":"open","ping_status":"closed","template":"","meta":{"_trash_the_other_posts":false},"product_brand":[],"product_cat":[1000,548,709,735],"product_tag":[],"berocket_brand":[1120],"class_list":{"0":"post-110467","1":"product","2":"type-product","3":"status-publish","4":"has-post-thumbnail","6":"product_cat-kampanjatarjous-miehelle","7":"product_cat-gave-parfyme-herre","8":"product_cat-miesten-eau-de-toilette","9":"product_cat-kampanjamme","10":"pa_brand-replay","11":"berocket_brand-replay","13":"first","14":"instock","15":"sale","16":"taxable","17":"shipping-taxable","18":"purchasable","19":"product-type-simple"},"_links":{"self":[{"href":"https:\/\/stylingagenten.com\/fi\/wp-json\/wp\/v2\/product\/110467","targetHints":{"allow":["GET"]}}],"collection":[{"href":"https:\/\/stylingagenten.com\/fi\/wp-json\/wp\/v2\/product"}],"about":[{"href":"https:\/\/stylingagenten.com\/fi\/wp-json\/wp\/v2\/types\/product"}],"replies":[{"embeddable":true,"href":"https:\/\/stylingagenten.com\/fi\/wp-json\/wp\/v2\/comments?post=110467"}],"version-history":[{"count":0,"href":"https:\/\/stylingagenten.com\/fi\/wp-json\/wp\/v2\/product\/110467\/revisions"}],"wp:featuredmedia":[{"embeddable":true,"href":"https:\/\/stylingagenten.com\/fi\/wp-json\/wp\/v2\/media\/110457"}],"wp:attachment":[{"href":"https:\/\/stylingagenten.com\/fi\/wp-json\/wp\/v2\/media?parent=110467"}],"wp:term":[{"taxonomy":"product_brand","embeddable":true,"href":"https:\/\/stylingagenten.com\/fi\/wp-json\/wp\/v2\/product_brand?post=110467"},{"taxonomy":"product_cat","embeddable":true,"href":"https:\/\/stylingagenten.com\/fi\/wp-json\/wp\/v2\/product_cat?post=110467"},{"taxonomy":"product_tag","embeddable":true,"href":"https:\/\/stylingagenten.com\/fi\/wp-json\/wp\/v2\/product_tag?post=110467"},{"taxonomy":"berocket_brand","embeddable":true,"href":"https:\/\/stylingagenten.com\/fi\/wp-json\/wp\/v2\/berocket_brand?post=110467"}],"curies":[{"name":"wp","href":"https:\/\/api.w.org\/{rel}","templated":true}]}}