{"id":110432,"date":"2025-05-18T20:55:29","date_gmt":"2025-05-18T20:55:29","guid":{"rendered":"https:\/\/staging2.stylingagenten.com\/fi\/produkt\/2-pack-calvin-klein-obsession-for-men-deostick-75ml\/"},"modified":"2026-04-10T08:08:36","modified_gmt":"2026-04-10T08:08:36","slug":"2-pack-calvin-klein-obsession-for-men-deostick-75ml","status":"publish","type":"product","link":"https:\/\/stylingagenten.com\/fi\/tuote\/2-pack-calvin-klein-obsession-for-men-deostick-75ml\/","title":{"rendered":"2-pack Calvin Klein Obsession For Men Deostick 75ml"},"content":{"rendered":"<p>Calvin Klein Obsession For Men on voimakas, mausteinen ja l\u00e4mmin tuoksu, joka huokuu maskuliinisuutta ja intohimoa. Obsession For Men on Calvin Kleinin ensimm\u00e4inen miesten tuoksu.<\/p>\n<p><strong>Tuoksun tuoksu:<\/strong> mandariini, mirha, laventeli, muskottip\u00e4hkin\u00e4, neilikka, korianteri, apilan santelipuu, patsuli, vetiveria ja ambra. .<\/p>\n","protected":false},"excerpt":{"rendered":"<p>Calvin Klein Obsession For Men on voimakas, mausteinen ja l\u00e4mmin tuoksu, joka huokuu maskuliinisuutta ja intohimoa. Obsession For Men on Calvin Kleinin ensimm\u00e4inen miesten tuoksu. Tuoksun tuoksu: mandariini, mirha, laventeli, muskottip\u00e4hkin\u00e4, neilikka, korianteri, apilan santelipuu, patsuli, vetiveria ja ambra. .<\/p>\n","protected":false},"featured_media":110428,"comment_status":"open","ping_status":"closed","template":"","meta":{"_trash_the_other_posts":false},"product_brand":[],"product_cat":[1000,670,735],"product_tag":[],"berocket_brand":[1014],"class_list":{"0":"post-110432","1":"product","2":"type-product","3":"status-publish","4":"has-post-thumbnail","6":"product_cat-kampanjatarjous-miehelle","7":"product_cat-monipakkausdeodorantti","8":"product_cat-kampanjamme","9":"pa_brand-calvin-klein","10":"berocket_brand-calvin-klein","12":"first","13":"instock","14":"sale","15":"taxable","16":"shipping-taxable","17":"purchasable","18":"product-type-simple"},"_links":{"self":[{"href":"https:\/\/stylingagenten.com\/fi\/wp-json\/wp\/v2\/product\/110432","targetHints":{"allow":["GET"]}}],"collection":[{"href":"https:\/\/stylingagenten.com\/fi\/wp-json\/wp\/v2\/product"}],"about":[{"href":"https:\/\/stylingagenten.com\/fi\/wp-json\/wp\/v2\/types\/product"}],"replies":[{"embeddable":true,"href":"https:\/\/stylingagenten.com\/fi\/wp-json\/wp\/v2\/comments?post=110432"}],"version-history":[{"count":0,"href":"https:\/\/stylingagenten.com\/fi\/wp-json\/wp\/v2\/product\/110432\/revisions"}],"wp:featuredmedia":[{"embeddable":true,"href":"https:\/\/stylingagenten.com\/fi\/wp-json\/wp\/v2\/media\/110428"}],"wp:attachment":[{"href":"https:\/\/stylingagenten.com\/fi\/wp-json\/wp\/v2\/media?parent=110432"}],"wp:term":[{"taxonomy":"product_brand","embeddable":true,"href":"https:\/\/stylingagenten.com\/fi\/wp-json\/wp\/v2\/product_brand?post=110432"},{"taxonomy":"product_cat","embeddable":true,"href":"https:\/\/stylingagenten.com\/fi\/wp-json\/wp\/v2\/product_cat?post=110432"},{"taxonomy":"product_tag","embeddable":true,"href":"https:\/\/stylingagenten.com\/fi\/wp-json\/wp\/v2\/product_tag?post=110432"},{"taxonomy":"berocket_brand","embeddable":true,"href":"https:\/\/stylingagenten.com\/fi\/wp-json\/wp\/v2\/berocket_brand?post=110432"}],"curies":[{"name":"wp","href":"https:\/\/api.w.org\/{rel}","templated":true}]}}