{"id":110416,"date":"2025-05-18T20:55:26","date_gmt":"2025-05-18T20:55:26","guid":{"rendered":"https:\/\/staging2.stylingagenten.com\/fi\/produkt\/3-pack-calvin-klein-euphoria-for-men-deostick-75ml\/"},"modified":"2026-04-14T20:28:54","modified_gmt":"2026-04-14T20:28:54","slug":"3-pack-calvin-klein-euphoria-for-men-deostick-75ml","status":"publish","type":"product","link":"https:\/\/stylingagenten.com\/fi\/tuote\/3-pack-calvin-klein-euphoria-for-men-deostick-75ml\/","title":{"rendered":"3-pack Calvin Klein Euphoria For Men Deostick 75ml"},"content":{"rendered":"<p><strong>3-pakkaus Calvin Klein Euphoria For Men Deostick 75ml <br \/><\/strong>Deodoranttipuikko, jossa on sama hyv\u00e4 tuoksu kuin hajuvedell\u00e4.<\/p>\n<p>Euphoria For Men -s\u00e4vy on maskuliininen ja sitke\u00e4. mokkan, pippurin ja mausteiden tuoksu.<br \/>Tuoksutuoksua<strong>:<\/strong> pippuria, inkiv\u00e4\u00e4ri\u00e4, sudachia, setri\u00e4, salviaa, mustabasilikaa, patsulia, sekvoiaa, mokkanahkaa ja meripihkaa.<\/p>\n","protected":false},"excerpt":{"rendered":"<p>3-pakkaus Calvin Klein Euphoria For Men Deostick 75ml Deodoranttipuikko, jossa on sama hyv\u00e4 tuoksu kuin hajuvedell\u00e4. Euphoria For Men -s\u00e4vy on maskuliininen ja sitke\u00e4. mokkan, pippurin ja mausteiden tuoksu.Tuoksutuoksua: pippuria, inkiv\u00e4\u00e4ri\u00e4, sudachia, setri\u00e4, salviaa, mustabasilikaa, patsulia, sekvoiaa, mokkanahkaa ja meripihkaa.<\/p>\n","protected":false},"featured_media":110415,"comment_status":"open","ping_status":"closed","template":"","meta":{"_trash_the_other_posts":false},"product_brand":[],"product_cat":[796,1000,670,735],"product_tag":[],"berocket_brand":[1014],"class_list":{"0":"post-110416","1":"product","2":"type-product","3":"status-publish","4":"has-post-thumbnail","6":"product_cat-calvin-klein-euphoria-man","7":"product_cat-kampanjatarjous-miehelle","8":"product_cat-monipakkausdeodorantti","9":"product_cat-kampanjamme","10":"pa_brand-calvin-klein","11":"berocket_brand-calvin-klein","13":"first","14":"instock","15":"sale","16":"taxable","17":"shipping-taxable","18":"purchasable","19":"product-type-simple"},"_links":{"self":[{"href":"https:\/\/stylingagenten.com\/fi\/wp-json\/wp\/v2\/product\/110416","targetHints":{"allow":["GET"]}}],"collection":[{"href":"https:\/\/stylingagenten.com\/fi\/wp-json\/wp\/v2\/product"}],"about":[{"href":"https:\/\/stylingagenten.com\/fi\/wp-json\/wp\/v2\/types\/product"}],"replies":[{"embeddable":true,"href":"https:\/\/stylingagenten.com\/fi\/wp-json\/wp\/v2\/comments?post=110416"}],"version-history":[{"count":0,"href":"https:\/\/stylingagenten.com\/fi\/wp-json\/wp\/v2\/product\/110416\/revisions"}],"wp:featuredmedia":[{"embeddable":true,"href":"https:\/\/stylingagenten.com\/fi\/wp-json\/wp\/v2\/media\/110415"}],"wp:attachment":[{"href":"https:\/\/stylingagenten.com\/fi\/wp-json\/wp\/v2\/media?parent=110416"}],"wp:term":[{"taxonomy":"product_brand","embeddable":true,"href":"https:\/\/stylingagenten.com\/fi\/wp-json\/wp\/v2\/product_brand?post=110416"},{"taxonomy":"product_cat","embeddable":true,"href":"https:\/\/stylingagenten.com\/fi\/wp-json\/wp\/v2\/product_cat?post=110416"},{"taxonomy":"product_tag","embeddable":true,"href":"https:\/\/stylingagenten.com\/fi\/wp-json\/wp\/v2\/product_tag?post=110416"},{"taxonomy":"berocket_brand","embeddable":true,"href":"https:\/\/stylingagenten.com\/fi\/wp-json\/wp\/v2\/berocket_brand?post=110416"}],"curies":[{"name":"wp","href":"https:\/\/api.w.org\/{rel}","templated":true}]}}