{"id":110414,"date":"2025-05-18T20:55:25","date_gmt":"2025-05-18T20:55:25","guid":{"rendered":"https:\/\/staging2.stylingagenten.com\/fi\/produkt\/3-pack-hugo-boss-the-scent-deostick-75ml\/"},"modified":"2026-04-14T05:28:29","modified_gmt":"2026-04-14T05:28:29","slug":"3-pack-hugo-boss-the-scent-deostick-75ml","status":"publish","type":"product","link":"https:\/\/stylingagenten.com\/fi\/tuote\/3-pack-hugo-boss-the-scent-deostick-75ml\/","title":{"rendered":"3-pack Hugo Boss The Scent Deostick 75ml"},"content":{"rendered":"<p><strong>3-pakkaus Hugo Boss The Scent Deostick 75ml<\/strong><\/p>\n<p>Hugo Boss The Scent Deostick on deodorantti, jolla on sama hyv\u00e4 tuoksu kuin Hugo Boss The Scent -hajuvedell\u00e4.<br \/> Tuoksussa on t\u00e4ydellinen tasapaino itsevarmuuden ja v\u00e4linpit\u00e4m\u00e4tt\u00f6myyden v\u00e4lill\u00e4, ja se kest\u00e4\u00e4 pitk\u00e4\u00e4n.<\/p>\n<p><strong>Tuoksutuoksu:<\/strong> inkiv\u00e4\u00e4ri, laventeli, maninkan hedelm\u00e4t &amp; nahkaa.<\/p>\n","protected":false},"excerpt":{"rendered":"<p>3-pakkaus Hugo Boss The Scent Deostick 75ml Hugo Boss The Scent Deostick on deodorantti, jolla on sama hyv\u00e4 tuoksu kuin Hugo Boss The Scent -hajuvedell\u00e4. Tuoksussa on t\u00e4ydellinen tasapaino itsevarmuuden ja v\u00e4linpit\u00e4m\u00e4tt\u00f6myyden v\u00e4lill\u00e4, ja se kest\u00e4\u00e4 pitk\u00e4\u00e4n. Tuoksutuoksu: inkiv\u00e4\u00e4ri, laventeli, maninkan hedelm\u00e4t &amp; nahkaa.<\/p>\n","protected":false},"featured_media":110413,"comment_status":"open","ping_status":"closed","template":"","meta":{"_trash_the_other_posts":false},"product_brand":[],"product_cat":[756,1000,670,1003,735],"product_tag":[],"berocket_brand":[1339],"class_list":{"0":"post-110414","1":"product","2":"type-product","3":"status-publish","4":"has-post-thumbnail","6":"product_cat-hugo-boss-the-scent","7":"product_cat-kampanjatarjous-miehelle","8":"product_cat-monipakkausdeodorantti","9":"product_cat-myydyimmat","10":"product_cat-kampanjamme","11":"pa_brand-hugo-boss","12":"berocket_brand-hugo-boss","14":"first","15":"instock","16":"sale","17":"taxable","18":"shipping-taxable","19":"purchasable","20":"product-type-simple"},"_links":{"self":[{"href":"https:\/\/stylingagenten.com\/fi\/wp-json\/wp\/v2\/product\/110414","targetHints":{"allow":["GET"]}}],"collection":[{"href":"https:\/\/stylingagenten.com\/fi\/wp-json\/wp\/v2\/product"}],"about":[{"href":"https:\/\/stylingagenten.com\/fi\/wp-json\/wp\/v2\/types\/product"}],"replies":[{"embeddable":true,"href":"https:\/\/stylingagenten.com\/fi\/wp-json\/wp\/v2\/comments?post=110414"}],"version-history":[{"count":0,"href":"https:\/\/stylingagenten.com\/fi\/wp-json\/wp\/v2\/product\/110414\/revisions"}],"wp:featuredmedia":[{"embeddable":true,"href":"https:\/\/stylingagenten.com\/fi\/wp-json\/wp\/v2\/media\/110413"}],"wp:attachment":[{"href":"https:\/\/stylingagenten.com\/fi\/wp-json\/wp\/v2\/media?parent=110414"}],"wp:term":[{"taxonomy":"product_brand","embeddable":true,"href":"https:\/\/stylingagenten.com\/fi\/wp-json\/wp\/v2\/product_brand?post=110414"},{"taxonomy":"product_cat","embeddable":true,"href":"https:\/\/stylingagenten.com\/fi\/wp-json\/wp\/v2\/product_cat?post=110414"},{"taxonomy":"product_tag","embeddable":true,"href":"https:\/\/stylingagenten.com\/fi\/wp-json\/wp\/v2\/product_tag?post=110414"},{"taxonomy":"berocket_brand","embeddable":true,"href":"https:\/\/stylingagenten.com\/fi\/wp-json\/wp\/v2\/berocket_brand?post=110414"}],"curies":[{"name":"wp","href":"https:\/\/api.w.org\/{rel}","templated":true}]}}