{"id":110399,"date":"2025-05-18T20:55:23","date_gmt":"2025-05-18T20:55:23","guid":{"rendered":"https:\/\/staging2.stylingagenten.com\/fi\/produkt\/2-pack-hugo-boss-the-scent-deo-spray-150ml\/"},"modified":"2026-04-13T12:22:28","modified_gmt":"2026-04-13T12:22:28","slug":"2-pack-hugo-boss-the-scent-deo-spray-150ml","status":"publish","type":"product","link":"https:\/\/stylingagenten.com\/fi\/tuote\/2-pack-hugo-boss-the-scent-deo-spray-150ml\/","title":{"rendered":"2-pack Hugo Boss The Scent Deo Spray 150ml"},"content":{"rendered":"<p><strong>2-pakkaus Hugo Boss The Scent Deo Spray 150 ml<\/strong><\/p>\n<p>Hugo Boss The Scent Deodorant Spray on suihkedeodorantti, jossa on sama hyv\u00e4 tuoksu kuin Hugo Boss The Scent -hajuvedell\u00e4. <br \/>Tuoksussa on t\u00e4ydellinen tasapaino itsevarmuuden ja v\u00e4linpit\u00e4m\u00e4tt\u00f6myyden v\u00e4lill\u00e4, ja se kest\u00e4\u00e4 pitk\u00e4\u00e4n.<\/p>\n<p><strong>Tuoksutuoksu:<\/strong> inkiv\u00e4\u00e4ri, laventeli, maninkan hedelm\u00e4t &amp; nahkaa.<\/p>\n","protected":false},"excerpt":{"rendered":"<p>2-pakkaus Hugo Boss The Scent Deo Spray 150 ml Hugo Boss The Scent Deodorant Spray on suihkedeodorantti, jossa on sama hyv\u00e4 tuoksu kuin Hugo Boss The Scent -hajuvedell\u00e4. Tuoksussa on t\u00e4ydellinen tasapaino itsevarmuuden ja v\u00e4linpit\u00e4m\u00e4tt\u00f6myyden v\u00e4lill\u00e4, ja se kest\u00e4\u00e4 pitk\u00e4\u00e4n. Tuoksutuoksu: inkiv\u00e4\u00e4ri, laventeli, maninkan hedelm\u00e4t &amp; nahkaa.<\/p>\n","protected":false},"featured_media":110397,"comment_status":"open","ping_status":"closed","template":"","meta":{"_trash_the_other_posts":false},"product_brand":[],"product_cat":[670,1003],"product_tag":[],"berocket_brand":[1339],"class_list":{"0":"post-110399","1":"product","2":"type-product","3":"status-publish","4":"has-post-thumbnail","6":"product_cat-monipakkausdeodorantti","7":"product_cat-myydyimmat","8":"pa_brand-hugo-boss","9":"berocket_brand-hugo-boss","11":"first","12":"instock","13":"sale","14":"taxable","15":"shipping-taxable","16":"purchasable","17":"product-type-simple"},"_links":{"self":[{"href":"https:\/\/stylingagenten.com\/fi\/wp-json\/wp\/v2\/product\/110399","targetHints":{"allow":["GET"]}}],"collection":[{"href":"https:\/\/stylingagenten.com\/fi\/wp-json\/wp\/v2\/product"}],"about":[{"href":"https:\/\/stylingagenten.com\/fi\/wp-json\/wp\/v2\/types\/product"}],"replies":[{"embeddable":true,"href":"https:\/\/stylingagenten.com\/fi\/wp-json\/wp\/v2\/comments?post=110399"}],"version-history":[{"count":0,"href":"https:\/\/stylingagenten.com\/fi\/wp-json\/wp\/v2\/product\/110399\/revisions"}],"wp:featuredmedia":[{"embeddable":true,"href":"https:\/\/stylingagenten.com\/fi\/wp-json\/wp\/v2\/media\/110397"}],"wp:attachment":[{"href":"https:\/\/stylingagenten.com\/fi\/wp-json\/wp\/v2\/media?parent=110399"}],"wp:term":[{"taxonomy":"product_brand","embeddable":true,"href":"https:\/\/stylingagenten.com\/fi\/wp-json\/wp\/v2\/product_brand?post=110399"},{"taxonomy":"product_cat","embeddable":true,"href":"https:\/\/stylingagenten.com\/fi\/wp-json\/wp\/v2\/product_cat?post=110399"},{"taxonomy":"product_tag","embeddable":true,"href":"https:\/\/stylingagenten.com\/fi\/wp-json\/wp\/v2\/product_tag?post=110399"},{"taxonomy":"berocket_brand","embeddable":true,"href":"https:\/\/stylingagenten.com\/fi\/wp-json\/wp\/v2\/berocket_brand?post=110399"}],"curies":[{"name":"wp","href":"https:\/\/api.w.org\/{rel}","templated":true}]}}