{"id":110392,"date":"2025-05-18T20:55:22","date_gmt":"2025-05-18T20:55:22","guid":{"rendered":"https:\/\/staging2.stylingagenten.com\/fi\/produkt\/babor-eye-heavy-make-up-remover-100ml\/"},"modified":"2026-02-24T13:35:27","modified_gmt":"2026-02-24T13:35:27","slug":"babor-eye-heavy-make-up-remover-100ml","status":"publish","type":"product","link":"https:\/\/stylingagenten.com\/fi\/tuote\/babor-eye-heavy-make-up-remover-100ml\/","title":{"rendered":"BABOR Eye &amp; Heavy Make Up Remover 100ml"},"content":{"rendered":"<p>BABOR Eye &amp; Heavy Make Up Remover on kaksivaiheinen puhdistusaine silmille ja kasvoille. Hell\u00e4varainen koostumus valittujen \u00f6ljyjen avulla, joka poistaa tehokkaasti vedenkest\u00e4v\u00e4n meikin ja on samalla hell\u00e4varainen iholle ja ripsille. Rikastettu rauhoittavalla aloe veralla, provitamiini B5:ll\u00e4, E-vitamiinilla ja iltahelokki\u00f6ljyll\u00e4. J\u00e4tt\u00e4\u00e4 ihon, silm\u00e4t ja huulet t\u00e4ydellisesti puhtaiksi ilman, ett\u00e4 iholle j\u00e4\u00e4 rasvaista j\u00e4lekk\u00e4.<\/p>\n<p>100ml<\/p>\n","protected":false},"excerpt":{"rendered":"<p>BABOR Eye &amp; Heavy Make Up Remover on kaksivaiheinen puhdistusaine silmille ja kasvoille. Hell\u00e4varainen koostumus valittujen \u00f6ljyjen avulla, joka poistaa tehokkaasti vedenkest\u00e4v\u00e4n meikin ja on samalla hell\u00e4varainen iholle ja ripsille. Rikastettu rauhoittavalla aloe veralla, provitamiini B5:ll\u00e4, E-vitamiinilla ja iltahelokki\u00f6ljyll\u00e4. J\u00e4tt\u00e4\u00e4 ihon, silm\u00e4t ja huulet t\u00e4ydellisesti puhtaiksi ilman, ett\u00e4 iholle j\u00e4\u00e4 rasvaista j\u00e4lekk\u00e4. 100ml<\/p>\n","protected":false},"featured_media":110384,"comment_status":"open","ping_status":"closed","template":"","meta":{"_trash_the_other_posts":false},"product_brand":[],"product_cat":[999,653,735],"product_tag":[],"berocket_brand":[1987],"class_list":{"0":"post-110392","1":"product","2":"type-product","3":"status-publish","4":"has-post-thumbnail","6":"product_cat-kampanjatarjous-naiselle","7":"product_cat-meikin-poisto","8":"product_cat-kampanjamme","9":"pa_brand-babor","10":"berocket_brand-babor","12":"first","13":"instock","14":"sale","15":"taxable","16":"shipping-taxable","17":"purchasable","18":"product-type-simple"},"_links":{"self":[{"href":"https:\/\/stylingagenten.com\/fi\/wp-json\/wp\/v2\/product\/110392","targetHints":{"allow":["GET"]}}],"collection":[{"href":"https:\/\/stylingagenten.com\/fi\/wp-json\/wp\/v2\/product"}],"about":[{"href":"https:\/\/stylingagenten.com\/fi\/wp-json\/wp\/v2\/types\/product"}],"replies":[{"embeddable":true,"href":"https:\/\/stylingagenten.com\/fi\/wp-json\/wp\/v2\/comments?post=110392"}],"version-history":[{"count":0,"href":"https:\/\/stylingagenten.com\/fi\/wp-json\/wp\/v2\/product\/110392\/revisions"}],"wp:featuredmedia":[{"embeddable":true,"href":"https:\/\/stylingagenten.com\/fi\/wp-json\/wp\/v2\/media\/110384"}],"wp:attachment":[{"href":"https:\/\/stylingagenten.com\/fi\/wp-json\/wp\/v2\/media?parent=110392"}],"wp:term":[{"taxonomy":"product_brand","embeddable":true,"href":"https:\/\/stylingagenten.com\/fi\/wp-json\/wp\/v2\/product_brand?post=110392"},{"taxonomy":"product_cat","embeddable":true,"href":"https:\/\/stylingagenten.com\/fi\/wp-json\/wp\/v2\/product_cat?post=110392"},{"taxonomy":"product_tag","embeddable":true,"href":"https:\/\/stylingagenten.com\/fi\/wp-json\/wp\/v2\/product_tag?post=110392"},{"taxonomy":"berocket_brand","embeddable":true,"href":"https:\/\/stylingagenten.com\/fi\/wp-json\/wp\/v2\/berocket_brand?post=110392"}],"curies":[{"name":"wp","href":"https:\/\/api.w.org\/{rel}","templated":true}]}}