{"id":110382,"date":"2025-05-18T20:55:21","date_gmt":"2025-05-18T20:55:21","guid":{"rendered":"https:\/\/staging2.stylingagenten.com\/fi\/produkt\/babor-ampoule-concentrates-lift-express-7x2ml\/"},"modified":"2026-03-26T20:57:25","modified_gmt":"2026-03-26T20:57:25","slug":"babor-ampoule-concentrates-lift-express-7x2ml","status":"publish","type":"product","link":"https:\/\/stylingagenten.com\/fi\/tuote\/babor-ampoule-concentrates-lift-express-7x2ml\/","title":{"rendered":"BABOR Ampoule Concentrates Lift Express 7x2ml"},"content":{"rendered":"<p>BABOR Ampoule Concentrates Lift Express Ampullit ovat eksklusiivista ihonhoitoa sen tiivistetyimm\u00e4ss\u00e4 muodossa \u2013 BABORin ihonhoito-rutiinien syd\u00e4n kotona ja hoidoissa. Yksitt\u00e4iset annokset, joissa on pienimolekyylisi\u00e4 ainesosia, pakattuna 2 ml steriileihin lasiampulleihin. Hygieeniset ja hyvin s\u00e4ilytetyt ainesosat tarjoavat aktiivista ihonhoitoa, joka menee syvemm\u00e4lle kuin seerumi.<\/p>\n<p>3D Firming on yksitt\u00e4inen annos aktiivista konsentraattia \u2013 aktiivisempi kuin seerumi. Ylivertainen n\u00e4kyvi\u00e4 ik\u00e4\u00e4ntymisen merkkej\u00e4 vastaan! 3D firming tasoittaa, parantaa ihon kimmoisuutta ja vahvistaa kasvojen \u00e4\u00e4riviivoja. Kaikki tarjoten nostetta kiinte\u00e4mmille \u00e4\u00e4riviivoille, vahvemmalle leuankohdalle ja elastisemmalle iholle. Sis\u00e4lt\u00e4\u00e4 keltapoppeliuute, joka vahvistaa ja muotoilee kasvojen \u00e4\u00e4riviivoja, sek\u00e4 kosteuttavaa hyaluronihappoa.<\/p>\n<p>Kiinte\u00e4mm\u00e4t kasvojen \u00e4\u00e4riviivat ja vahvempi leuankohdan linja<\/p>\n<p>Tasoitusvaikutus<\/p>\n<p>Lis\u00e4\u00e4ntynyt kimmoisuus<\/p>\n<p>7x2ml<\/p>\n","protected":false},"excerpt":{"rendered":"<p>BABOR Ampoule Concentrates Lift Express Ampullit ovat eksklusiivista ihonhoitoa sen tiivistetyimm\u00e4ss\u00e4 muodossa \u2013 BABORin ihonhoito-rutiinien syd\u00e4n kotona ja hoidoissa. Yksitt\u00e4iset annokset, joissa on pienimolekyylisi\u00e4 ainesosia, pakattuna 2 ml steriileihin lasiampulleihin. Hygieeniset ja hyvin s\u00e4ilytetyt ainesosat tarjoavat aktiivista ihonhoitoa, joka menee syvemm\u00e4lle kuin seerumi. 3D Firming on yksitt\u00e4inen annos aktiivista konsentraattia \u2013 aktiivisempi kuin seerumi. Ylivertainen [&hellip;]<\/p>\n","protected":false},"featured_media":110369,"comment_status":"open","ping_status":"closed","template":"","meta":{"_trash_the_other_posts":false},"product_brand":[],"product_cat":[999,614,735],"product_tag":[],"berocket_brand":[1987],"class_list":{"0":"post-110382","1":"product","2":"type-product","3":"status-publish","4":"has-post-thumbnail","6":"product_cat-kampanjatarjous-naiselle","7":"product_cat-seerumi","8":"product_cat-kampanjamme","9":"pa_brand-babor","10":"berocket_brand-babor","12":"first","13":"instock","14":"sale","15":"taxable","16":"shipping-taxable","17":"purchasable","18":"product-type-simple"},"_links":{"self":[{"href":"https:\/\/stylingagenten.com\/fi\/wp-json\/wp\/v2\/product\/110382","targetHints":{"allow":["GET"]}}],"collection":[{"href":"https:\/\/stylingagenten.com\/fi\/wp-json\/wp\/v2\/product"}],"about":[{"href":"https:\/\/stylingagenten.com\/fi\/wp-json\/wp\/v2\/types\/product"}],"replies":[{"embeddable":true,"href":"https:\/\/stylingagenten.com\/fi\/wp-json\/wp\/v2\/comments?post=110382"}],"version-history":[{"count":0,"href":"https:\/\/stylingagenten.com\/fi\/wp-json\/wp\/v2\/product\/110382\/revisions"}],"wp:featuredmedia":[{"embeddable":true,"href":"https:\/\/stylingagenten.com\/fi\/wp-json\/wp\/v2\/media\/110369"}],"wp:attachment":[{"href":"https:\/\/stylingagenten.com\/fi\/wp-json\/wp\/v2\/media?parent=110382"}],"wp:term":[{"taxonomy":"product_brand","embeddable":true,"href":"https:\/\/stylingagenten.com\/fi\/wp-json\/wp\/v2\/product_brand?post=110382"},{"taxonomy":"product_cat","embeddable":true,"href":"https:\/\/stylingagenten.com\/fi\/wp-json\/wp\/v2\/product_cat?post=110382"},{"taxonomy":"product_tag","embeddable":true,"href":"https:\/\/stylingagenten.com\/fi\/wp-json\/wp\/v2\/product_tag?post=110382"},{"taxonomy":"berocket_brand","embeddable":true,"href":"https:\/\/stylingagenten.com\/fi\/wp-json\/wp\/v2\/berocket_brand?post=110382"}],"curies":[{"name":"wp","href":"https:\/\/api.w.org\/{rel}","templated":true}]}}