{"id":110378,"date":"2025-05-18T20:55:21","date_gmt":"2025-05-18T20:55:21","guid":{"rendered":"https:\/\/staging2.stylingagenten.com\/fi\/produkt\/babor-ampoule-concentrates-sos-calming-7x2ml\/"},"modified":"2026-03-10T02:47:32","modified_gmt":"2026-03-10T02:47:32","slug":"babor-ampoule-concentrates-sos-calming-7x2ml","status":"publish","type":"product","link":"https:\/\/stylingagenten.com\/fi\/tuote\/babor-ampoule-concentrates-sos-calming-7x2ml\/","title":{"rendered":"BABOR Ampoule Concentrates SOS Calming 7x2ml"},"content":{"rendered":"<p>BABOR Ampoule Concentrates SOS Calming Ampullit ovat eksklusiivista ihonhoitoa sen tiiviimm\u00e4ss\u00e4 muodossa \u2013 BABORin hoitojen syd\u00e4n kotona ja hoidoissa. Yksitt\u00e4ispakkaukset t\u00e4ynn\u00e4 pieni\u00e4 molekyylipitoisia ainesosia, pakattu 2 ml steriileihin lasiampulleihin. Hygieeniset ja hyvin s\u00e4ilytetyt ainesosat tarjoavat aktiivista ihonhoitoa, joka menee syvemm\u00e4lle kuin seerumi.<\/p>\n<p>Aloe Vera-pohjainen SOS-ampulli tuo rauhaa herk\u00e4lle, \u00e4rtyneelle ja stressaantuneelle iholle. Cherimoya hedelm\u00e4uute yhdess\u00e4 sieniuutteen kanssa v\u00e4hent\u00e4\u00e4 ihon herkkyytt\u00e4, reaktiivisuutta ja kutinaa. Iho palauttaa tasapainonsa, mik\u00e4 on my\u00f6s t\u00e4rke\u00e4\u00e4 stressiin liittyv\u00e4n ihon ik\u00e4\u00e4ntymisen ehk\u00e4isemiseksi. Rauhoittaa v\u00e4litt\u00f6m\u00e4sti ihoa auringossa oleskelun j\u00e4lkeen, lievitt\u00e4\u00e4 auringonpolttamaa, punoitusta ja kuumuutta. Auttaa ihoa toipumaan!<\/p>\n<p>7x2ml<\/p>\n","protected":false},"excerpt":{"rendered":"<p>BABOR Ampoule Concentrates SOS Calming Ampullit ovat eksklusiivista ihonhoitoa sen tiiviimm\u00e4ss\u00e4 muodossa \u2013 BABORin hoitojen syd\u00e4n kotona ja hoidoissa. Yksitt\u00e4ispakkaukset t\u00e4ynn\u00e4 pieni\u00e4 molekyylipitoisia ainesosia, pakattu 2 ml steriileihin lasiampulleihin. Hygieeniset ja hyvin s\u00e4ilytetyt ainesosat tarjoavat aktiivista ihonhoitoa, joka menee syvemm\u00e4lle kuin seerumi. Aloe Vera-pohjainen SOS-ampulli tuo rauhaa herk\u00e4lle, \u00e4rtyneelle ja stressaantuneelle iholle. Cherimoya hedelm\u00e4uute yhdess\u00e4 [&hellip;]<\/p>\n","protected":false},"featured_media":110362,"comment_status":"open","ping_status":"closed","template":"","meta":{"_trash_the_other_posts":false},"product_brand":[],"product_cat":[999,614,735],"product_tag":[],"berocket_brand":[1987],"class_list":{"0":"post-110378","1":"product","2":"type-product","3":"status-publish","4":"has-post-thumbnail","6":"product_cat-kampanjatarjous-naiselle","7":"product_cat-seerumi","8":"product_cat-kampanjamme","9":"pa_brand-babor","10":"berocket_brand-babor","12":"first","13":"instock","14":"sale","15":"taxable","16":"shipping-taxable","17":"purchasable","18":"product-type-simple"},"_links":{"self":[{"href":"https:\/\/stylingagenten.com\/fi\/wp-json\/wp\/v2\/product\/110378","targetHints":{"allow":["GET"]}}],"collection":[{"href":"https:\/\/stylingagenten.com\/fi\/wp-json\/wp\/v2\/product"}],"about":[{"href":"https:\/\/stylingagenten.com\/fi\/wp-json\/wp\/v2\/types\/product"}],"replies":[{"embeddable":true,"href":"https:\/\/stylingagenten.com\/fi\/wp-json\/wp\/v2\/comments?post=110378"}],"version-history":[{"count":0,"href":"https:\/\/stylingagenten.com\/fi\/wp-json\/wp\/v2\/product\/110378\/revisions"}],"wp:featuredmedia":[{"embeddable":true,"href":"https:\/\/stylingagenten.com\/fi\/wp-json\/wp\/v2\/media\/110362"}],"wp:attachment":[{"href":"https:\/\/stylingagenten.com\/fi\/wp-json\/wp\/v2\/media?parent=110378"}],"wp:term":[{"taxonomy":"product_brand","embeddable":true,"href":"https:\/\/stylingagenten.com\/fi\/wp-json\/wp\/v2\/product_brand?post=110378"},{"taxonomy":"product_cat","embeddable":true,"href":"https:\/\/stylingagenten.com\/fi\/wp-json\/wp\/v2\/product_cat?post=110378"},{"taxonomy":"product_tag","embeddable":true,"href":"https:\/\/stylingagenten.com\/fi\/wp-json\/wp\/v2\/product_tag?post=110378"},{"taxonomy":"berocket_brand","embeddable":true,"href":"https:\/\/stylingagenten.com\/fi\/wp-json\/wp\/v2\/berocket_brand?post=110378"}],"curies":[{"name":"wp","href":"https:\/\/api.w.org\/{rel}","templated":true}]}}