{"id":110344,"date":"2025-05-18T20:55:15","date_gmt":"2025-05-18T20:55:15","guid":{"rendered":"https:\/\/staging2.stylingagenten.com\/fi\/produkt\/revlon-charlie-gold-edt-100ml\/"},"modified":"2026-04-14T12:58:29","modified_gmt":"2026-04-14T12:58:29","slug":"revlon-charlie-gold-edt-100ml","status":"publish","type":"product","link":"https:\/\/stylingagenten.com\/fi\/tuote\/revlon-charlie-gold-edt-100ml\/","title":{"rendered":"Revlon Charlie Gold Edt 100ml"},"content":{"rendered":"<p>Revlon Charlie Gold on t\u00e4ydellinen tuoksu niille teist\u00e4, jotka pit\u00e4v\u00e4t makeista, l\u00e4mpimist\u00e4 ja aromaattisista tuoksuista, joissa on it\u00e4maista luonnetta. T\u00e4m\u00e4 naisten parfyymi on klassikko vuodelta 1995, ja siin\u00e4 on kukka- ja puuterimainen tuoksu, jossa on selke\u00e4t kanelin ja karamellin vivahteet.<\/p>\n<p><strong>Tuoksutuoksu:<\/strong> persikka, ruskea, ametisti, luumu, jasmiini, freesia, kaneli, myski, orvokki, santelipuu, setri, karamelli ja neilikka.<\/p>\n","protected":false},"excerpt":{"rendered":"<p>Revlon Charlie Gold on t\u00e4ydellinen tuoksu niille teist\u00e4, jotka pit\u00e4v\u00e4t makeista, l\u00e4mpimist\u00e4 ja aromaattisista tuoksuista, joissa on it\u00e4maista luonnetta. T\u00e4m\u00e4 naisten parfyymi on klassikko vuodelta 1995, ja siin\u00e4 on kukka- ja puuterimainen tuoksu, jossa on selke\u00e4t kanelin ja karamellin vivahteet. Tuoksutuoksu: persikka, ruskea, ametisti, luumu, jasmiini, freesia, kaneli, myski, orvokki, santelipuu, setri, karamelli ja neilikka.<\/p>\n","protected":false},"featured_media":110341,"comment_status":"open","ping_status":"closed","template":"","meta":{"_trash_the_other_posts":false},"product_brand":[],"product_cat":[999,1003,707,735],"product_tag":[],"berocket_brand":[1040],"class_list":{"0":"post-110344","1":"product","2":"type-product","3":"status-publish","4":"has-post-thumbnail","6":"product_cat-kampanjatarjous-naiselle","7":"product_cat-myydyimmat","8":"product_cat-naisten-eau-de-toilette","9":"product_cat-kampanjamme","10":"pa_brand-revlon","11":"berocket_brand-revlon","13":"first","14":"instock","15":"sale","16":"taxable","17":"shipping-taxable","18":"purchasable","19":"product-type-simple"},"_links":{"self":[{"href":"https:\/\/stylingagenten.com\/fi\/wp-json\/wp\/v2\/product\/110344","targetHints":{"allow":["GET"]}}],"collection":[{"href":"https:\/\/stylingagenten.com\/fi\/wp-json\/wp\/v2\/product"}],"about":[{"href":"https:\/\/stylingagenten.com\/fi\/wp-json\/wp\/v2\/types\/product"}],"replies":[{"embeddable":true,"href":"https:\/\/stylingagenten.com\/fi\/wp-json\/wp\/v2\/comments?post=110344"}],"version-history":[{"count":0,"href":"https:\/\/stylingagenten.com\/fi\/wp-json\/wp\/v2\/product\/110344\/revisions"}],"wp:featuredmedia":[{"embeddable":true,"href":"https:\/\/stylingagenten.com\/fi\/wp-json\/wp\/v2\/media\/110341"}],"wp:attachment":[{"href":"https:\/\/stylingagenten.com\/fi\/wp-json\/wp\/v2\/media?parent=110344"}],"wp:term":[{"taxonomy":"product_brand","embeddable":true,"href":"https:\/\/stylingagenten.com\/fi\/wp-json\/wp\/v2\/product_brand?post=110344"},{"taxonomy":"product_cat","embeddable":true,"href":"https:\/\/stylingagenten.com\/fi\/wp-json\/wp\/v2\/product_cat?post=110344"},{"taxonomy":"product_tag","embeddable":true,"href":"https:\/\/stylingagenten.com\/fi\/wp-json\/wp\/v2\/product_tag?post=110344"},{"taxonomy":"berocket_brand","embeddable":true,"href":"https:\/\/stylingagenten.com\/fi\/wp-json\/wp\/v2\/berocket_brand?post=110344"}],"curies":[{"name":"wp","href":"https:\/\/api.w.org\/{rel}","templated":true}]}}