{"id":110334,"date":"2025-05-18T20:55:14","date_gmt":"2025-05-18T20:55:14","guid":{"rendered":"https:\/\/staging2.stylingagenten.com\/fi\/produkt\/babor-hsr-lifting-anti-wrinkle-face-serum-30ml\/"},"modified":"2026-03-12T15:07:31","modified_gmt":"2026-03-12T15:07:31","slug":"babor-hsr-lifting-anti-wrinkle-face-serum-30ml","status":"publish","type":"product","link":"https:\/\/stylingagenten.com\/fi\/tuote\/babor-hsr-lifting-anti-wrinkle-face-serum-30ml\/","title":{"rendered":"BABOR HSR Lifting Anti-Wrinkle Face Serum 30ml"},"content":{"rendered":"<p>BABOR HSR Lifting Anti-Wrinkle Face Serum on asiantuntija linjoja ja ryppyj\u00e4 vastaan. Superkonsentraatti, jota k\u00e4ytet\u00e4\u00e4n yhdess\u00e4 HSR Lifting Cream\/Cream Richin kanssa maksimaalisen kohotustehosteen saavuttamiseksi. Tehokas kaikentyyppisi\u00e4 linjoja ja ryppyj\u00e4 vastaan, kuten ilmejuonteet, painovoimajuonteet, kuivumisjuonteet sek\u00e4 yksi t\u00e4rkeimmist\u00e4 ryppyjen syist\u00e4: ihon kimmoisuuden heikkeneminen. Aktivoi kollageenis\u00e4ikeiden muodostumista ja s\u00e4ilytt\u00e4\u00e4 ihon kimmoisuuden samalla, kun se v\u00e4hent\u00e4\u00e4 ryppyj\u00e4 kollageenis\u00e4ikeiden glykaation v\u00e4hent\u00e4misen avulla. Paranneltu luonnollisella glykosidilla, joka hidastaa uusien juonteiden ja ryppyjen syntymist\u00e4, sek\u00e4 luonnollisilla polysakkarideilla tyrnimarjoista, jotka antavat ihoa kiinteytt\u00e4v\u00e4n vaikutuksen. Ne luovat iholle kalvon, joka antaa v\u00e4litt\u00f6m\u00e4n tasoittavan vaikutuksen \u2013 &#8221;suodatin-ilmeen.&#8221;<\/p>\n<p>30ml<\/p>\n","protected":false},"excerpt":{"rendered":"<p>BABOR HSR Lifting Anti-Wrinkle Face Serum on asiantuntija linjoja ja ryppyj\u00e4 vastaan. Superkonsentraatti, jota k\u00e4ytet\u00e4\u00e4n yhdess\u00e4 HSR Lifting Cream\/Cream Richin kanssa maksimaalisen kohotustehosteen saavuttamiseksi. Tehokas kaikentyyppisi\u00e4 linjoja ja ryppyj\u00e4 vastaan, kuten ilmejuonteet, painovoimajuonteet, kuivumisjuonteet sek\u00e4 yksi t\u00e4rkeimmist\u00e4 ryppyjen syist\u00e4: ihon kimmoisuuden heikkeneminen. Aktivoi kollageenis\u00e4ikeiden muodostumista ja s\u00e4ilytt\u00e4\u00e4 ihon kimmoisuuden samalla, kun se v\u00e4hent\u00e4\u00e4 ryppyj\u00e4 kollageenis\u00e4ikeiden [&hellip;]<\/p>\n","protected":false},"featured_media":110322,"comment_status":"open","ping_status":"closed","template":"","meta":{"_trash_the_other_posts":false},"product_brand":[],"product_cat":[999,614,735],"product_tag":[],"berocket_brand":[1987],"class_list":{"0":"post-110334","1":"product","2":"type-product","3":"status-publish","4":"has-post-thumbnail","6":"product_cat-kampanjatarjous-naiselle","7":"product_cat-seerumi","8":"product_cat-kampanjamme","9":"pa_brand-babor","10":"berocket_brand-babor","12":"first","13":"instock","14":"sale","15":"taxable","16":"shipping-taxable","17":"purchasable","18":"product-type-simple"},"_links":{"self":[{"href":"https:\/\/stylingagenten.com\/fi\/wp-json\/wp\/v2\/product\/110334","targetHints":{"allow":["GET"]}}],"collection":[{"href":"https:\/\/stylingagenten.com\/fi\/wp-json\/wp\/v2\/product"}],"about":[{"href":"https:\/\/stylingagenten.com\/fi\/wp-json\/wp\/v2\/types\/product"}],"replies":[{"embeddable":true,"href":"https:\/\/stylingagenten.com\/fi\/wp-json\/wp\/v2\/comments?post=110334"}],"version-history":[{"count":0,"href":"https:\/\/stylingagenten.com\/fi\/wp-json\/wp\/v2\/product\/110334\/revisions"}],"wp:featuredmedia":[{"embeddable":true,"href":"https:\/\/stylingagenten.com\/fi\/wp-json\/wp\/v2\/media\/110322"}],"wp:attachment":[{"href":"https:\/\/stylingagenten.com\/fi\/wp-json\/wp\/v2\/media?parent=110334"}],"wp:term":[{"taxonomy":"product_brand","embeddable":true,"href":"https:\/\/stylingagenten.com\/fi\/wp-json\/wp\/v2\/product_brand?post=110334"},{"taxonomy":"product_cat","embeddable":true,"href":"https:\/\/stylingagenten.com\/fi\/wp-json\/wp\/v2\/product_cat?post=110334"},{"taxonomy":"product_tag","embeddable":true,"href":"https:\/\/stylingagenten.com\/fi\/wp-json\/wp\/v2\/product_tag?post=110334"},{"taxonomy":"berocket_brand","embeddable":true,"href":"https:\/\/stylingagenten.com\/fi\/wp-json\/wp\/v2\/berocket_brand?post=110334"}],"curies":[{"name":"wp","href":"https:\/\/api.w.org\/{rel}","templated":true}]}}