{"id":110333,"date":"2025-05-18T20:55:13","date_gmt":"2025-05-18T20:55:13","guid":{"rendered":"https:\/\/staging2.stylingagenten.com\/fi\/produkt\/juicy-couture-viva-la-juicy-rose-edp-100ml\/"},"modified":"2026-03-17T03:47:38","modified_gmt":"2026-03-17T03:47:38","slug":"juicy-couture-viva-la-juicy-rose-edp-100ml","status":"publish","type":"product","link":"https:\/\/stylingagenten.com\/fi\/tuote\/juicy-couture-viva-la-juicy-rose-edp-100ml\/","title":{"rendered":"Juicy Couture Viva La Juicy Rose Edp 100ml"},"content":{"rendered":"<p>Juicy Couture Viva La Juicy Rose Edp on naisten hajuvesi, joka on saanut inspiraationsa tytt\u00f6jen vapaasta persoonasta. T\u00e4m\u00e4 on tuore tulkinta tuoksuvasta alkuper\u00e4isest\u00e4.<\/p>\n<p><strong>Tuoksutuoksu:<\/strong> mandariini, p\u00e4\u00e4ryn\u00e4, jasmiini, ruusu, pioni, ambra, j\u00e4\u00e4 ja hartsi .<\/p>\n<p><span style=\"font-size: 11.0pt;line-height: 107%;font-family: 'Calibri',sans-serif;color: black\">&nbsp;<\/span><\/p>\n","protected":false},"excerpt":{"rendered":"<p>Juicy Couture Viva La Juicy Rose Edp on naisten hajuvesi, joka on saanut inspiraationsa tytt\u00f6jen vapaasta persoonasta. T\u00e4m\u00e4 on tuore tulkinta tuoksuvasta alkuper\u00e4isest\u00e4. Tuoksutuoksu: mandariini, p\u00e4\u00e4ryn\u00e4, jasmiini, ruusu, pioni, ambra, j\u00e4\u00e4 ja hartsi . &nbsp;<\/p>\n","protected":false},"featured_media":110319,"comment_status":"open","ping_status":"closed","template":"","meta":{"_trash_the_other_posts":false},"product_brand":[],"product_cat":[918,999,1003,706,735],"product_tag":[3094],"berocket_brand":[1067],"class_list":{"0":"post-110333","1":"product","2":"type-product","3":"status-publish","4":"has-post-thumbnail","6":"product_cat-juicy-couture-viva-la-juicy","7":"product_cat-kampanjatarjous-naiselle","8":"product_cat-myydyimmat","9":"product_cat-naisten-eau-de-parfum","10":"product_cat-kampanjamme","11":"product_tag-juicy-couture-viva-la-juicy-rose-edp","12":"pa_brand-juicy-couture","13":"pa_variantti-100ml","14":"berocket_brand-juicy-couture","16":"first","17":"instock","18":"sale","19":"taxable","20":"shipping-taxable","21":"purchasable","22":"product-type-simple"},"_links":{"self":[{"href":"https:\/\/stylingagenten.com\/fi\/wp-json\/wp\/v2\/product\/110333","targetHints":{"allow":["GET"]}}],"collection":[{"href":"https:\/\/stylingagenten.com\/fi\/wp-json\/wp\/v2\/product"}],"about":[{"href":"https:\/\/stylingagenten.com\/fi\/wp-json\/wp\/v2\/types\/product"}],"replies":[{"embeddable":true,"href":"https:\/\/stylingagenten.com\/fi\/wp-json\/wp\/v2\/comments?post=110333"}],"version-history":[{"count":0,"href":"https:\/\/stylingagenten.com\/fi\/wp-json\/wp\/v2\/product\/110333\/revisions"}],"wp:featuredmedia":[{"embeddable":true,"href":"https:\/\/stylingagenten.com\/fi\/wp-json\/wp\/v2\/media\/110319"}],"wp:attachment":[{"href":"https:\/\/stylingagenten.com\/fi\/wp-json\/wp\/v2\/media?parent=110333"}],"wp:term":[{"taxonomy":"product_brand","embeddable":true,"href":"https:\/\/stylingagenten.com\/fi\/wp-json\/wp\/v2\/product_brand?post=110333"},{"taxonomy":"product_cat","embeddable":true,"href":"https:\/\/stylingagenten.com\/fi\/wp-json\/wp\/v2\/product_cat?post=110333"},{"taxonomy":"product_tag","embeddable":true,"href":"https:\/\/stylingagenten.com\/fi\/wp-json\/wp\/v2\/product_tag?post=110333"},{"taxonomy":"berocket_brand","embeddable":true,"href":"https:\/\/stylingagenten.com\/fi\/wp-json\/wp\/v2\/berocket_brand?post=110333"}],"curies":[{"name":"wp","href":"https:\/\/api.w.org\/{rel}","templated":true}]}}