{"id":110301,"date":"2025-05-18T20:55:09","date_gmt":"2025-05-18T20:55:09","guid":{"rendered":"https:\/\/staging2.stylingagenten.com\/fi\/produkt\/elizabeth-arden-green-tea-mimosa-edt-100ml\/"},"modified":"2026-03-29T17:08:52","modified_gmt":"2026-03-29T17:08:52","slug":"elizabeth-arden-green-tea-mimosa-edt-100ml","status":"publish","type":"product","link":"https:\/\/stylingagenten.com\/fi\/tuote\/elizabeth-arden-green-tea-mimosa-edt-100ml\/","title":{"rendered":"Elizabeth Arden Green Tea Mimosa edt 100ml"},"content":{"rendered":"<p style='margin-top:0cm;margin-right:0cm;margin-bottom:8.0pt;margin-left:0cm;font-size:15px;font-family:\"Calibri\",sans-serif'> Elizabeth Arden Green Tea Mimosa on saanut inspiraationsa mimosan kukasta ja lis\u00e4\u00e4 jokaiseen naisen tuoksuun jotain lis\u00e4yst\u00e4. Ihanan l\u00e4mmin ja raikas tuoksu. Vihre\u00e4n teen yl\u00e4tuoksu ja eloisat sitrushedelm\u00e4t her\u00e4tt\u00e4v\u00e4t aistisi. Green Tea Mimosa lanseerattiin vuonna 2016.<\/p>\n<p style='margin: 0cm 0cm 8pt;font-family: \"Calibri\", sans-serif'>Yl\u00e4tuoksu: Vihre\u00e4 tee, violetti lehti, bergamotti, sisilialainen sitruuna, greippi.<br \/>Syd\u00e4ntuoksu: marokkolainen mimosa, valkoinen violetti, lila, akaasia.<br \/> Pohjatuoksu nuotit: Iris, Musk, Heliotrope, Malva.<\/p>\n","protected":false},"excerpt":{"rendered":"<p>Elizabeth Arden Green Tea Mimosa on saanut inspiraationsa mimosan kukasta ja lis\u00e4\u00e4 jokaiseen naisen tuoksuun jotain lis\u00e4yst\u00e4. Ihanan l\u00e4mmin ja raikas tuoksu. Vihre\u00e4n teen yl\u00e4tuoksu ja eloisat sitrushedelm\u00e4t her\u00e4tt\u00e4v\u00e4t aistisi. Green Tea Mimosa lanseerattiin vuonna 2016. Yl\u00e4tuoksu: Vihre\u00e4 tee, violetti lehti, bergamotti, sisilialainen sitruuna, greippi.Syd\u00e4ntuoksu: marokkolainen mimosa, valkoinen violetti, lila, akaasia. Pohjatuoksu nuotit: Iris, Musk, [&hellip;]<\/p>\n","protected":false},"featured_media":110294,"comment_status":"open","ping_status":"closed","template":"","meta":{"_trash_the_other_posts":false},"product_brand":[],"product_cat":[759,999,1003,707,735],"product_tag":[],"berocket_brand":[1303],"class_list":{"0":"post-110301","1":"product","2":"type-product","3":"status-publish","4":"has-post-thumbnail","6":"product_cat-elizabeth-arden-green-tea","7":"product_cat-kampanjatarjous-naiselle","8":"product_cat-myydyimmat","9":"product_cat-naisten-eau-de-toilette","10":"product_cat-kampanjamme","11":"pa_brand-elizabeth-arden","12":"berocket_brand-elizabeth-arden","14":"first","15":"instock","16":"sale","17":"taxable","18":"shipping-taxable","19":"purchasable","20":"product-type-simple"},"_links":{"self":[{"href":"https:\/\/stylingagenten.com\/fi\/wp-json\/wp\/v2\/product\/110301","targetHints":{"allow":["GET"]}}],"collection":[{"href":"https:\/\/stylingagenten.com\/fi\/wp-json\/wp\/v2\/product"}],"about":[{"href":"https:\/\/stylingagenten.com\/fi\/wp-json\/wp\/v2\/types\/product"}],"replies":[{"embeddable":true,"href":"https:\/\/stylingagenten.com\/fi\/wp-json\/wp\/v2\/comments?post=110301"}],"version-history":[{"count":0,"href":"https:\/\/stylingagenten.com\/fi\/wp-json\/wp\/v2\/product\/110301\/revisions"}],"wp:featuredmedia":[{"embeddable":true,"href":"https:\/\/stylingagenten.com\/fi\/wp-json\/wp\/v2\/media\/110294"}],"wp:attachment":[{"href":"https:\/\/stylingagenten.com\/fi\/wp-json\/wp\/v2\/media?parent=110301"}],"wp:term":[{"taxonomy":"product_brand","embeddable":true,"href":"https:\/\/stylingagenten.com\/fi\/wp-json\/wp\/v2\/product_brand?post=110301"},{"taxonomy":"product_cat","embeddable":true,"href":"https:\/\/stylingagenten.com\/fi\/wp-json\/wp\/v2\/product_cat?post=110301"},{"taxonomy":"product_tag","embeddable":true,"href":"https:\/\/stylingagenten.com\/fi\/wp-json\/wp\/v2\/product_tag?post=110301"},{"taxonomy":"berocket_brand","embeddable":true,"href":"https:\/\/stylingagenten.com\/fi\/wp-json\/wp\/v2\/berocket_brand?post=110301"}],"curies":[{"name":"wp","href":"https:\/\/api.w.org\/{rel}","templated":true}]}}