{"id":110291,"date":"2025-05-18T20:55:05","date_gmt":"2025-05-18T20:55:05","guid":{"rendered":"https:\/\/staging2.stylingagenten.com\/fi\/produkt\/estee-lauder-youth-dew-edp-67ml\/"},"modified":"2026-04-14T09:24:25","modified_gmt":"2026-04-14T09:24:25","slug":"estee-lauder-youth-dew-edp-67ml","status":"publish","type":"product","link":"https:\/\/stylingagenten.com\/fi\/tuote\/estee-lauder-youth-dew-edp-67ml\/","title":{"rendered":"Estee Lauder Youth Dew Edp 67ml"},"content":{"rendered":"<p>Estee Lauder Youth Dew\u00e4 on kutsuttu yhdeksi seksikk\u00e4immist\u00e4 koskaan luoduista tuoksuista. Ajaton esanssi, joka her\u00e4tt\u00e4\u00e4 aistit it\u00e4maisella sekoituksellaan ja dramaattisella l\u00e4mm\u00f6ll\u00e4.<\/p>\n<p><strong>Tuoksutuoksu:<\/strong> ruusu, narsissi, laventeli, jasmiini, kielo, mausteet, sammal, vetiveria\u00f6ljy ja amp. ; patsuli.<\/p>\n","protected":false},"excerpt":{"rendered":"<p>Estee Lauder Youth Dew\u00e4 on kutsuttu yhdeksi seksikk\u00e4immist\u00e4 koskaan luoduista tuoksuista. Ajaton esanssi, joka her\u00e4tt\u00e4\u00e4 aistit it\u00e4maisella sekoituksellaan ja dramaattisella l\u00e4mm\u00f6ll\u00e4. Tuoksutuoksu: ruusu, narsissi, laventeli, jasmiini, kielo, mausteet, sammal, vetiveria\u00f6ljy ja amp. ; patsuli.<\/p>\n","protected":false},"featured_media":110288,"comment_status":"open","ping_status":"closed","template":"","meta":{"_trash_the_other_posts":false},"product_brand":[],"product_cat":[999,1003,706,735],"product_tag":[],"berocket_brand":[1309],"class_list":{"0":"post-110291","1":"product","2":"type-product","3":"status-publish","4":"has-post-thumbnail","6":"product_cat-kampanjatarjous-naiselle","7":"product_cat-myydyimmat","8":"product_cat-naisten-eau-de-parfum","9":"product_cat-kampanjamme","10":"pa_brand-estee-lauder","11":"berocket_brand-estee-lauder","13":"first","14":"instock","15":"sale","16":"taxable","17":"shipping-taxable","18":"purchasable","19":"product-type-simple"},"_links":{"self":[{"href":"https:\/\/stylingagenten.com\/fi\/wp-json\/wp\/v2\/product\/110291","targetHints":{"allow":["GET"]}}],"collection":[{"href":"https:\/\/stylingagenten.com\/fi\/wp-json\/wp\/v2\/product"}],"about":[{"href":"https:\/\/stylingagenten.com\/fi\/wp-json\/wp\/v2\/types\/product"}],"replies":[{"embeddable":true,"href":"https:\/\/stylingagenten.com\/fi\/wp-json\/wp\/v2\/comments?post=110291"}],"version-history":[{"count":0,"href":"https:\/\/stylingagenten.com\/fi\/wp-json\/wp\/v2\/product\/110291\/revisions"}],"wp:featuredmedia":[{"embeddable":true,"href":"https:\/\/stylingagenten.com\/fi\/wp-json\/wp\/v2\/media\/110288"}],"wp:attachment":[{"href":"https:\/\/stylingagenten.com\/fi\/wp-json\/wp\/v2\/media?parent=110291"}],"wp:term":[{"taxonomy":"product_brand","embeddable":true,"href":"https:\/\/stylingagenten.com\/fi\/wp-json\/wp\/v2\/product_brand?post=110291"},{"taxonomy":"product_cat","embeddable":true,"href":"https:\/\/stylingagenten.com\/fi\/wp-json\/wp\/v2\/product_cat?post=110291"},{"taxonomy":"product_tag","embeddable":true,"href":"https:\/\/stylingagenten.com\/fi\/wp-json\/wp\/v2\/product_tag?post=110291"},{"taxonomy":"berocket_brand","embeddable":true,"href":"https:\/\/stylingagenten.com\/fi\/wp-json\/wp\/v2\/berocket_brand?post=110291"}],"curies":[{"name":"wp","href":"https:\/\/api.w.org\/{rel}","templated":true}]}}