{"id":110272,"date":"2025-05-18T20:55:01","date_gmt":"2025-05-18T20:55:01","guid":{"rendered":"https:\/\/staging2.stylingagenten.com\/fi\/produkt\/lacoste-touch-of-pink-edt-50ml\/"},"modified":"2026-04-01T10:58:45","modified_gmt":"2026-04-01T10:58:45","slug":"lacoste-touch-of-pink-edt-50ml","status":"publish","type":"product","link":"https:\/\/stylingagenten.com\/fi\/tuote\/lacoste-touch-of-pink-edt-50ml\/","title":{"rendered":"Lacoste Touch Of Pink Edt 50ml"},"content":{"rendered":"<p>Lacoste Touch Of Pink on nuori, ainutlaatuinen ja moderni hajuvesi. Leikkis\u00e4 tuoksu nuorelle ja spontaanille naiselle, joka nauttii el\u00e4m\u00e4st\u00e4 yst\u00e4viens\u00e4 kanssa.<\/p>\n<p><strong>Tuoksun tuoksu:<\/strong> korianterinlehti, veriappelsiini, kardemumma, sambac jasmiini, orvokki, porkkana, santelipuu, myski &amp; vanilja.<\/p>\n","protected":false},"excerpt":{"rendered":"<p>Lacoste Touch Of Pink on nuori, ainutlaatuinen ja moderni hajuvesi. Leikkis\u00e4 tuoksu nuorelle ja spontaanille naiselle, joka nauttii el\u00e4m\u00e4st\u00e4 yst\u00e4viens\u00e4 kanssa. Tuoksun tuoksu: korianterinlehti, veriappelsiini, kardemumma, sambac jasmiini, orvokki, porkkana, santelipuu, myski &amp; vanilja.<\/p>\n","protected":false},"featured_media":110264,"comment_status":"open","ping_status":"closed","template":"","meta":{"_trash_the_other_posts":false},"product_brand":[],"product_cat":[707],"product_tag":[3183],"berocket_brand":[1066],"class_list":{"0":"post-110272","1":"product","2":"type-product","3":"status-publish","4":"has-post-thumbnail","6":"product_cat-naisten-eau-de-toilette","7":"product_tag-lacoste-touch-of-pink-edt","8":"pa_brand-lacoste","9":"pa_variantti-50ml","10":"berocket_brand-lacoste","12":"first","13":"outofstock","14":"sale","15":"taxable","16":"shipping-taxable","17":"purchasable","18":"product-type-simple"},"_links":{"self":[{"href":"https:\/\/stylingagenten.com\/fi\/wp-json\/wp\/v2\/product\/110272","targetHints":{"allow":["GET"]}}],"collection":[{"href":"https:\/\/stylingagenten.com\/fi\/wp-json\/wp\/v2\/product"}],"about":[{"href":"https:\/\/stylingagenten.com\/fi\/wp-json\/wp\/v2\/types\/product"}],"replies":[{"embeddable":true,"href":"https:\/\/stylingagenten.com\/fi\/wp-json\/wp\/v2\/comments?post=110272"}],"version-history":[{"count":0,"href":"https:\/\/stylingagenten.com\/fi\/wp-json\/wp\/v2\/product\/110272\/revisions"}],"wp:featuredmedia":[{"embeddable":true,"href":"https:\/\/stylingagenten.com\/fi\/wp-json\/wp\/v2\/media\/110264"}],"wp:attachment":[{"href":"https:\/\/stylingagenten.com\/fi\/wp-json\/wp\/v2\/media?parent=110272"}],"wp:term":[{"taxonomy":"product_brand","embeddable":true,"href":"https:\/\/stylingagenten.com\/fi\/wp-json\/wp\/v2\/product_brand?post=110272"},{"taxonomy":"product_cat","embeddable":true,"href":"https:\/\/stylingagenten.com\/fi\/wp-json\/wp\/v2\/product_cat?post=110272"},{"taxonomy":"product_tag","embeddable":true,"href":"https:\/\/stylingagenten.com\/fi\/wp-json\/wp\/v2\/product_tag?post=110272"},{"taxonomy":"berocket_brand","embeddable":true,"href":"https:\/\/stylingagenten.com\/fi\/wp-json\/wp\/v2\/berocket_brand?post=110272"}],"curies":[{"name":"wp","href":"https:\/\/api.w.org\/{rel}","templated":true}]}}